{"id":91,"date":"2021-04-13T09:02:00","date_gmt":"2021-04-13T09:02:00","guid":{"rendered":"https:\/\/www.pelerinages-namurois.be\/?page_id=91"},"modified":"2026-02-24T13:43:30","modified_gmt":"2026-02-24T13:43:30","slug":"lourdes","status":"publish","type":"page","link":"https:\/\/www.pelerinages-namurois.be\/index.php\/destinations\/lourdes\/","title":{"rendered":"Lourdes"},"content":{"rendered":"<p><img fetchpriority=\"high\" decoding=\"async\" class=\"wp-image-398 aligncenter\" src=\"https:\/\/www.pelerinages-namurois.be\/wp-content\/uploads\/2021\/04\/balon17.jpeg\" alt=\"\" width=\"515\" height=\"322\" srcset=\"https:\/\/www.pelerinages-namurois.be\/wp-content\/uploads\/2021\/04\/balon17.jpeg 683w, https:\/\/www.pelerinages-namurois.be\/wp-content\/uploads\/2021\/04\/balon17-600x375.jpeg 600w, https:\/\/www.pelerinages-namurois.be\/wp-content\/uploads\/2021\/04\/balon17-300x188.jpeg 300w\" sizes=\"(max-width: 515px) 100vw, 515px\" \/><\/p>\n<p>&nbsp;<\/p>\n<p style=\"text-align: center;\"><span style=\"color: #000080;\"><strong>Nos prochains p\u00e8lerinages \u00e0 Lourdes<\/strong> <em>(cliquez sur la section de votre choix)<\/em><strong> :<\/strong><\/span><\/p>\n<p style=\"text-align: center;\"><span style=\"color: #3366ff;\"><a style=\"color: #3366ff;\" href=\"https:\/\/www.pelerinages-namurois.be\/index.php\/lourdes-car\/\">&#8212; Lourdes en car en passant par Nevers, du 6 au 11 juillet 2026<\/a><\/span><\/p>\n<p style=\"text-align: center;\"><span style=\"color: #3366ff;\"><a style=\"color: #3366ff;\" href=\"https:\/\/www.pelerinages-namurois.be\/index.php\/destinations\/lourdes\/lourdes-par-tgv\/\">&#8212; Lourdes en TGV du 12 au 18 juillet 2026<\/a><\/span><\/p>\n<p style=\"text-align: center;\"><span style=\"color: #3366ff;\"><a style=\"color: #3366ff;\" href=\"https:\/\/www.pelerinages-namurois.be\/index.php\/destinations\/lourdes\/lourdes-par-tgv\/\">&#8212; Lourdes en TGV du 3 au 9 septembre 2026<\/a><\/span><\/p>\n<p style=\"text-align: center;\"><span style=\"color: #3366ff;\"><a style=\"color: #3366ff;\" href=\"https:\/\/www.pelerinages-namurois.be\/index.php\/lourdes-moins-valides\/\">&#8212; Lourdes pour les p\u00e8lerins malades et moins valides<\/a><\/span><\/p>\n<p style=\"text-align: center;\"><span style=\"color: #3366ff;\"><a style=\"color: #3366ff;\" href=\"https:\/\/www.pelerinages-namurois.be\/index.php\/destinations\/lourdes\/lourdes-hospitaliers\/\">&#8212; Lourdes Hospitaliers<\/a><\/span><\/p>\n<p style=\"text-align: center;\"><span style=\"color: #3366ff;\"><a style=\"color: #3366ff;\" href=\"https:\/\/www.pelerinages-namurois.be\/index.php\/lourdes-marcheurs\/\">&#8212; Lourdes pour les marcheurs<\/a><\/span><\/p>\n<p style=\"text-align: center;\"><span style=\"color: #3366ff;\"><a style=\"color: #3366ff;\" href=\"https:\/\/www.pelerinages-namurois.be\/index.php\/lourdes-juniors\/\">&#8212; Les juniors \u00e0 Lourdes<\/a><\/span><\/p>\n<p style=\"text-align: center;\"><span style=\"color: #3366ff;\"><a style=\"color: #3366ff;\" href=\"https:\/\/www.pelerinages-namurois.be\/index.php\/ados-et-jeunes-a-lourdes\/\">&#8212; Ados et jeunes \u00e0 Lourdes<\/a><\/span><\/p>\n<p style=\"text-align: center;\"><span style=\"color: #3366ff;\"><a style=\"color: #3366ff;\" href=\"https:\/\/www.pelerinages-namurois.be\/index.php\/lourdes-habay\/\">&#8212; Lourdes en car avec l&rsquo;U.P. entre Ardenne et Gaume<\/a><\/span><\/p>\n<p style=\"text-align: center;\"><span style=\"color: #3366ff;\"><a style=\"color: #3366ff;\" href=\"https:\/\/www.pelerinages-namurois.be\/index.php\/lourdes-habay\/\">&#8212; Lourdes en car en passant par Le-Puy-en-Velay et Lyon avec l\u2019U.P. Entre Ardenne et Gaume, du 3 au 10 septembre 2026<\/a><\/span><\/p>\n<p>&nbsp;<\/p>\n<div><\/div>\n<div style=\"text-align: center;\"><strong>Lors d&rsquo;un p\u00e8lerinage, les activit\u00e9s suivantes \u00a0sont g\u00e9n\u00e9ralement propos\u00e9es aux p\u00e8lerins :<\/strong><\/div>\n<p>&#8211; participation aux c\u00e9l\u00e9brations des Sanctuaires : la messe internationale dans la basilique souterraine Saint-Pie X, les processions o\u00f9 malades et bien-portants marchent ensemble, celle de l\u2019apr\u00e8s-midi o\u00f9, apr\u00e8s avoir accompagn\u00e9 le Saint-Sacrement, tous sont invit\u00e9s \u00e0 une adoration eucharistique suivie de la b\u00e9n\u00e9diction des malades et puis, celle du soir, la procession mariale aux flambeaux, qui rassemble des milliers de p\u00e8lerins pour chanter le Seigneur avec la Vierge Marie ;<\/p>\n<p style=\"text-align: justify;\">&#8211; participation aux propositions propres \u00e0 notre dioc\u00e8se : c\u00e9l\u00e9brations eucharistiques, c\u00e9l\u00e9bration de la R\u00e9conciliation, c\u00e9l\u00e9bration de l\u2019Onction, chemin de croix, circuit en ville sur le \u00ab Chemin de Bernadette \u00bb, causerie sur Lourdes et le message des Apparitions, d\u00e9couverte de Bartr\u00e8s \u00e0 pieds ou en car. Des moments de partage avec les malades du p\u00e8lerinage sont encourag\u00e9s \u00e0 l\u2019occasion de la c\u00e9l\u00e9bration de l\u2019Onction ou lors d\u2019une visite \u00e0 l\u2019Accueil ;<\/p>\n<p style=\"text-align: justify;\">&#8211; un apr\u00e8s-midi r\u00e9serv\u00e9 \u00e0 la d\u00e9tente. C\u2019est l\u2019occasion de participer \u00e0 une excursion propos\u00e9e pour d\u00e9couvrir les Pyr\u00e9n\u00e9es ou un site remarquable de la r\u00e9gion ou de visiter le mus\u00e9e, les pavillons, de voir le film \u00ab Bernadette \u00bb\u2026<\/p>\n<p><!--EndFragment--><\/p>\n","protected":false},"excerpt":{"rendered":"<p>&nbsp; Nos prochains p\u00e8lerinages \u00e0 Lourdes (cliquez sur la section de votre choix) : &#8212; Lourdes en car en passant par Nevers, du 6 au 11 juillet 2026 &#8212; Lourdes en TGV du 12 au 18 juillet 2026 &#8212; Lourdes en TGV du 3 au 9 septembre 2026 &#8212; Lourdes pour les p\u00e8lerins malades et moins valides &#8212; Lourdes Hospitaliers &hellip; <\/p>\n","protected":false},"author":1,"featured_media":0,"parent":61,"menu_order":0,"comment_status":"closed","ping_status":"closed","template":"","meta":{"footnotes":""},"class_list":["post-91","page","type-page","status-publish","hentry"],"_links":{"self":[{"href":"https:\/\/www.pelerinages-namurois.be\/index.php\/wp-json\/wp\/v2\/pages\/91","targetHints":{"allow":["GET"]}}],"collection":[{"href":"https:\/\/www.pelerinages-namurois.be\/index.php\/wp-json\/wp\/v2\/pages"}],"about":[{"href":"https:\/\/www.pelerinages-namurois.be\/index.php\/wp-json\/wp\/v2\/types\/page"}],"author":[{"embeddable":true,"href":"https:\/\/www.pelerinages-namurois.be\/index.php\/wp-json\/wp\/v2\/users\/1"}],"replies":[{"embeddable":true,"href":"https:\/\/www.pelerinages-namurois.be\/index.php\/wp-json\/wp\/v2\/comments?post=91"}],"version-history":[{"count":158,"href":"https:\/\/www.pelerinages-namurois.be\/index.php\/wp-json\/wp\/v2\/pages\/91\/revisions"}],"predecessor-version":[{"id":3121,"href":"https:\/\/www.pelerinages-namurois.be\/index.php\/wp-json\/wp\/v2\/pages\/91\/revisions\/3121"}],"up":[{"embeddable":true,"href":"https:\/\/www.pelerinages-namurois.be\/index.php\/wp-json\/wp\/v2\/pages\/61"}],"wp:attachment":[{"href":"https:\/\/www.pelerinages-namurois.be\/index.php\/wp-json\/wp\/v2\/media?parent=91"}],"curies":[{"name":"wp","href":"https:\/\/api.w.org\/{rel}","templated":true}]}}