{"id":806,"date":"2022-02-09T09:47:48","date_gmt":"2022-02-09T09:47:48","guid":{"rendered":"https:\/\/www.pelerinages-namurois.be\/?page_id=806"},"modified":"2026-02-24T13:23:54","modified_gmt":"2026-02-24T13:23:54","slug":"lourdes-juniors","status":"publish","type":"page","link":"https:\/\/www.pelerinages-namurois.be\/index.php\/lourdes-juniors\/","title":{"rendered":"Les Juniors \u00e0 Lourdes"},"content":{"rendered":"<div class=\"page\" title=\"Page 9\">\n<div class=\"section\">\n<div class=\"layoutArea\">\n<div class=\"column\">\n<p><strong><img fetchpriority=\"high\" decoding=\"async\" class=\"wp-image-1454 alignleft\" src=\"https:\/\/www.pelerinages-namurois.be\/wp-content\/uploads\/2023\/02\/activites-Juniors-15-scaled.jpg\" alt=\"\" width=\"447\" height=\"335\" srcset=\"https:\/\/www.pelerinages-namurois.be\/wp-content\/uploads\/2023\/02\/activites-Juniors-15-scaled.jpg 2560w, https:\/\/www.pelerinages-namurois.be\/wp-content\/uploads\/2023\/02\/activites-Juniors-15-300x225.jpg 300w, https:\/\/www.pelerinages-namurois.be\/wp-content\/uploads\/2023\/02\/activites-Juniors-15-768x576.jpg 768w, https:\/\/www.pelerinages-namurois.be\/wp-content\/uploads\/2023\/02\/activites-Juniors-15-1536x1152.jpg 1536w, https:\/\/www.pelerinages-namurois.be\/wp-content\/uploads\/2023\/02\/activites-Juniors-15-2048x1536.jpg 2048w, https:\/\/www.pelerinages-namurois.be\/wp-content\/uploads\/2023\/02\/activites-Juniors-15-600x450.jpg 600w\" sizes=\"(max-width: 447px) 100vw, 447px\" \/>Dates :<\/strong> du 12 au 18 juillet 2025<\/p>\n<p><em><span style=\"color: #013579;\">Lors du p\u00e8lerinage en TGV du mois de juillet, les enfants de 7 \u00e0 12 ans logent en h\u00f4tel avec leurs parents ou accompagnants, et peuvent suivre chaque jour le programme qui leur est propos\u00e9.<\/span><\/em><\/p>\n<p><em><span style=\"color: #013579;\">Un programme est sp\u00e9cialement con\u00e7u pour chaque \u00e2ge. Chaque groupe est encadr\u00e9 par des animateurs exp\u00e9riment\u00e9s. <\/span><\/em><\/p>\n<p><strong>Horaires \u2013 Voyage de jour<\/strong><\/p>\n<p>TGV affr\u00e9t\u00e9 uniquement pour les p\u00e8lerins. D\u00e9part pr\u00e9vu le matin vers 09h45. Arriv\u00e9e \u00e0 Lourdes, sans changement, vers 17h15.<\/p>\n<p><strong>Navettes en car (aller\/retour) Des cars sont pr\u00e9vus pour se rendre \u00e0 Tourcoing au d\u00e9part de :\u00a0<img decoding=\"async\" class=\"wp-image-391 alignright\" src=\"https:\/\/www.pelerinages-namurois.be\/wp-content\/uploads\/2021\/04\/ld201.jpeg\" sizes=\"(max-width: 499px) 100vw, 499px\" srcset=\"https:\/\/www.pelerinages-namurois.be\/wp-content\/uploads\/2021\/04\/ld201.jpeg 756w, https:\/\/www.pelerinages-namurois.be\/wp-content\/uploads\/2021\/04\/ld201-600x450.jpeg 600w, https:\/\/www.pelerinages-namurois.be\/wp-content\/uploads\/2021\/04\/ld201-300x225.jpeg 300w\" alt=\"\" width=\"499\" height=\"374\" \/><\/strong><\/p>\n<div class=\"page\" title=\"Page 6\">\n<div class=\"section\">\n<div class=\"layoutArea\">\n<div class=\"column\">\n<div class=\"page\" title=\"Page 6\">\n<div class=\"section\">\n<div class=\"layoutArea\">\n<div class=\"column\">\n<p>Arlon \u2013 Bastogne \u2013 Libramont \u2013 Marche \u2013 Namur \u2013 Wellin.<\/p>\n<\/div>\n<p><strong>Prix transport compris :<br \/>\n<\/strong><\/p>\n<ul>\n<li><a href=\"https:\/\/www.pelerinages-namurois.be\/wp-content\/uploads\/2026\/02\/lds26.png\" target=\"_blank\" rel=\"noopener\">Voir le tableau des tarifs 2026 :\u00a0<em> (cliquez sur l\u2019image)<\/em><\/a><\/li>\n<\/ul>\n<p><a href=\"https:\/\/www.pelerinages-namurois.be\/wp-content\/uploads\/2026\/02\/lds26.png\" data-src=\"https:\/\/www.pelerinages-namurois.be\/wp-content\/uploads\/2026\/02\/lds26.png\" data-thumb=\"https:\/\/www.pelerinages-namurois.be\/wp-content\/uploads\/2026\/02\/lds26.png\" class=\"ml-lightbox-enabled\"><img decoding=\"async\" class=\"alignnone  wp-image-3099\" src=\"https:\/\/www.pelerinages-namurois.be\/wp-content\/uploads\/2026\/02\/lds26.png\" alt=\"\" width=\"361\" height=\"499\" srcset=\"https:\/\/www.pelerinages-namurois.be\/wp-content\/uploads\/2026\/02\/lds26.png 1354w, https:\/\/www.pelerinages-namurois.be\/wp-content\/uploads\/2026\/02\/lds26-217x300.png 217w, https:\/\/www.pelerinages-namurois.be\/wp-content\/uploads\/2026\/02\/lds26-768x1061.png 768w, https:\/\/www.pelerinages-namurois.be\/wp-content\/uploads\/2026\/02\/lds26-1112x1536.png 1112w, https:\/\/www.pelerinages-namurois.be\/wp-content\/uploads\/2026\/02\/lds26-600x829.png 600w\" sizes=\"(max-width: 361px) 100vw, 361px\" \/><\/a><br \/>\n<a href=\"https:\/\/www.pelerinages-namurois.be\/wp-content\/uploads\/2025\/02\/lds25.png\" data-src=\"https:\/\/www.pelerinages-namurois.be\/wp-content\/uploads\/2025\/02\/lds25.png\" data-thumb=\"https:\/\/www.pelerinages-namurois.be\/wp-content\/uploads\/2021\/04\/inscription.png\" class=\"ml-lightbox-enabled\"><img loading=\"lazy\" decoding=\"async\" class=\"alignnone wp-image-192\" src=\"https:\/\/www.pelerinages-namurois.be\/wp-content\/uploads\/2021\/04\/inscription.png\" alt=\"\" width=\"261\" height=\"60\" \/><\/a><\/p>\n<\/div>\n<\/div>\n<\/div>\n<\/div>\n<\/div>\n<\/div>\n<\/div>\n<p>&nbsp;<\/p>\n<\/div>\n<\/div>\n<\/div>\n<\/div>\n","protected":false},"excerpt":{"rendered":"<p>Dates : du 12 au 18 juillet 2025 Lors du p\u00e8lerinage en TGV du mois de juillet, les enfants de 7 \u00e0 12 ans logent en h\u00f4tel avec leurs parents ou accompagnants, et peuvent suivre chaque jour le programme qui leur est propos\u00e9. Un programme est sp\u00e9cialement con\u00e7u pour chaque \u00e2ge. Chaque groupe est encadr\u00e9 par des animateurs exp\u00e9riment\u00e9s. Horaires &hellip; <\/p>\n","protected":false},"author":1,"featured_media":0,"parent":0,"menu_order":0,"comment_status":"closed","ping_status":"closed","template":"","meta":{"footnotes":""},"class_list":["post-806","page","type-page","status-publish","hentry"],"_links":{"self":[{"href":"https:\/\/www.pelerinages-namurois.be\/index.php\/wp-json\/wp\/v2\/pages\/806","targetHints":{"allow":["GET"]}}],"collection":[{"href":"https:\/\/www.pelerinages-namurois.be\/index.php\/wp-json\/wp\/v2\/pages"}],"about":[{"href":"https:\/\/www.pelerinages-namurois.be\/index.php\/wp-json\/wp\/v2\/types\/page"}],"author":[{"embeddable":true,"href":"https:\/\/www.pelerinages-namurois.be\/index.php\/wp-json\/wp\/v2\/users\/1"}],"replies":[{"embeddable":true,"href":"https:\/\/www.pelerinages-namurois.be\/index.php\/wp-json\/wp\/v2\/comments?post=806"}],"version-history":[{"count":16,"href":"https:\/\/www.pelerinages-namurois.be\/index.php\/wp-json\/wp\/v2\/pages\/806\/revisions"}],"predecessor-version":[{"id":3113,"href":"https:\/\/www.pelerinages-namurois.be\/index.php\/wp-json\/wp\/v2\/pages\/806\/revisions\/3113"}],"wp:attachment":[{"href":"https:\/\/www.pelerinages-namurois.be\/index.php\/wp-json\/wp\/v2\/media?parent=806"}],"curies":[{"name":"wp","href":"https:\/\/api.w.org\/{rel}","templated":true}]}}