{"id":738,"date":"2022-02-07T16:19:38","date_gmt":"2022-02-07T16:19:38","guid":{"rendered":"https:\/\/www.pelerinages-namurois.be\/?page_id=738"},"modified":"2026-03-04T11:02:44","modified_gmt":"2026-03-04T11:02:44","slug":"assise","status":"publish","type":"page","link":"https:\/\/www.pelerinages-namurois.be\/index.php\/assise\/","title":{"rendered":"Assise, sur les pas de saint Fran\u00e7ois et sainte Claire"},"content":{"rendered":"<p style=\"text-align: left;\" align=\"center\"><strong><img fetchpriority=\"high\" decoding=\"async\" class=\"wp-image-3042 alignleft\" src=\"https:\/\/www.pelerinages-namurois.be\/wp-content\/uploads\/2026\/02\/20241027_132432-scaled.jpg\" alt=\"\" width=\"609\" height=\"342\" srcset=\"https:\/\/www.pelerinages-namurois.be\/wp-content\/uploads\/2026\/02\/20241027_132432-scaled.jpg 2560w, https:\/\/www.pelerinages-namurois.be\/wp-content\/uploads\/2026\/02\/20241027_132432-300x169.jpg 300w, https:\/\/www.pelerinages-namurois.be\/wp-content\/uploads\/2026\/02\/20241027_132432-768x432.jpg 768w, https:\/\/www.pelerinages-namurois.be\/wp-content\/uploads\/2026\/02\/20241027_132432-1536x864.jpg 1536w, https:\/\/www.pelerinages-namurois.be\/wp-content\/uploads\/2026\/02\/20241027_132432-2048x1152.jpg 2048w, https:\/\/www.pelerinages-namurois.be\/wp-content\/uploads\/2026\/02\/20241027_132432-600x338.jpg 600w\" sizes=\"(max-width: 609px) 100vw, 609px\" \/>Dates : <\/strong>du 8 au 14 octobre 2026<\/p>\n<p style=\"text-align: justify;\"><strong>Animation : <\/strong>M. l&rsquo;abb\u00e9 Philippe Goffinet, directeur des P\u00e8lerinages Namurois<\/p>\n<p><span style=\"color: #ff0000;\"><strong>Groupe complet.<\/strong><\/span><\/p>\n<p><span style=\"color: #ff0000;\">N&rsquo;h\u00e9sitez pas \u00e0 vous inscrire sur la liste d&rsquo;attente afin d&rsquo;\u00eatre recontact\u00e9 si des places devaient se lib\u00e9rer<\/span><\/p>\n<p><a href=\"https:\/\/www.pelerinages-namurois.be\/index.php\/inscriptions-2\/\" target=\"_blank\" rel=\"noopener\"><img decoding=\"async\" class=\"alignnone wp-image-192\" src=\"https:\/\/www.pelerinages-namurois.be\/wp-content\/uploads\/2021\/04\/inscription.png\" alt=\"\" width=\"269\" height=\"62\" \/><\/a><\/p>\n<div class=\"page\" title=\"Page 17\">\n<div class=\"section\">\n<div class=\"layoutArea\">\n<div class=\"column\">\n<div class=\"page\" title=\"Page 17\">\n<div class=\"section\">\n<div class=\"layoutArea\">\n<div class=\"column\">\n<div class=\"page\" title=\"Page 24\">\n<div class=\"section\">\n<div class=\"layoutArea\">\n<div class=\"column\">\n<p><span style=\"color: #013579;\"><em>A l\u2019occasion du 800\u00e8me anniversaire de la mort de saint Fran\u00e7ois, ce p\u00e8lerinage voudrait revisiter les intuitions franciscaines qui continuent de marquer durablement notre h\u00e9ritage chr\u00e9tien et m\u00eame au-del\u00e0. Avec ses encycliques \u00ab Fratelli Tutti \u00bb et \u00ab Laudato si\u2019 \u00bb, le pape Fran\u00e7ois a offert un champ d\u2019action renouvel\u00e9 \u00e0 la spiritualit\u00e9 franciscaine en pr\u00f4nant une \u00e9cologie int\u00e9grale qui r\u00e9ponde aux clameurs de la terre et des pauvres. <\/em><\/span><\/p>\n<p><span style=\"color: #013579;\"><em>Fran\u00e7ois est une figure de la bourgeoise naissante des grandes villes o\u00f9 l\u2019argent devient la valeur essentielle. Claire fait partie de l\u2019aristocratie dont la richesse est celle de la terre. Ces deux personnalit\u00e9s que tout s\u00e9pare vont se rejoindre dans leur d\u00e9couverte respective du Christ pauvre et d\u00e9sarm\u00e9 qui invite \u00e0 la joie de l\u2019\u00e9vangile. Fran\u00e7ois et ses fr\u00e8res porteront cette intuition dans la fraternit\u00e9 et le souci des pauvres tandis que Claire et ses s\u0153urs la vivront dans une pauvret\u00e9 radicale et le retrait du monde. Ils seront ainsi par leur style de vie profond\u00e9ment \u00e9vang\u00e9lique les artisans du renouveau d\u2019une Eglise au sommet de sa puissance mais affaiblie et corrompue \u00e0 l\u2019int\u00e9rieur. <\/em><\/span><\/p>\n<p><span style=\"color: #013579;\"><em>Nous d\u00e9couvrirons la richesse de cette spiritualit\u00e9 en nous arr\u00eatant dans les diff\u00e9rents lieux que Fran\u00e7ois et Claire ont marqu\u00e9 de leur pr\u00e9sence \u00e0 Assise mais aussi en sortant des murs vers Greccio (la premi\u00e8re cr\u00e8che vivante) et des ermitages de la vall\u00e9e de Rieti. Nous visiterons \u00e9galement le sanctuaire de La Verna en Toscane o\u00f9 Fran\u00e7ois re\u00e7ut les stigmates et la ville voisine de P\u00e9rouse et ses richesses patrimoniales. Revenant \u00e0 Assise, une rencontre est pr\u00e9vue \u00e0 San Masseo avec la communaut\u00e9 \u0153cum\u00e9nique de Bose. <\/em><\/span><\/p>\n<p><span style=\"color: #013579;\"><em>Ce p\u00e8lerinage sera aussi l\u2019occasion de nous recueillir sur la ch\u00e2sse de Carlo Acutis un adolescent italien connu comme le \u00ab cyberap\u00f4tre \u00bb et canonis\u00e9 le 7 septembre 2025. Les c\u00e9l\u00e9brations dans des lieux porteurs seront nos moments de respiration.<\/em><\/span><\/p>\n<\/div>\n<\/div>\n<\/div>\n<\/div>\n<\/div>\n<\/div>\n<\/div>\n<\/div>\n<\/div>\n<\/div>\n<\/div>\n<\/div>\n<p class=\"p1\" style=\"text-align: justify;\"><strong><span class=\"s1\">Programme :<\/span><\/strong><\/p>\n<div class=\"page\" title=\"Page 24\">\n<div class=\"section\">\n<div class=\"layoutArea\">\n<div class=\"column\">\n<p><strong>1er jour :<\/strong> d\u00e9collage de Bruxelles t\u00f4t le matin pour Rome. Accueil \u00e0 l\u2019a\u00e9roport. Transfert en car \u00e0 Assise, avec un arr\u00eat \u00e0 Greccio. Repas de midi \u00e0 Greccio. Visite libre du sanctuaire, du vieux couvent et du mus\u00e9e des cr\u00e8ches. Installation pour 6 nuits \u00e0 la maison religieuse Cittadella Ospitalita situ\u00e9e dans le centre historique d\u2019Assise.<\/p>\n<p><strong>2e jour :<\/strong> d\u00e9couverte de la somptueuse basilique Saint-Fran\u00e7ois, un sommet de l\u2019art, construite \u00e0 la mort du saint. D\u00e9couverte des fresques de Giotto. Recueillement \u00e0 la crypte devant la tombe du Povorello. Descente \u00e0 pied \u00e0 San Damiano, paisible clo\u00eetre et chapelle, peu chang\u00e9s depuis la mort de Fran\u00e7ois. C\u2019est l\u00e0 que Fran\u00e7ois re\u00e7u l\u2019appel du crucifix. Visite priante du site entour\u00e9 d\u2019oliviers. Retour en taxi \u00e0 Assise.<\/p>\n<p><strong>3e jour :<\/strong> mont\u00e9e en taxi dans la montagne au Carceri, litt\u00e9ralement les prisons. Dans un cadre d\u00e9pouill\u00e9 et sauvage, Fran\u00e7ois aimait se retrouver dans la solitude. D\u00e9couverte guid\u00e9e de la cath\u00e9drale San Rufino o\u00f9 se trouve la cuve baptismale qui fit de Fran\u00e7ois et Claire des enfants de Dieu, de la basilique Sainte-Claire o\u00f9 Claire fut enterr\u00e9e, de la maison paternelle de Fran\u00e7ois.<\/p>\n<p><strong>4e jour :<\/strong> d\u00e9placement dans la plaine d\u2019Assise et vers Ste-Marie-des-Anges \u00e0 l\u2019imposant d\u00f4me qui recouvre la Portioncule. Celle-ci \u00e9tait une chapelle d\u00e9labr\u00e9e restaur\u00e9e par Fran\u00e7ois. Ce lieu fort transform\u00e9 \u00e9voque le jaillissement franciscain. D\u00e9couverte de l\u2019\u00e9glise Ste-Marie-Majeure \u00e0 Assise qui renferme la ch\u00e2sse du premier saint du mill\u00e9naire : Carlo Acutis.<\/p>\n<p><strong>5e jour :<\/strong> route pour l\u2019Alverne, sanctuaire nich\u00e9 dans un site montagneux et bois\u00e9 o\u00f9 Fran\u00e7ois re\u00e7ut les stigmates. Ceux-ci sont des plaies de la crucifixion conformes \u00e0 celles du Christ.<\/p>\n<p><strong>6e jour :<\/strong> d\u00e9part pour P\u00e9rouse, rivale d\u2019Assise \u00e0 l\u2019\u00e9poque de Fran\u00e7ois. Il y fut emprisonn\u00e9 avec d\u2019autres concitoyens d\u2019Assise. Capitale actuelle de l\u2018Ombrie avec un patrimoine culturel remarquable dans la vieille ville. Recueillement au monast\u00e8re de San Masseo \u00e0 proximit\u00e9 d\u2019Assise. Cette ancienne abbaye de Saint-Beno\u00eet fut pour Fran\u00e7ois un lieu de halte et de pri\u00e8re.<\/p>\n<p><strong>7e jour :<\/strong> passage par un ermitage de Rieti : Poggio Bustone o\u00f9 l\u2019on peut saisir l\u2019esprit de Fran\u00e7ois. Selon la tradition, Fran\u00e7ois y re\u00e7ut l\u2019assurance du pardon de ses p\u00e9ch\u00e9s et de l\u2019avenir de la fraternit\u00e9. D\u00e9part pour l\u2019a\u00e9ro<span class=\"s1\">port de Rome. Arriv\u00e9e \u00e0 Bruxelles en fin de soir\u00e9e.<\/span><\/p>\n<p>&nbsp;<\/p>\n<div class=\"page\" title=\"Page 24\">\n<div class=\"section\">\n<div class=\"layoutArea\">\n<div class=\"column\">\n<p><strong style=\"color: #104d8f; text-align: justify;\">Prix : <\/strong><span style=\"color: #104d8f; text-align: justify;\">1499 \u20ac<\/span><\/p>\n<\/div>\n<\/div>\n<\/div>\n<\/div>\n<\/div>\n<\/div>\n<\/div>\n<\/div>\n<p style=\"text-align: justify;\"><span style=\"color: #104d8f;\"><strong>Inclus : <\/strong>Voyage en avion en classe \u00e9conomique, circuit en car et en taxi, logement en maison religieuse 3* en chambre double et en pension compl\u00e8te du repas du midi du 1er jour au repas du midi du dernier jour, visites guid\u00e9es mentionn\u00e9es, assurances assistance et annulation, audio-guide, compensation CO2, taxes et pourboires.<\/span><\/p>\n<p style=\"text-align: justify;\"><span style=\"color: #104d8f;\"><strong>Non-inclus : <\/strong>boissons.<\/span><\/p>\n<p style=\"text-align: justify;\"><span style=\"color: #104d8f;\"><strong>Suppl\u00e9ment chambre individuelle :<\/strong> 180 \u20ac <\/span><\/p>\n<p style=\"text-align: justify;\"><span style=\"color: #104d8f;\"><strong>Navette a\u00e9roport :<\/strong> possible depuis Arlon, Libramont, Wanlin, Ach\u00eane, Namur et Wavre. Prix \u00e0 d\u00e9terminer.<\/span><\/p>\n<p style=\"text-align: justify;\"><span style=\"color: #104d8f;\"><strong>Remarque :<\/strong><\/span><\/p>\n<div class=\"page\" title=\"Page 17\">\n<div class=\"section\">\n<div class=\"layoutArea\">\n<div class=\"column\">\n<div class=\"page\" title=\"Page 24\">\n<div class=\"section\">\n<div class=\"layoutArea\">\n<div class=\"column\">\n<p><span style=\"color: #104d8f;\">P\u00e8lerinage pr\u00e9vu pour personnes valides, autonomes pouvant marcher et suivre un groupe sans probl\u00e8me.<\/span><\/p>\n<\/div>\n<\/div>\n<\/div>\n<\/div>\n<\/div>\n<\/div>\n<\/div>\n<\/div>\n<p><a href=\"https:\/\/www.pelerinages-namurois.be\/index.php\/inscriptions-2\/\" target=\"_blank\" rel=\"noopener\"><img decoding=\"async\" class=\"alignnone wp-image-192\" src=\"https:\/\/www.pelerinages-namurois.be\/wp-content\/uploads\/2021\/04\/inscription.png\" alt=\"\" width=\"269\" height=\"62\" \/><\/a><\/p>\n","protected":false},"excerpt":{"rendered":"<p>Dates : du 8 au 14 octobre 2026 Animation : M. l&rsquo;abb\u00e9 Philippe Goffinet, directeur des P\u00e8lerinages Namurois Groupe complet. N&rsquo;h\u00e9sitez pas \u00e0 vous inscrire sur la liste d&rsquo;attente afin d&rsquo;\u00eatre recontact\u00e9 si des places devaient se lib\u00e9rer A l\u2019occasion du 800\u00e8me anniversaire de la mort de saint Fran\u00e7ois, ce p\u00e8lerinage voudrait revisiter les intuitions franciscaines qui continuent de marquer &hellip; <\/p>\n","protected":false},"author":1,"featured_media":0,"parent":0,"menu_order":0,"comment_status":"closed","ping_status":"closed","template":"","meta":{"footnotes":""},"class_list":["post-738","page","type-page","status-publish","hentry"],"_links":{"self":[{"href":"https:\/\/www.pelerinages-namurois.be\/index.php\/wp-json\/wp\/v2\/pages\/738","targetHints":{"allow":["GET"]}}],"collection":[{"href":"https:\/\/www.pelerinages-namurois.be\/index.php\/wp-json\/wp\/v2\/pages"}],"about":[{"href":"https:\/\/www.pelerinages-namurois.be\/index.php\/wp-json\/wp\/v2\/types\/page"}],"author":[{"embeddable":true,"href":"https:\/\/www.pelerinages-namurois.be\/index.php\/wp-json\/wp\/v2\/users\/1"}],"replies":[{"embeddable":true,"href":"https:\/\/www.pelerinages-namurois.be\/index.php\/wp-json\/wp\/v2\/comments?post=738"}],"version-history":[{"count":36,"href":"https:\/\/www.pelerinages-namurois.be\/index.php\/wp-json\/wp\/v2\/pages\/738\/revisions"}],"predecessor-version":[{"id":3134,"href":"https:\/\/www.pelerinages-namurois.be\/index.php\/wp-json\/wp\/v2\/pages\/738\/revisions\/3134"}],"wp:attachment":[{"href":"https:\/\/www.pelerinages-namurois.be\/index.php\/wp-json\/wp\/v2\/media?parent=738"}],"curies":[{"name":"wp","href":"https:\/\/api.w.org\/{rel}","templated":true}]}}