{"id":725,"date":"2022-02-07T11:16:40","date_gmt":"2022-02-07T11:16:40","guid":{"rendered":"https:\/\/www.pelerinages-namurois.be\/?page_id=725"},"modified":"2026-02-17T14:53:10","modified_gmt":"2026-02-17T14:53:10","slug":"noel-2","status":"publish","type":"page","link":"https:\/\/www.pelerinages-namurois.be\/index.php\/noel-2\/","title":{"rendered":"No\u00ebl en Alsace"},"content":{"rendered":"<p><img fetchpriority=\"high\" decoding=\"async\" class=\"wp-image-3026 alignleft\" src=\"https:\/\/www.pelerinages-namurois.be\/wp-content\/uploads\/2026\/02\/photo-scaled.jpg\" alt=\"\" width=\"287\" height=\"431\" srcset=\"https:\/\/www.pelerinages-namurois.be\/wp-content\/uploads\/2026\/02\/photo-scaled.jpg 1707w, https:\/\/www.pelerinages-namurois.be\/wp-content\/uploads\/2026\/02\/photo-200x300.jpg 200w, https:\/\/www.pelerinages-namurois.be\/wp-content\/uploads\/2026\/02\/photo-768x1152.jpg 768w, https:\/\/www.pelerinages-namurois.be\/wp-content\/uploads\/2026\/02\/photo-1024x1536.jpg 1024w, https:\/\/www.pelerinages-namurois.be\/wp-content\/uploads\/2026\/02\/photo-1365x2048.jpg 1365w, https:\/\/www.pelerinages-namurois.be\/wp-content\/uploads\/2026\/02\/photo-600x900.jpg 600w\" sizes=\"(max-width: 287px) 100vw, 287px\" \/><\/p>\n<p style=\"text-align: justify;\" align=\"center\"><strong>Dates : <\/strong>du 23 au 27 d\u00e9cembre 2026<\/p>\n<p>Programme \u00e9labor\u00e9 par les P\u00e8lerinages de Tournai<\/p>\n<p style=\"text-align: justify;\"><strong>Animation : <\/strong>M. le diacre Antonio Miceli<\/p>\n<p><a href=\"https:\/\/www.pelerinages-namurois.be\/index.php\/inscriptions-2\/\" target=\"_blank\" rel=\"noopener\"><img decoding=\"async\" class=\"alignnone wp-image-192\" src=\"https:\/\/www.pelerinages-namurois.be\/wp-content\/uploads\/2021\/04\/inscription.png\" alt=\"\" width=\"269\" height=\"62\" \/><\/a><\/p>\n<div class=\"page\" title=\"Page 17\">\n<div class=\"section\">\n<div class=\"layoutArea\">\n<div class=\"column\">\n<div class=\"page\" title=\"Page 17\">\n<div class=\"section\">\n<div class=\"layoutArea\">\n<div class=\"column\">\n<div class=\"page\" title=\"Page 18\">\n<div class=\"section\">\n<div class=\"layoutArea\">\n<div class=\"column\">\n<p><span style=\"color: #013579;\"><em>En Alsace, No\u00ebl a une r\u00e9sonance particuli\u00e8re. Les traditions y sont profond\u00e9ment ancr\u00e9es dans un m\u00e9lange d\u2019h\u00e9ritages pa\u00efens germaniques et de christianisation.<br \/>\nDes coutumes uniques comme le sapin de No\u00ebl qui appara\u00eet en Alsace au XVIe si\u00e8cle, devenu un symbole chr\u00e9tien d\u00e9cor\u00e9 de pommes et d\u2019hosties et plus tard avec des d\u00e9corations en verre issues de l\u2019essor des verreries de la r\u00e9gion. Le Christkindelsm\u00e4rik (march\u00e9 de l\u2019Enfant J\u00e9sus) est n\u00e9 de la suppression du march\u00e9 de Saint-Nicolas en 1570, cr\u00e9ant ainsi une f\u00eate spirituelle autant que commerciale, riche en histoire et en symboles.<br \/>\nC\u2019est dans un cadre familial et alsacien que vous s\u00e9journerez au sanctuaire de Marienthal. L\u2019animation spirituelle et l\u2019accueil des p\u00e8lerins seront assur\u00e9s par les soeurs b\u00e9n\u00e9dictines.<br \/>\nVous visiterez le nord de l\u2019Alsace avec Strasbourg, proclam\u00e9e \u2018Capitale de No\u00ebl\u2019 ; les petites villes de Hagenau, Bischwiller, Soufflenheim connues pour leurs ateliers d\u2019artisanat local ainsi que le Mont-Sainte-Odile.<br \/>\n<\/em><\/span><\/p>\n<\/div>\n<\/div>\n<\/div>\n<\/div>\n<\/div>\n<\/div>\n<\/div>\n<\/div>\n<\/div>\n<\/div>\n<\/div>\n<\/div>\n<p class=\"p1\" style=\"text-align: justify;\"><strong><span class=\"s1\">Programme :<\/span><\/strong><\/p>\n<div class=\"page\" title=\"Page 18\">\n<div class=\"section\">\n<div class=\"layoutArea\">\n<div class=\"column\">\n<p><strong>1er jour<\/strong> : d\u00e9part de Tournai vers Namur, ramassage possible sur la E411 (sur demande). Repas en cours de route. L\u2019apr\u00e8s-midi, visite du mus\u00e9e du verre \u00e0 Meisenthal et d\u00e9monstration des souffleurs de verre. Direction Marienthal et installation \u00e0 la maison d\u2019accueil Notre-Dame de Marienthal pour 4 nuits.<br \/>\n<strong>2e jour<\/strong> : d\u00e9couverte de Strasbourg en bateau. Apr\u00e8s-midi, visite, sur le th\u00e8me des traditions de No\u00ebl, de la cath\u00e9drale et de ses abords. March\u00e9 de No\u00ebl. Repas festif et messe de minuit \u00e0 la basilique de Marienthal.<br \/>\n3e jour : journ\u00e9e au sanctuaire du Mont-Sainte-Odile, lieu embl\u00e9matique de l\u2019Eglise catholique d\u2019Alsace. Messe de la Nativit\u00e9 puis repas festif. Visite audioguid\u00e9e du sanctuaire.<br \/>\n<strong>4e jour<\/strong> : visite du village de Bischwiller et ses nombreux artisans. Apr\u00e8s-midi, visite du village de Soufflenheim r\u00e9put\u00e9 pour ses ateliers de poterie. Retour \u00e0 Marienthal au Carmel du Sacr\u00e9 Coeur pour les v\u00eapres.<br \/>\n<strong>5e jour<\/strong> : Messe du p\u00e8lerinage au sanctuaire du Mont-Sainte-Odile. Repas et retour vers la Belgique.<\/p>\n<\/div>\n<\/div>\n<\/div>\n<\/div>\n<p style=\"text-align: justify;\"><strong>Prix : 960 \u20ac<\/strong><\/p>\n<p style=\"text-align: justify;\"><strong>Inclus :<\/strong>voyage en car, logement en maison religieuse en chambre double et en pension compl\u00e8te du repas de midi du 1er jour au repas de midi du dernier jour, boissons, visites, assurances assistance et annulation, taxes et pourboires<\/p>\n<p style=\"text-align: justify;\"><strong>Non-inclus :<\/strong> repas du soir du dernier jour.<\/p>\n<p style=\"text-align: justify;\"><strong>Suppl\u00e9ment chambre individuelle :<\/strong> 70 \u20ac<\/p>\n<p style=\"text-align: justify;\"><strong>Remarque : <\/strong>Pe\u0300lerinage pre\u0301vu pour personnes valides, autonomes pouvant marcher et suivre un groupe sans proble\u0300me.<\/p>\n<p><a href=\"https:\/\/www.pelerinages-namurois.be\/index.php\/inscriptions-2\/\" target=\"_blank\" rel=\"noopener\"><img decoding=\"async\" class=\"alignnone wp-image-192\" src=\"https:\/\/www.pelerinages-namurois.be\/wp-content\/uploads\/2021\/04\/inscription.png\" alt=\"\" width=\"269\" height=\"62\" \/><\/a><\/p>\n","protected":false},"excerpt":{"rendered":"<p>Dates : du 23 au 27 d\u00e9cembre 2026 Programme \u00e9labor\u00e9 par les P\u00e8lerinages de Tournai Animation : M. le diacre Antonio Miceli En Alsace, No\u00ebl a une r\u00e9sonance particuli\u00e8re. Les traditions y sont profond\u00e9ment ancr\u00e9es dans un m\u00e9lange d\u2019h\u00e9ritages pa\u00efens germaniques et de christianisation. Des coutumes uniques comme le sapin de No\u00ebl qui appara\u00eet en Alsace au XVIe si\u00e8cle, devenu &hellip; <\/p>\n","protected":false},"author":1,"featured_media":0,"parent":0,"menu_order":0,"comment_status":"closed","ping_status":"closed","template":"","meta":{"footnotes":""},"class_list":["post-725","page","type-page","status-publish","hentry"],"_links":{"self":[{"href":"https:\/\/www.pelerinages-namurois.be\/index.php\/wp-json\/wp\/v2\/pages\/725","targetHints":{"allow":["GET"]}}],"collection":[{"href":"https:\/\/www.pelerinages-namurois.be\/index.php\/wp-json\/wp\/v2\/pages"}],"about":[{"href":"https:\/\/www.pelerinages-namurois.be\/index.php\/wp-json\/wp\/v2\/types\/page"}],"author":[{"embeddable":true,"href":"https:\/\/www.pelerinages-namurois.be\/index.php\/wp-json\/wp\/v2\/users\/1"}],"replies":[{"embeddable":true,"href":"https:\/\/www.pelerinages-namurois.be\/index.php\/wp-json\/wp\/v2\/comments?post=725"}],"version-history":[{"count":15,"href":"https:\/\/www.pelerinages-namurois.be\/index.php\/wp-json\/wp\/v2\/pages\/725\/revisions"}],"predecessor-version":[{"id":3060,"href":"https:\/\/www.pelerinages-namurois.be\/index.php\/wp-json\/wp\/v2\/pages\/725\/revisions\/3060"}],"wp:attachment":[{"href":"https:\/\/www.pelerinages-namurois.be\/index.php\/wp-json\/wp\/v2\/media?parent=725"}],"curies":[{"name":"wp","href":"https:\/\/api.w.org\/{rel}","templated":true}]}}