{"id":712,"date":"2022-02-07T10:56:29","date_gmt":"2022-02-07T10:56:29","guid":{"rendered":"https:\/\/www.pelerinages-namurois.be\/?page_id=712"},"modified":"2026-01-12T15:41:25","modified_gmt":"2026-01-12T15:41:25","slug":"banneux_triduum","status":"publish","type":"page","link":"https:\/\/www.pelerinages-namurois.be\/index.php\/banneux_triduum\/","title":{"rendered":"Banneux pour les p\u00e8lerins malades, hospitaliers et valides"},"content":{"rendered":"<p style=\"text-align: justify;\" align=\"center\"><strong><img fetchpriority=\"high\" decoding=\"async\" class=\"wp-image-1370 alignleft\" src=\"https:\/\/www.pelerinages-namurois.be\/wp-content\/uploads\/2023\/01\/Banneux-chapelle-copie-scaled.jpg\" alt=\"\" width=\"500\" height=\"375\" srcset=\"https:\/\/www.pelerinages-namurois.be\/wp-content\/uploads\/2023\/01\/Banneux-chapelle-copie-scaled.jpg 2560w, https:\/\/www.pelerinages-namurois.be\/wp-content\/uploads\/2023\/01\/Banneux-chapelle-copie-300x225.jpg 300w, https:\/\/www.pelerinages-namurois.be\/wp-content\/uploads\/2023\/01\/Banneux-chapelle-copie-768x576.jpg 768w, https:\/\/www.pelerinages-namurois.be\/wp-content\/uploads\/2023\/01\/Banneux-chapelle-copie-1536x1152.jpg 1536w, https:\/\/www.pelerinages-namurois.be\/wp-content\/uploads\/2023\/01\/Banneux-chapelle-copie-2048x1536.jpg 2048w, https:\/\/www.pelerinages-namurois.be\/wp-content\/uploads\/2023\/01\/Banneux-chapelle-copie-600x450.jpg 600w\" sizes=\"(max-width: 500px) 100vw, 500px\" \/>Dates :<\/strong> du 23 au 27 avril 2026<\/p>\n<p style=\"text-align: left;\" align=\"center\"><strong><span style=\"color: #008000;\">P\u00e8lerinage ouvert \u00e0 tous<\/span><\/strong><\/p>\n<p align=\"center\"><a href=\"https:\/\/www.pelerinages-namurois.be\/index.php\/inscription-banneux-triduum\/\" target=\"_blank\" rel=\"noopener\"><img decoding=\"async\" class=\"alignleft\" src=\"https:\/\/www.pelerinages-namurois.be\/wp-content\/uploads\/2021\/04\/inscription.png\" alt=\"\" width=\"269\" height=\"62\" \/><\/a><\/p>\n<p>&nbsp;<\/p>\n<p>&nbsp;<\/p>\n<p style=\"text-align: justify;\"><span style=\"color: #003366;\"><em>Forte des belles exp\u00e9riences v\u00e9cues depuis trois ans avec Tournai et l\u2019Alsace, l\u2019Hospitalit\u00e9 de Namur a d\u00e9cid\u00e9 de prendre son autonomie et est heureuse de proposer ce p\u00e8lerinage \u00e0 Banneux. Cette formule s\u2019adresse \u00e0 : &#8211; toute personne qui souhaite vivre un temps spirituel ; &#8211; toute personne qui ne peut voyager seule pour des raisons de mobilit\u00e9, de handicap ou de soins m\u00e9dicaux et infirmiers ; &#8211; toute personne qui souhaite se mettre au service des personnes moins valides ; Le nombre de p\u00e8lerins malades et moins valides sera limit\u00e9 par le nombre d\u2019hospitaliers inscrits et nous donnerons priorit\u00e9 aux personnes qui ne peuvent plus se rendre \u00e0 Lourdes en raison de leur \u00e9tat de sant\u00e9. Au plaisir de vous y rencontrer.<\/em><\/span><\/p>\n<p style=\"text-align: justify;\"><strong><span style=\"color: #003366;\"><em>Petite histoire des apparitions<\/em><\/span><\/strong><\/p>\n<p style=\"text-align: justify;\"><span style=\"color: #003366;\"><em>La Belle Dame, rayonnante de lumi\u00e8re, fascine la petite Mariette d\u00e8s la premi\u00e8re apparition, le soir du 15 janvier 1933. D\u2019un signe de la main, Elle invite la fillette \u00e0 la rejoindre dans le jardin. Quand l\u2019enfant quitte la fen\u00eatre et se dirige vers la sortie, maman Beco, peureuse et superstitieuse, s\u2019interpose et met le verrou. Ce soir-l\u00e0, la porte reste ferm\u00e9e, emp\u00eachant ainsi la rencontre\u2026 Trois jours plus tard, le mercredi 19 janvier, Mariette se faufile \u00e0 l\u2019insu de sa m\u00e8re, s\u2019agenouille sur le sentier qui m\u00e8ne \u00e0 la route et attend, en priant le chapelet. En pr\u00e9sence de Marie, l\u2019enfant entre en extase, et son p\u00e8re, dans son d\u00e9sarroi, court au village appeler le chapelain Jamin. Ce dernier n\u2019\u00e9tant pas \u00e0 la maison, Monsieur Charles\u00e8che et son fils accompagnent Julien Beco. Arriv\u00e9s \u00e0 hauteur du jardin, ils voient Mariette s\u2019engager sur la route. Ils l\u2019interpellent : \u00ab Mais, o\u00f9 vas-tu ? \u2013 Elle m\u2019appelle ! \u00bb Confiante, l\u2019enfant chemine, pas-\u00e0-pas avec la Belle Dame jusqu\u2019\u00e0 la source\u2026 \u00ab Elle m\u2019appelle ! \u00bb Depuis 1933, des millions de p\u00e8lerins ont r\u00e9pondu \u00e0 l\u2019appel de la Vierge des Pauvres. Avec confiance, ils se sont mis en route vers la source de Banneux afin d\u2019y puiser l\u2019eau vive. La pand\u00e9mie, les confinements \u00e0 r\u00e9p\u00e9tition et les restrictions de voyage ont emp\u00each\u00e9 beaucoup de monde de p\u00e9r\u00e9griner et de r\u00e9pondre \u00e0 l\u2019invitation de Marie alors que, comme Mariette, ils le d\u00e9siraient de tout c\u0153ur. N\u2019ayons pas peur d\u2019ouvrir nos portes, de surmonter les obstacles et de franchir les fronti\u00e8res : la Vierge des Pauvres nous donne rendez-vous dans \u00ab son \u00bb sanctuaire de Banneux. \u00ab Viens, elle t\u2019appelle ! \u00bb<\/em><\/span><\/p>\n<p><strong>Programme :<\/strong><\/p>\n<p class=\"p1\"><span class=\"s1\"><b><i>1<sup>er<\/sup> jour\u00a0:<\/i><\/b><i> <\/i><\/span><span class=\"s2\">Matin :<\/span><i> <\/i><span class=\"s2\">d\u00e9part en car depuis Arlon, Libramont, Marche et Namur vers Banneux. Arriv\u00e9e en fin de matin\u00e9e. <\/span>Midi : d\u00e9jeuner (pique-nique \u00e0 emporter) puis installation dans les chambres de l\u2019Accueil de l\u2019Hospitalit\u00e9 Notre-Dame. <span class=\"s2\">Apr\u00e8s-midi : messe d\u2019ouverture et accueil par le recteur des sanctuaires. <\/span><\/p>\n<p class=\"p1\"><span class=\"s1\"><b><i>2<sup>e<\/sup> jour\u00a0:<\/i><\/b><i> <\/i><\/span><span class=\"s2\"> Matin : messe. <\/span>Apr\u00e8s-midi : chemin de croix puis pr\u00e9paration au sacrement de l\u2019onction des malades.<\/p>\n<p class=\"p1\"><span class=\"s1\"><b><i>3<sup>e<\/sup> jour\u00a0:<\/i><\/b><i> <\/i><\/span><span class=\"s2\">Matin : messe et sacrement de la r\u00e9conciliation. <\/span>Apr\u00e8s-midi : participation au salut et \u00e0 la b\u00e9n\u00e9diction des malades. <span class=\"s2\">Soir : participation \u00e0 la procession aux flambeaux.<\/span><\/p>\n<p class=\"p1\"><span class=\"s1\"><b><i>4<sup>e<\/sup> jour\u00a0:<\/i><\/b><i> <\/i><\/span><span class=\"s2\">Matin : chapelet m\u00e9dit\u00e9 puis messe internationale. <\/span>Apr\u00e8s-midi : participation au salut et \u00e0 la b\u00e9n\u00e9diction des malades. Puis temps de partage et de mise en commun.<\/p>\n<p class=\"p1\"><span class=\"s1\"><b><i>5<sup>e<\/sup> jour\u00a0:<\/i><\/b><i> <\/i><\/span><span class=\"s2\">Matin : messe et sacrement de l\u2019onction des malades, puis temps libre. <\/span><span class=\"s2\">Apr\u00e8s-midi : retour en passant sur les m\u00eames lieux qu\u2019\u00e0 l\u2019aller.<\/span><\/p>\n<p style=\"text-align: justify;\"><strong>Prix :<\/strong><\/p>\n<p class=\"p1\"><b>&#8211; p\u00e8lerin malade &amp; hospitalier : 300 \u20ac<\/b><\/p>\n<p class=\"p1\"><b>&#8211; p\u00e8lerin valide : 325 \u20ac<\/b><\/p>\n<p style=\"text-align: justify;\"><strong>Inclus :<\/strong> d\u00e9placement en car avec \u00e9l\u00e9vateur, logement \u00e0 la maison de l\u2019Accueil en chambre double (les chambres pour hospitaliers ne sont pas toutes munies d\u2019une salle de bain), en pension compl\u00e8te du repas du soir du 1er jour au d\u00eener du dernier jour, eau assurances assistance et annulation.<\/p>\n<p style=\"text-align: justify;\"><strong>Non-inclus :<\/strong> repas de midi du 1er jour (pique-nique \u00e0 emporter).<\/p>\n<p class=\"p1\"><span class=\"s1\">Suppl\u00e9ment chambre individuelle : 70 \u20ac (sous r\u00e9serve de disponibilit\u00e9)<\/span><\/p>\n<p style=\"text-align: justify;\"><span style=\"color: #ff0000;\"><strong>P\u00e8lerin malade ou moins valide :\u00a0<\/strong><\/span><\/p>\n<p class=\"p1\"><span class=\"s1\" style=\"color: #ff0000;\">ne pas remplir le bulletin d\u2019inscription ci-joint ! Un dossier m\u00e9dical doit \u00eatre demand\u00e9 au secr\u00e9tariat (T\u00e9l. 081 22 19 68). Ce dossier a pour but de permettre un accueil personnalis\u00e9 de chacun.<\/span><\/p>\n<p><a href=\"https:\/\/www.pelerinages-namurois.be\/index.php\/inscription-banneux-triduum\/\" target=\"_blank\" rel=\"noopener\"><img decoding=\"async\" class=\"alignnone\" src=\"https:\/\/www.pelerinages-namurois.be\/wp-content\/uploads\/2021\/04\/inscription.png\" alt=\"\" width=\"269\" height=\"62\" \/><\/a><\/p>\n","protected":false},"excerpt":{"rendered":"<p>Dates : du 23 au 27 avril 2026 P\u00e8lerinage ouvert \u00e0 tous &nbsp; &nbsp; Forte des belles exp\u00e9riences v\u00e9cues depuis trois ans avec Tournai et l\u2019Alsace, l\u2019Hospitalit\u00e9 de Namur a d\u00e9cid\u00e9 de prendre son autonomie et est heureuse de proposer ce p\u00e8lerinage \u00e0 Banneux. Cette formule s\u2019adresse \u00e0 : &#8211; toute personne qui souhaite vivre un temps spirituel ; &#8211; &hellip; <\/p>\n","protected":false},"author":1,"featured_media":0,"parent":0,"menu_order":0,"comment_status":"closed","ping_status":"closed","template":"","meta":{"footnotes":""},"class_list":["post-712","page","type-page","status-publish","hentry"],"_links":{"self":[{"href":"https:\/\/www.pelerinages-namurois.be\/index.php\/wp-json\/wp\/v2\/pages\/712","targetHints":{"allow":["GET"]}}],"collection":[{"href":"https:\/\/www.pelerinages-namurois.be\/index.php\/wp-json\/wp\/v2\/pages"}],"about":[{"href":"https:\/\/www.pelerinages-namurois.be\/index.php\/wp-json\/wp\/v2\/types\/page"}],"author":[{"embeddable":true,"href":"https:\/\/www.pelerinages-namurois.be\/index.php\/wp-json\/wp\/v2\/users\/1"}],"replies":[{"embeddable":true,"href":"https:\/\/www.pelerinages-namurois.be\/index.php\/wp-json\/wp\/v2\/comments?post=712"}],"version-history":[{"count":67,"href":"https:\/\/www.pelerinages-namurois.be\/index.php\/wp-json\/wp\/v2\/pages\/712\/revisions"}],"predecessor-version":[{"id":2988,"href":"https:\/\/www.pelerinages-namurois.be\/index.php\/wp-json\/wp\/v2\/pages\/712\/revisions\/2988"}],"wp:attachment":[{"href":"https:\/\/www.pelerinages-namurois.be\/index.php\/wp-json\/wp\/v2\/media?parent=712"}],"curies":[{"name":"wp","href":"https:\/\/api.w.org\/{rel}","templated":true}]}}