{"id":360,"date":"2021-04-15T10:12:52","date_gmt":"2021-04-15T10:12:52","guid":{"rendered":"https:\/\/www.pelerinages-namurois.be\/?page_id=360"},"modified":"2025-02-25T10:28:05","modified_gmt":"2025-02-25T10:28:05","slug":"la-revue-salve-regina","status":"publish","type":"page","link":"https:\/\/www.pelerinages-namurois.be\/index.php\/la-revue-salve-regina\/","title":{"rendered":"La revue Salve Regina"},"content":{"rendered":"<p style=\"text-align: justify;\"><img fetchpriority=\"high\" decoding=\"async\" class=\"alignright\" src=\"https:\/\/www.pelerinages-namurois.be\/wp-content\/uploads\/2022\/03\/Capture-de\u0301cran-2022-03-30-a\u0300-15.57.23.png\" alt=\"\" width=\"283\" height=\"399\" \/>Vous trouverez dans\u00a0notre\u00a0revue \u00ab\u00a0Salve Regina\u00a0\u00bb un compte-rendu de nos p\u00e8lerinages, des \u00e9chos des dioc\u00e8ses de Namur et Tournai, des r\u00e9flexions, des t\u00e9moignages,\u00a0des nouvelles\u00a0de nos\u00a0p\u00e8lerins (naissances, mariages, d\u00e9c\u00e8s&#8230;).<\/p>\n<p style=\"text-align: justify;\">Chaque num\u00e9ro offre par ailleurs la possibilit\u00e9 de gagner, par la tombola, une r\u00e9duction de 150 \u20ac \u00e0 faire valoir sur un p\u00e8lerinage.<\/p>\n<p style=\"text-align: justify;\">Nous pouvons vous envoyer le premier num\u00e9ro de l&rsquo;ann\u00e9e gratuitement sur simple demande. Celui-ci fait office de catalogue et contient les renseignements sur les\u00a0p\u00e8lerinages de l&rsquo;ann\u00e9e.<\/p>\n<p style=\"text-align: justify;\">Le prix de l&rsquo;abonnement en Belgique est de 18\u20ac pour un an.<\/p>\n<p style=\"text-align: justify;\">Vous pouvez y souscrire et entrer ainsi dans la grande famille des lecteurs de Salve Regina, en\u00a0adressant votre demande \u00e0\u00a0<a href=\"https:\/\/www.pelerinages-namurois.be\/index.php\/contact\/\">notre secr\u00e9tariat.\u00a0<\/a><\/p>\n","protected":false},"excerpt":{"rendered":"<p>Vous trouverez dans\u00a0notre\u00a0revue \u00ab\u00a0Salve Regina\u00a0\u00bb un compte-rendu de nos p\u00e8lerinages, des \u00e9chos des dioc\u00e8ses de Namur et Tournai, des r\u00e9flexions, des t\u00e9moignages,\u00a0des nouvelles\u00a0de nos\u00a0p\u00e8lerins (naissances, mariages, d\u00e9c\u00e8s&#8230;). Chaque num\u00e9ro offre par ailleurs la possibilit\u00e9 de gagner, par la tombola, une r\u00e9duction de 150 \u20ac \u00e0 faire valoir sur un p\u00e8lerinage. Nous pouvons vous envoyer le premier num\u00e9ro de l&rsquo;ann\u00e9e gratuitement &hellip; <\/p>\n","protected":false},"author":1,"featured_media":0,"parent":0,"menu_order":0,"comment_status":"closed","ping_status":"closed","template":"","meta":{"footnotes":""},"class_list":["post-360","page","type-page","status-publish","hentry"],"_links":{"self":[{"href":"https:\/\/www.pelerinages-namurois.be\/index.php\/wp-json\/wp\/v2\/pages\/360","targetHints":{"allow":["GET"]}}],"collection":[{"href":"https:\/\/www.pelerinages-namurois.be\/index.php\/wp-json\/wp\/v2\/pages"}],"about":[{"href":"https:\/\/www.pelerinages-namurois.be\/index.php\/wp-json\/wp\/v2\/types\/page"}],"author":[{"embeddable":true,"href":"https:\/\/www.pelerinages-namurois.be\/index.php\/wp-json\/wp\/v2\/users\/1"}],"replies":[{"embeddable":true,"href":"https:\/\/www.pelerinages-namurois.be\/index.php\/wp-json\/wp\/v2\/comments?post=360"}],"version-history":[{"count":23,"href":"https:\/\/www.pelerinages-namurois.be\/index.php\/wp-json\/wp\/v2\/pages\/360\/revisions"}],"predecessor-version":[{"id":2816,"href":"https:\/\/www.pelerinages-namurois.be\/index.php\/wp-json\/wp\/v2\/pages\/360\/revisions\/2816"}],"wp:attachment":[{"href":"https:\/\/www.pelerinages-namurois.be\/index.php\/wp-json\/wp\/v2\/media?parent=360"}],"curies":[{"name":"wp","href":"https:\/\/api.w.org\/{rel}","templated":true}]}}