{"id":334,"date":"2021-04-15T09:52:54","date_gmt":"2021-04-15T09:52:54","guid":{"rendered":"https:\/\/www.pelerinages-namurois.be\/?page_id=334"},"modified":"2023-01-12T12:55:50","modified_gmt":"2023-01-12T12:55:50","slug":"coronavirus-mesures-sanitaires-et-administratives","status":"publish","type":"page","link":"https:\/\/www.pelerinages-namurois.be\/index.php\/coronavirus-mesures-sanitaires-et-administratives\/","title":{"rendered":"Coronavirus : mesures sanitaires et administratives"},"content":{"rendered":"<div class=\"page\" title=\"Page 2\">\n<div class=\"section\">\n<div class=\"layoutArea\">\n<div class=\"column\">\n<p>Nous ne savons pas quelles seront les mesures sanitaires qui seront impose\u0301es au jour du de\u0301part de nos diffe\u0301rents voyages. Cela de\u0301pendra des exigences de vaccination, de re\u0301tablissement et de l&rsquo;e\u0301volution de la pande\u0301mie tant en Belgique que dans le pays d&rsquo;accueil.<\/p>\n<p><span style=\"color: #013579;\"><strong>A l&rsquo;entre\u0301e, selon le pays, outre les gestes barrie\u0300res habituels, pourraient e\u0302tre exige\u0301s :<\/strong><\/span><\/p>\n<p>&#8211; un certificat de vaccination comple\u0300te ou de re\u0301tablissement (dure\u0301e de validite\u0301 variable selon les pays) et\/ou<\/p>\n<p>&#8211; un test PCR ou antige\u0301nique ne\u0301gatif et\/ou<\/p>\n<p>&#8211; une de\u0301claration en ligne.<\/p>\n<p><span style=\"color: #003366;\"><strong>Au retour en Belgique, selon le pays, pourraient e\u0302tre exige\u0301s :<\/strong><\/span><\/p>\n<p>&#8211; un formulaire de localisation a\u0300 remplir 48 h. avant le retour ;<\/p>\n<p>&#8211; une pe\u0301riode de quarantaine.<\/p>\n<p>Nous informerons les pe\u0300lerins inscrits des mesures obligatoires en vigueur 3 a\u0300 4 semaines avant chaque de\u0301part.<\/p>\n<p><span style=\"color: #013579;\"><strong>Annulation de votre voyage pour cause de Covid :<\/strong><\/span><\/p>\n<p>&#8211; si les autorite\u0301s interdisent le voyage, vous serez entie\u0300rement rembourse\u0301s.<\/p>\n<p>&#8211; si vous ne souhaitez plus prendre part au voyage alors qu\u2019aucune disposition gouvernementale ne l\u2019interdit, nos conditions ge\u0301ne\u0301rales de vente seront applique\u0301es (<span lang=\"FR-BE\">\u00a0<\/span><span lang=\"FR-BE\"><a href=\"https:\/\/www.pelerinages-namurois.be\/index.php\/sinscrire-et-conditions-generales\/\" target=\"_blank\" rel=\"noopener\">voir ici<\/a><\/span>, points 7 et 8).<\/p>\n<\/div>\n<\/div>\n<\/div>\n<\/div>\n<p>Vous pouvez consulter le site\u00a0<a href=\"https:\/\/diplomatie.belgium.be\/fr\" target=\"_blank\" rel=\"noopener noreferrer\">diplomatie.belgium.be<\/a>\u00a0qui est r\u00e9guli\u00e8rement mis \u00e0 jour.<\/p>\n","protected":false},"excerpt":{"rendered":"<p>Nous ne savons pas quelles seront les mesures sanitaires qui seront impose\u0301es au jour du de\u0301part de nos diffe\u0301rents voyages. Cela de\u0301pendra des exigences de vaccination, de re\u0301tablissement et de l&rsquo;e\u0301volution de la pande\u0301mie tant en Belgique que dans le pays d&rsquo;accueil. A l&rsquo;entre\u0301e, selon le pays, outre les gestes barrie\u0300res habituels, pourraient e\u0302tre exige\u0301s : &#8211; un certificat de &hellip; <\/p>\n","protected":false},"author":1,"featured_media":0,"parent":0,"menu_order":0,"comment_status":"closed","ping_status":"closed","template":"","meta":{"footnotes":""},"class_list":["post-334","page","type-page","status-publish","hentry"],"_links":{"self":[{"href":"https:\/\/www.pelerinages-namurois.be\/index.php\/wp-json\/wp\/v2\/pages\/334","targetHints":{"allow":["GET"]}}],"collection":[{"href":"https:\/\/www.pelerinages-namurois.be\/index.php\/wp-json\/wp\/v2\/pages"}],"about":[{"href":"https:\/\/www.pelerinages-namurois.be\/index.php\/wp-json\/wp\/v2\/types\/page"}],"author":[{"embeddable":true,"href":"https:\/\/www.pelerinages-namurois.be\/index.php\/wp-json\/wp\/v2\/users\/1"}],"replies":[{"embeddable":true,"href":"https:\/\/www.pelerinages-namurois.be\/index.php\/wp-json\/wp\/v2\/comments?post=334"}],"version-history":[{"count":9,"href":"https:\/\/www.pelerinages-namurois.be\/index.php\/wp-json\/wp\/v2\/pages\/334\/revisions"}],"predecessor-version":[{"id":1361,"href":"https:\/\/www.pelerinages-namurois.be\/index.php\/wp-json\/wp\/v2\/pages\/334\/revisions\/1361"}],"wp:attachment":[{"href":"https:\/\/www.pelerinages-namurois.be\/index.php\/wp-json\/wp\/v2\/media?parent=334"}],"curies":[{"name":"wp","href":"https:\/\/api.w.org\/{rel}","templated":true}]}}