{"id":3128,"date":"2026-02-26T14:35:10","date_gmt":"2026-02-26T14:35:10","guid":{"rendered":"https:\/\/www.pelerinages-namurois.be\/?page_id=3128"},"modified":"2026-02-26T14:35:45","modified_gmt":"2026-02-26T14:35:45","slug":"dons_legs","status":"publish","type":"page","link":"https:\/\/www.pelerinages-namurois.be\/index.php\/dons_legs\/","title":{"rendered":"Dons et legs"},"content":{"rendered":"<p><em>(cliquez pour agrandir)<\/em><\/p>\n<p><a href=\"https:\/\/www.terredesens.be\/wp-content\/uploads\/2026\/02\/Folder-soutenir-TdeS-court.pdf\" target=\"_blank\" rel=\"noopener\"><img fetchpriority=\"high\" decoding=\"async\" class=\"alignnone wp-image-1930 alignleft\" src=\"https:\/\/www.terredesens.be\/wp-content\/uploads\/2026\/02\/Capture-decran-2026-02-26-a-15.18.39-708x1024.png\" alt=\"\" width=\"288\" height=\"417\" \/><\/a><a href=\"https:\/\/www.terredesens.be\/wp-content\/uploads\/2026\/02\/Folder-soutenir-TdeS-court.pdf\" target=\"_blank\" rel=\"noopener\"><img decoding=\"async\" class=\"alignnone wp-image-1931 alignleft\" src=\"https:\/\/www.terredesens.be\/wp-content\/uploads\/2026\/02\/Capture-decran-2026-02-26-a-15.18.53-714x1024.png\" alt=\"\" width=\"290\" height=\"416\" \/><\/a><a href=\"https:\/\/www.terredesens.be\/wp-content\/uploads\/2026\/02\/Folder-soutenir-TdeS-detaille-livret.pdf\" target=\"_blank\" rel=\"noopener\">&gt;&gt; T\u00e9l\u00e9chargez ici le folder d\u00e9taill\u00e9<\/a><\/p>\n","protected":false},"excerpt":{"rendered":"<p>(cliquez pour agrandir) &gt;&gt; T\u00e9l\u00e9chargez ici le folder d\u00e9taill\u00e9<\/p>\n","protected":false},"author":1,"featured_media":0,"parent":0,"menu_order":0,"comment_status":"closed","ping_status":"closed","template":"","meta":{"footnotes":""},"class_list":["post-3128","page","type-page","status-publish","hentry"],"_links":{"self":[{"href":"https:\/\/www.pelerinages-namurois.be\/index.php\/wp-json\/wp\/v2\/pages\/3128","targetHints":{"allow":["GET"]}}],"collection":[{"href":"https:\/\/www.pelerinages-namurois.be\/index.php\/wp-json\/wp\/v2\/pages"}],"about":[{"href":"https:\/\/www.pelerinages-namurois.be\/index.php\/wp-json\/wp\/v2\/types\/page"}],"author":[{"embeddable":true,"href":"https:\/\/www.pelerinages-namurois.be\/index.php\/wp-json\/wp\/v2\/users\/1"}],"replies":[{"embeddable":true,"href":"https:\/\/www.pelerinages-namurois.be\/index.php\/wp-json\/wp\/v2\/comments?post=3128"}],"version-history":[{"count":2,"href":"https:\/\/www.pelerinages-namurois.be\/index.php\/wp-json\/wp\/v2\/pages\/3128\/revisions"}],"predecessor-version":[{"id":3130,"href":"https:\/\/www.pelerinages-namurois.be\/index.php\/wp-json\/wp\/v2\/pages\/3128\/revisions\/3130"}],"wp:attachment":[{"href":"https:\/\/www.pelerinages-namurois.be\/index.php\/wp-json\/wp\/v2\/media?parent=3128"}],"curies":[{"name":"wp","href":"https:\/\/api.w.org\/{rel}","templated":true}]}}