{"id":309,"date":"2021-04-15T09:20:56","date_gmt":"2021-04-15T09:20:56","guid":{"rendered":"https:\/\/www.pelerinages-namurois.be\/?page_id=309"},"modified":"2026-02-24T13:05:04","modified_gmt":"2026-02-24T13:05:04","slug":"lourdes-habay","status":"publish","type":"page","link":"https:\/\/www.pelerinages-namurois.be\/index.php\/lourdes-habay\/","title":{"rendered":"Lourdes en car avec l&rsquo;U.P. de Habay-Etalle"},"content":{"rendered":"<p><strong><img fetchpriority=\"high\" decoding=\"async\" class=\"wp-image-434 alignleft\" src=\"https:\/\/www.pelerinages-namurois.be\/wp-content\/uploads\/2021\/04\/balon17-1.jpeg\" alt=\"\" width=\"540\" height=\"338\" srcset=\"https:\/\/www.pelerinages-namurois.be\/wp-content\/uploads\/2021\/04\/balon17-1.jpeg 683w, https:\/\/www.pelerinages-namurois.be\/wp-content\/uploads\/2021\/04\/balon17-1-600x375.jpeg 600w, https:\/\/www.pelerinages-namurois.be\/wp-content\/uploads\/2021\/04\/balon17-1-300x188.jpeg 300w\" sizes=\"(max-width: 540px) 100vw, 540px\" \/>Dates :<\/strong> du 3 au 10 septembre 2026<\/p>\n<p><strong>Animation :<\/strong> M. l&rsquo;abb\u00e9 Roger Gobert, cur\u00e9 de l\u2019U.P. Entre Ardenne et Gaume<\/p>\n<p><a href=\"https:\/\/www.pelerinages-namurois.be\/index.php\/inscription-lourdes\/\" target=\"_blank\" rel=\"noopener\"><img decoding=\"async\" class=\"alignnone wp-image-192\" src=\"https:\/\/www.pelerinages-namurois.be\/wp-content\/uploads\/2021\/04\/inscription.png\" alt=\"\" width=\"252\" height=\"58\" \/><\/a><\/p>\n<div class=\"page\" title=\"Page 13\">\n<div class=\"section\">\n<div class=\"layoutArea\">\n<div class=\"column\">\n<p><span style=\"color: #013579;\"><em>Nous vous proposons de nous accompagner vers Lourdes, o\u00f9 nous irons d\u00e9couvrir le message toujours actuel que la Vierge Marie a confi\u00e9 \u00e0 sainte Bernadette Soubirous lors de ses apparitions en 1858. Cette ann\u00e9e, les Sanctuaires nous proposent d\u2019inscrire notre p\u00e8lerinage autour du th\u00e8me pastoral de l\u2019Annonciation, le myst\u00e8re du \u00ab oui \u00bb de Marie qui nous invite \u00e0 accueillir la parole de Dieu dans nos vies avec confiance. Notre p\u00e8lerinage sera rythm\u00e9 par deux \u00e9tapes significatives : \u00e0 l\u2019aller, nous ferons halte au Puy-en-Velay, haut lieu marial et point de d\u00e9part historique des chemins de Saint-Jacques. Au retour, nous conclurons notre itin\u00e9raire par une \u00e9tape \u00e0 Lyon, ville berceau du christianisme en Gaule, elle aussi tr\u00e8s attach\u00e9e au culte de la Sainte Vierge. Bienvenue !<\/em><\/span><\/p>\n<\/div>\n<\/div>\n<\/div>\n<\/div>\n<p class=\"p1\"><span class=\"s1\"><b>1<\/b><\/span><span class=\"s2\"><b><sup>er<\/sup><\/b><\/span><b> <\/b><span class=\"s1\"><b>jour :<\/b><\/span> <span class=\"s5\">d\u00e9part le matin vers Le-Puy-en-Velay depuis Tintigny, Vance, Etalle, Habay-La-Neuve et Arlon. Installation pour une nuit \u00e0 la Maison d\u2019accueil Saint-Georges (h\u00e9bergement religieux de confort simple, avec sanitaire privatif), situ\u00e9 au pied de la monumentale statue de Notre-Dame-de-France dominant la ville.<\/span><\/p>\n<p class=\"p1\"><span class=\"s1\"><b>2<\/b><\/span><span class=\"s2\"><b><sup>e<\/sup><\/b><\/span><span class=\"s6\"><b> jour :<\/b><\/span><span class=\"s5\"> d\u00e9couverte du Puy-en-Velay, l\u2019un des plus anciens sanctuaires mariaux, dont le culte remonte au 5<\/span><span class=\"s7\"><sup>e<\/sup><\/span><span class=\"s5\"> si\u00e8cle, en m\u00e9moire d\u2019une apparition miraculeuse de la Vierge Marie. Route vers Lourdes. Arriv\u00e9e en soir\u00e9e et installation \u00e0 l\u2019h\u00f4tel National (3*** normes locales). Int\u00e9gration au p\u00e8lerinage dioc\u00e9sain.<\/span><\/p>\n<p class=\"p1\"><span class=\"s6\"><b>du 3<\/b><\/span><span class=\"s2\"><b><sup>e<\/sup><\/b><\/span><span class=\"s6\"><b> au 6<\/b><\/span><span class=\"s2\"><b><sup>e<\/sup><\/b><\/span><span class=\"s6\"><b> jour :<\/b><\/span><span class=\"s5\"> visite du sanctuaire de Lourdes. Participation aux processions eucharistique et mariale. Visite des diff\u00e9rents lieux o\u00f9 v\u00e9cut sainte Bernadette : moulin de Boly, cachot&#8230; Un apr\u00e8s-midi est r\u00e9serv\u00e9 \u00e0 la d\u00e9tente : excursion pour d\u00e9couvrir les Pyr\u00e9n\u00e9es.<\/span><\/p>\n<p class=\"p1\"><span class=\"s1\"><b>7<\/b><\/span><span class=\"s2\"><b><sup>e<\/sup><\/b><\/span><span class=\"s1\"><b> jour :<\/b><\/span><span class=\"s4\"> d<\/span><span class=\"s5\">\u00e9part pour Lyon. C\u00e9l\u00e9bration avec la communaut\u00e9 des Assomptionnistes de Valpr\u00e9. Installation pour une nuit \u00e0 l\u2019h\u00f4tel de Valpr\u00e9 (3*** normes locales)<\/span><\/p>\n<p class=\"p1\"><span class=\"s1\"><b>8<\/b><\/span><span class=\"s2\"><b><sup>e<\/sup><\/b><\/span><span class=\"s1\"><b> jour :<\/b><\/span> <span class=\"s5\">visite \u00e0 la basilique de Fourvi\u00e8re. Retour en Belgique en soir\u00e9e<\/span><span class=\"s4\"> aux m\u00eames lieux qu\u2019\u00e0 l\u2019aller.<\/span><\/p>\n<p>&nbsp;<\/p>\n<p><span style=\"color: #000080;\"><strong>Prix :<\/strong> 945 \u20ac<\/span><\/p>\n<p><span style=\"color: #000080;\"><strong>Inclus :<\/strong> voyage en car, logement en chambre double et en pension compl\u00e8te du repas du soir du 1er jour au repas de midi du dernier jour, visites annonc\u00e9es, assurances assistance et annulation, pourboires. <\/span><\/p>\n<p><span style=\"color: #000080;\"><strong>Non inclus :<\/strong> pique-nique du 1er jour, boissons, repas du soir du dernier jour.\u00a0<\/span><\/p>\n<p><span style=\"color: #000080;\"><strong>Suppl\u00e9ment chambre individuelle : <\/strong>310 \u20ac<\/span><\/p>\n<p><span style=\"color: #000080;\">P\u00e8lerinage pr\u00e9vu pour personnes valides, autonomes pouvant marcher et suivre un groupe sans probl\u00e8me.<\/span><\/p>\n<p><a href=\"https:\/\/www.pelerinages-namurois.be\/index.php\/inscription-lourdes\/\" target=\"_blank\" rel=\"noopener\"><img decoding=\"async\" class=\"alignnone wp-image-192\" src=\"https:\/\/www.pelerinages-namurois.be\/wp-content\/uploads\/2021\/04\/inscription.png\" alt=\"\" width=\"252\" height=\"58\" \/><\/a><\/p>\n","protected":false},"excerpt":{"rendered":"<p>Dates : du 3 au 10 septembre 2026 Animation : M. l&rsquo;abb\u00e9 Roger Gobert, cur\u00e9 de l\u2019U.P. Entre Ardenne et Gaume Nous vous proposons de nous accompagner vers Lourdes, o\u00f9 nous irons d\u00e9couvrir le message toujours actuel que la Vierge Marie a confi\u00e9 \u00e0 sainte Bernadette Soubirous lors de ses apparitions en 1858. Cette ann\u00e9e, les Sanctuaires nous proposent d\u2019inscrire &hellip; <\/p>\n","protected":false},"author":1,"featured_media":0,"parent":0,"menu_order":0,"comment_status":"closed","ping_status":"closed","template":"","meta":{"footnotes":""},"class_list":["post-309","page","type-page","status-publish","hentry"],"_links":{"self":[{"href":"https:\/\/www.pelerinages-namurois.be\/index.php\/wp-json\/wp\/v2\/pages\/309","targetHints":{"allow":["GET"]}}],"collection":[{"href":"https:\/\/www.pelerinages-namurois.be\/index.php\/wp-json\/wp\/v2\/pages"}],"about":[{"href":"https:\/\/www.pelerinages-namurois.be\/index.php\/wp-json\/wp\/v2\/types\/page"}],"author":[{"embeddable":true,"href":"https:\/\/www.pelerinages-namurois.be\/index.php\/wp-json\/wp\/v2\/users\/1"}],"replies":[{"embeddable":true,"href":"https:\/\/www.pelerinages-namurois.be\/index.php\/wp-json\/wp\/v2\/comments?post=309"}],"version-history":[{"count":18,"href":"https:\/\/www.pelerinages-namurois.be\/index.php\/wp-json\/wp\/v2\/pages\/309\/revisions"}],"predecessor-version":[{"id":3107,"href":"https:\/\/www.pelerinages-namurois.be\/index.php\/wp-json\/wp\/v2\/pages\/309\/revisions\/3107"}],"wp:attachment":[{"href":"https:\/\/www.pelerinages-namurois.be\/index.php\/wp-json\/wp\/v2\/media?parent=309"}],"curies":[{"name":"wp","href":"https:\/\/api.w.org\/{rel}","templated":true}]}}