{"id":304,"date":"2021-04-15T09:15:23","date_gmt":"2021-04-15T09:15:23","guid":{"rendered":"https:\/\/www.pelerinages-namurois.be\/?page_id=304"},"modified":"2026-03-04T11:10:53","modified_gmt":"2026-03-04T11:10:53","slug":"beauraing","status":"publish","type":"page","link":"https:\/\/www.pelerinages-namurois.be\/index.php\/beauraing\/","title":{"rendered":"Beauraing"},"content":{"rendered":"<p><strong><span class=\"s1\" style=\"color: #013579;\"><b><i>Grand rassemblement des P\u00e8lerinages Namurois<\/i><\/b><\/span><\/strong><\/p>\n<p><img fetchpriority=\"high\" decoding=\"async\" class=\"wp-image-1708 alignleft\" src=\"https:\/\/www.pelerinages-namurois.be\/wp-content\/uploads\/2023\/02\/IMG_3773-scaled.jpg\" alt=\"\" width=\"272\" height=\"362\" srcset=\"https:\/\/www.pelerinages-namurois.be\/wp-content\/uploads\/2023\/02\/IMG_3773-scaled.jpg 1920w, https:\/\/www.pelerinages-namurois.be\/wp-content\/uploads\/2023\/02\/IMG_3773-225x300.jpg 225w, https:\/\/www.pelerinages-namurois.be\/wp-content\/uploads\/2023\/02\/IMG_3773-768x1024.jpg 768w, https:\/\/www.pelerinages-namurois.be\/wp-content\/uploads\/2023\/02\/IMG_3773-1152x1536.jpg 1152w, https:\/\/www.pelerinages-namurois.be\/wp-content\/uploads\/2023\/02\/IMG_3773-1536x2048.jpg 1536w, https:\/\/www.pelerinages-namurois.be\/wp-content\/uploads\/2023\/02\/IMG_3773-600x800.jpg 600w\" sizes=\"(max-width: 272px) 100vw, 272px\" \/><\/p>\n<p><strong>Date :<\/strong> Le dimanche 4 octobre 2026<\/p>\n<p>sous la pr\u00e9sidence de l&rsquo;\u00e9v\u00eaque de Namur<\/p>\n<p class=\"p1\"><span class=\"s1\" style=\"color: #013579;\"><i>Ce rassemblement s\u2019adresse \u00e0 tous les p\u00e8lerins, amis de Lourdes et de Beauraing, afin qu\u2019ils se retrouvent dans une ambiance priante et joyeuse.<\/i><\/span><\/p>\n<p class=\"p1\"><span class=\"s1\" style=\"color: #013579;\"><i>Chaque ann\u00e9e, plusieurs centaines de personnes r\u00e9pondent \u00e0 l\u2019invitation.<\/i><\/span><\/p>\n<p style=\"text-align: left;\" align=\"center\">Le programme pr\u00e9voit \u00e0 14h30 une c\u00e9l\u00e9bration eucharistique. D\u00e8s 14h15, un service d&rsquo;accueil est pr\u00e9vu pour les personnes malades ou handicap\u00e9es.<\/p>\n<p style=\"text-align: left;\"><span style=\"color: #666699;\"><em><span class=\"s1\">Possibilit\u00e9 de prendre le repas de midi \u00e0 la Maison de l&rsquo;Accueil (r\u00e9servation par t\u00e9l\u00e9phone au 082\/71.12.18 ou par email : hebergement@sanctuairedebeauraing.be)<\/span><\/em><\/span><span style=\"color: #666699;\"><em><span class=\"s1\">.<\/span><\/em><\/span><\/p>\n","protected":false},"excerpt":{"rendered":"<p>Grand rassemblement des P\u00e8lerinages Namurois Date : Le dimanche 4 octobre 2026 sous la pr\u00e9sidence de l&rsquo;\u00e9v\u00eaque de Namur Ce rassemblement s\u2019adresse \u00e0 tous les p\u00e8lerins, amis de Lourdes et de Beauraing, afin qu\u2019ils se retrouvent dans une ambiance priante et joyeuse. Chaque ann\u00e9e, plusieurs centaines de personnes r\u00e9pondent \u00e0 l\u2019invitation. Le programme pr\u00e9voit \u00e0 14h30 une c\u00e9l\u00e9bration eucharistique. D\u00e8s &hellip; <\/p>\n","protected":false},"author":1,"featured_media":0,"parent":0,"menu_order":0,"comment_status":"closed","ping_status":"closed","template":"","meta":{"footnotes":""},"class_list":["post-304","page","type-page","status-publish","hentry"],"_links":{"self":[{"href":"https:\/\/www.pelerinages-namurois.be\/index.php\/wp-json\/wp\/v2\/pages\/304","targetHints":{"allow":["GET"]}}],"collection":[{"href":"https:\/\/www.pelerinages-namurois.be\/index.php\/wp-json\/wp\/v2\/pages"}],"about":[{"href":"https:\/\/www.pelerinages-namurois.be\/index.php\/wp-json\/wp\/v2\/types\/page"}],"author":[{"embeddable":true,"href":"https:\/\/www.pelerinages-namurois.be\/index.php\/wp-json\/wp\/v2\/users\/1"}],"replies":[{"embeddable":true,"href":"https:\/\/www.pelerinages-namurois.be\/index.php\/wp-json\/wp\/v2\/comments?post=304"}],"version-history":[{"count":36,"href":"https:\/\/www.pelerinages-namurois.be\/index.php\/wp-json\/wp\/v2\/pages\/304\/revisions"}],"predecessor-version":[{"id":3139,"href":"https:\/\/www.pelerinages-namurois.be\/index.php\/wp-json\/wp\/v2\/pages\/304\/revisions\/3139"}],"wp:attachment":[{"href":"https:\/\/www.pelerinages-namurois.be\/index.php\/wp-json\/wp\/v2\/media?parent=304"}],"curies":[{"name":"wp","href":"https:\/\/api.w.org\/{rel}","templated":true}]}}