{"id":2908,"date":"2025-08-21T13:24:43","date_gmt":"2025-08-21T13:24:43","guid":{"rendered":"https:\/\/www.pelerinages-namurois.be\/?page_id=2908"},"modified":"2025-08-21T14:05:49","modified_gmt":"2025-08-21T14:05:49","slug":"documents-hospitalite","status":"publish","type":"page","link":"https:\/\/www.pelerinages-namurois.be\/index.php\/documents-hospitalite\/","title":{"rendered":"Documents Hospitalit\u00e9"},"content":{"rendered":"<table style=\"height: 509px; width: 822px; border: 1px solid black; border-collapse: collapse;\">\n<tbody>\n<tr style=\"text-align: center;\">\n<td style=\"border: 1px solid black;\" width=\"226\">\n<p style=\"text-align: center;\">Charte pour la protection des mineurs et des personnes vuln\u00e9rables<\/p>\n<\/td>\n<td style=\"border: 1px solid black;\" width=\"226\">\n<p style=\"text-align: center;\">Livret de l\u2019Hospitalit\u00e9<\/p>\n<\/td>\n<\/tr>\n<tr>\n<td style=\"border: 1px solid black;\" width=\"226\"><a href=\"https:\/\/www.pelerinages-namurois.be\/wp-content\/uploads\/2025\/08\/Charte-Namurengagement-Livret.pdf\" target=\"_blank\" rel=\"noopener\"><br \/>\n<img fetchpriority=\"high\" decoding=\"async\" class=\"wp-image-2911 aligncenter\" src=\"https:\/\/www.pelerinages-namurois.be\/wp-content\/uploads\/2025\/08\/Capture-decran-2025-08-21-a-15.28.09.png\" alt=\"\" width=\"304\" height=\"421\" srcset=\"https:\/\/www.pelerinages-namurois.be\/wp-content\/uploads\/2025\/08\/Capture-decran-2025-08-21-a-15.28.09.png 1268w, https:\/\/www.pelerinages-namurois.be\/wp-content\/uploads\/2025\/08\/Capture-decran-2025-08-21-a-15.28.09-217x300.png 217w, https:\/\/www.pelerinages-namurois.be\/wp-content\/uploads\/2025\/08\/Capture-decran-2025-08-21-a-15.28.09-768x1064.png 768w, https:\/\/www.pelerinages-namurois.be\/wp-content\/uploads\/2025\/08\/Capture-decran-2025-08-21-a-15.28.09-1109x1536.png 1109w, https:\/\/www.pelerinages-namurois.be\/wp-content\/uploads\/2025\/08\/Capture-decran-2025-08-21-a-15.28.09-600x831.png 600w\" sizes=\"(max-width: 304px) 100vw, 304px\" \/><\/a><\/td>\n<td style=\"text-align: center; border: 1px solid black;\" width=\"226\"><a href=\"https:\/\/www.pelerinages-namurois.be\/wp-content\/uploads\/2025\/08\/Livret-hospi-2024.pdf\" target=\"_blank\" rel=\"noopener\"><br \/>\n<img decoding=\"async\" class=\"wp-image-2912 aligncenter\" src=\"https:\/\/www.pelerinages-namurois.be\/wp-content\/uploads\/2025\/08\/Capture-decran-2025-08-21-a-15.34.28.png\" alt=\"\" width=\"311\" height=\"436\" srcset=\"https:\/\/www.pelerinages-namurois.be\/wp-content\/uploads\/2025\/08\/Capture-decran-2025-08-21-a-15.34.28.png 778w, https:\/\/www.pelerinages-namurois.be\/wp-content\/uploads\/2025\/08\/Capture-decran-2025-08-21-a-15.34.28-214x300.png 214w, https:\/\/www.pelerinages-namurois.be\/wp-content\/uploads\/2025\/08\/Capture-decran-2025-08-21-a-15.34.28-768x1078.png 768w, https:\/\/www.pelerinages-namurois.be\/wp-content\/uploads\/2025\/08\/Capture-decran-2025-08-21-a-15.34.28-600x842.png 600w\" sizes=\"(max-width: 311px) 100vw, 311px\" \/><br \/>\n<\/a><\/td>\n<\/tr>\n<tr>\n<td style=\"border: 1px solid black;\" width=\"226\">\n<p style=\"text-align: center;\"><a href=\"https:\/\/www.pelerinages-namurois.be\/wp-content\/uploads\/2025\/08\/Charte-Namurengagement-Livret.pdf\" target=\"_blank\" rel=\"noopener\">T\u00e9l\u00e9charger ici<\/a><\/p>\n<\/td>\n<td style=\"border: 1px solid black;\" width=\"226\">\n<p style=\"text-align: center;\"><a href=\"https:\/\/www.pelerinages-namurois.be\/wp-content\/uploads\/2025\/08\/Livret-hospi-2024.pdf\" target=\"_blank\" rel=\"noopener\">T\u00e9l\u00e9charger ici<\/a><\/p>\n<\/td>\n<\/tr>\n<\/tbody>\n<\/table>\n","protected":false},"excerpt":{"rendered":"<p>Charte pour la protection des mineurs et des personnes vuln\u00e9rables Livret de l\u2019Hospitalit\u00e9 T\u00e9l\u00e9charger ici T\u00e9l\u00e9charger ici<\/p>\n","protected":false},"author":1,"featured_media":0,"parent":0,"menu_order":0,"comment_status":"closed","ping_status":"closed","template":"","meta":{"footnotes":""},"class_list":["post-2908","page","type-page","status-publish","hentry"],"_links":{"self":[{"href":"https:\/\/www.pelerinages-namurois.be\/index.php\/wp-json\/wp\/v2\/pages\/2908","targetHints":{"allow":["GET"]}}],"collection":[{"href":"https:\/\/www.pelerinages-namurois.be\/index.php\/wp-json\/wp\/v2\/pages"}],"about":[{"href":"https:\/\/www.pelerinages-namurois.be\/index.php\/wp-json\/wp\/v2\/types\/page"}],"author":[{"embeddable":true,"href":"https:\/\/www.pelerinages-namurois.be\/index.php\/wp-json\/wp\/v2\/users\/1"}],"replies":[{"embeddable":true,"href":"https:\/\/www.pelerinages-namurois.be\/index.php\/wp-json\/wp\/v2\/comments?post=2908"}],"version-history":[{"count":7,"href":"https:\/\/www.pelerinages-namurois.be\/index.php\/wp-json\/wp\/v2\/pages\/2908\/revisions"}],"predecessor-version":[{"id":2921,"href":"https:\/\/www.pelerinages-namurois.be\/index.php\/wp-json\/wp\/v2\/pages\/2908\/revisions\/2921"}],"wp:attachment":[{"href":"https:\/\/www.pelerinages-namurois.be\/index.php\/wp-json\/wp\/v2\/media?parent=2908"}],"curies":[{"name":"wp","href":"https:\/\/api.w.org\/{rel}","templated":true}]}}