{"id":2562,"date":"2024-10-09T12:16:13","date_gmt":"2024-10-09T12:16:13","guid":{"rendered":"https:\/\/www.pelerinages-namurois.be\/?page_id=2562"},"modified":"2026-02-16T16:06:31","modified_gmt":"2026-02-16T16:06:31","slug":"portugal","status":"publish","type":"page","link":"https:\/\/www.pelerinages-namurois.be\/index.php\/portugal\/","title":{"rendered":"Cheminer \u00e0 travers les merveilles du Portugal"},"content":{"rendered":"<p style=\"text-align: justify;\"><strong><img fetchpriority=\"high\" decoding=\"async\" class=\"wp-image-3049 alignleft\" src=\"https:\/\/www.pelerinages-namurois.be\/wp-content\/uploads\/2026\/02\/20231013_111406-scaled.jpg\" alt=\"\" width=\"540\" height=\"405\" srcset=\"https:\/\/www.pelerinages-namurois.be\/wp-content\/uploads\/2026\/02\/20231013_111406-scaled.jpg 2560w, https:\/\/www.pelerinages-namurois.be\/wp-content\/uploads\/2026\/02\/20231013_111406-300x225.jpg 300w, https:\/\/www.pelerinages-namurois.be\/wp-content\/uploads\/2026\/02\/20231013_111406-768x576.jpg 768w, https:\/\/www.pelerinages-namurois.be\/wp-content\/uploads\/2026\/02\/20231013_111406-1536x1152.jpg 1536w, https:\/\/www.pelerinages-namurois.be\/wp-content\/uploads\/2026\/02\/20231013_111406-2048x1536.jpg 2048w, https:\/\/www.pelerinages-namurois.be\/wp-content\/uploads\/2026\/02\/20231013_111406-600x450.jpg 600w\" sizes=\"(max-width: 540px) 100vw, 540px\" \/>Dates :<\/strong> du 10 au 16 octobre 2026<\/p>\n<p style=\"text-align: justify;\"><strong>Animation :<\/strong> Mme Antonia Selvais, directrice des P\u00e8lerinages de Tournai.<\/p>\n<p class=\"p1\"><span class=\"s1\"><b>Programme \u00e9labor\u00e9 par les P\u00e8lerinages de Tournai<\/b><\/span><\/p>\n<p><a href=\"https:\/\/www.pelerinages-namurois.be\/index.php\/inscriptions-2\/\" target=\"_blank\" rel=\"noopener\"><img decoding=\"async\" class=\"alignnone wp-image-192\" src=\"https:\/\/www.pelerinages-namurois.be\/wp-content\/uploads\/2021\/04\/inscription.png\" alt=\"\" width=\"269\" height=\"62\" \/><\/a><\/p>\n<p style=\"text-align: justify;\"><span style=\"color: #013579;\"><em>De nombreuses villes du Portugal rec\u00e8lent de tr\u00e9sors architecturaux et spirituels. \u00c0 Lisbonne, point de d\u00e9part du p\u00e8lerinage, \u00e9glises et monast\u00e8res sont de v\u00e9ritables joyaux d\u2019histoire et de foi. Au c\u0153ur de notre parcours se trouve Fatima. Cette ville modeste devint soudain c\u00e9l\u00e8bre en 1917, lorsque 3 jeunes bergers affirm\u00e8rent que la Vierge Marie leur \u00e9tait apparue. En cheminant vers le nord, on d\u00e9couvre Coimbra, ville de savoir et de tradition, avant de rejoindre la vall\u00e9e du Douro, o\u00f9 les moines cisterciens, forts de leur exp\u00e9rience en Bourgogne, ont introduit des c\u00e9pages nouveaux sur les versants les mieux expos\u00e9s. Les vins ont pris le nom du port de d\u00e9part : Porto.<\/em><\/span><\/p>\n<p style=\"text-align: justify;\"><span style=\"color: #003366;\"><b>Programme :<\/b><\/span><\/p>\n<p class=\"p1\"><strong><span class=\"s1\">1<\/span><span class=\"s2\"><sup>er<\/sup><\/span><span class=\"s1\"> jour :<\/span><\/strong><span class=\"s3\"> d\u00e9collage de Bruxelles, arriv\u00e9e et accueil \u00e0 Lisbonne. Visite du quartier de Bel\u00e9m et du monast\u00e8re des Hi\u00e9ronymites. L\u2019imposante place du Commerce situ\u00e9e en bord du Tage. D\u00e9gustation de la p\u00e2tisserie locale, les past\u00e9is de Bel\u00e9m. Messe. Nuit \u00e0 Lisbonne.<\/span><\/p>\n<p class=\"p1\"><strong><span class=\"s1\">2<\/span><span class=\"s2\"><sup>e<\/sup><\/span><span class=\"s1\"> jour :<\/span><\/strong><span class=\"s3\"> d\u00e9part en autocar pour Sintra, lieu de vill\u00e9giature des rois. Visite du palais de la Quinta da Regaleira. Retour \u00e0 Lisbonne pour d\u00e9couvrir le quartier d\u2019Alfama aux ruelles tortueuses typiquement<span class=\"Apple-converted-space\">\u00a0 <\/span>portugaises. La cath\u00e9drale de Santa Maria Maior et le belv\u00e9d\u00e8re de Santa Lucia qui offre un beau panorama sur la ville. Messe \u00e0 l\u2019\u00e9glise San Antonio de Lisbonne, b\u00e2tie sur la maison natale de saint Antoine de Padoue. D\u00eener et nuit \u00e0 Lisbonne.<\/span><\/p>\n<p class=\"p1\"><strong><span class=\"s1\">3<\/span><span class=\"s2\"><sup>e<\/sup><\/span><span class=\"s1\"> jour :<\/span><\/strong><span class=\"s3\"> d\u00e9part pour Alcoba\u00e7a. Visite du monast\u00e8re de Santa Maria, chef d\u2019\u0153uvre de l\u2019art gothique cistercien. L\u2019apr\u00e8s-midi, visite du monast\u00e8re dominicain de Batalha. A Fatima, d\u00e9couverte du C\u0153ur du Sanctuaire. La Chapelle des Apparitions, \u00e9difi\u00e9e sur le lieu o\u00f9 la Vierge appar\u00fbt aux jeunes bergers. La basilique Notre-Dame du Rosaire o\u00f9 se trouvent les tombeaux de Jacinthe, de Lucie et de Fran\u00e7ois. Messe au sanctuaire. Rosaire \u00e0 la chapelle des apparitions et procession au flambeaux sur l\u2019esplanade de pri\u00e8re. Installation \u00e0 l\u2019h\u00e9bergement. D\u00eener et nuit pr\u00e8s de Fatima.<\/span><\/p>\n<p class=\"p1\"><strong><span class=\"s1\">4<\/span><span class=\"s2\"><sup>e<\/sup><\/span><span class=\"s1\"> jour :<\/span><\/strong><span class=\"s3\"> messe solenelle pour l\u2019anniversaire des apparitions. Visite de la nouvelle basilique de la Tr\u00e8s-Sainte-Trinit\u00e9 et du mus\u00e9e du sanctuaire. Apr\u00e8s-midi, D\u00e9part pour Aljustrel. Le chemin de croix, itin\u00e9raire que les pastoureaux empruntaient pour aller d\u2019Aljustrel \u00e0 Cova de lria. L\u2019une des apparitions eut lieu \u00e0 la 9<\/span><span class=\"s4\"><sup>e<\/sup><\/span><span class=\"s3\"> station. Dans le village, les maisons natales, laiss\u00e9es intactes, permettent de d\u00e9couvrir les conditions modestes dans lesquelles ils v\u00e9curent. Retour \u00e0 Fatima. Retraite aux flambeaux. Nuit\u00e9e pr\u00e8s de Fatima.<\/span><\/p>\n<p class=\"p1\"><strong><span class=\"s1\">5<\/span><span class=\"s2\"><sup>e<\/sup><\/span><span class=\"s1\"> jour :<\/span><\/strong><span class=\"s3\"> d\u00e9part pour Tomar et visite du couvent du Christ. Apr\u00e8s-midi, direction Coimbra, ancienne capitale du Portugal ayant conserv\u00e9 un centre historique important. D\u00e9couverte de<span class=\"Apple-converted-space\">\u00a0 <\/span>l\u2019universit\u00e9, l\u2019une des plus anciennes d\u2019Europe. D\u00eener et installation \u00e0 l\u2019h\u00f4tel de Coimbra. <\/span><\/p>\n<p class=\"p1\"><strong><span class=\"s1\">6<\/span><span class=\"s2\"><sup>e<\/sup><\/span><span class=\"s1\"> jour :<\/span><\/strong><span class=\"s3\"> d\u00e9part pour Porto, ville situ\u00e9e au bord du Douro. Visite de La S\u00e9, cath\u00e9drale avec son clo\u00eetre d\u00e9cor\u00e9 de panneaux d\u2019Azulejos. Vue panoramique sur la ville et la vall\u00e9e depuis la tour des Cl\u00e9rigos. La gare de Sao Bento, d\u00e9cor\u00e9e de c\u00e9ramiques retra\u00e7ant l\u2019histoire du Portugal. La rue de Santa Catarina, connue pour ses nombreux commerces. La chapelle das Almas d\u00e9nomm\u00e9e \u00e9glise San Catarina et ses azulejos. L\u2019\u00e9glise Sao Francisco, \u00e9rig\u00e9e au 14<\/span><span class=\"s4\"><sup>e<\/sup><\/span><span class=\"s3\"> si\u00e8cle. Le palais de la Bourse, de style n\u00e9o-classique avec sa cour replendissante. Installation \u00e0 l\u2019h\u00e9bergement. Messe, d\u00eener et nuit \u00e0 Porto.<\/span><\/p>\n<p class=\"p1\"><strong><span class=\"s1\">7<\/span><span class=\"s2\"><sup>e<\/sup><\/span><span class=\"s1\"> jour :<\/span><\/strong><span class=\"s3\"> visite du Santu\u00e9rio do Bom Jesus do Monte, important centre religieux pr\u00e8s de Braga. D\u00e9couverte de l\u2019escalier majestueux aux fontaines et statues all\u00e9goriques. Messe sur le sanctuaire. Transfert \u00e0 l\u2019a\u00e9roport de Porto. Retour en Belgique.<\/span><\/p>\n<p class=\"p1\"><span style=\"color: #053f85;\"><b>Prix : 1.990 \u20ac\u00a0<\/b><\/span><\/p>\n<p><span style=\"color: #053f85;\">Inclus : Voyage en avion en classe \u00e9conomique, circuit en car, logement en h\u00f4tel 3* en chambre double et en pension compl\u00e8te du repas du midi du 1er jour au repas du midi du dernier jour, visites guid\u00e9es mentionn\u00e9es, assurances assistance et annulation, taxes et pourboires.<\/span><\/p>\n<p><span style=\"color: #053f85;\">Non inclus : boissons hors forfait, repas du soir du dernier jour.<\/span><\/p>\n<p><span style=\"color: #053f85;\">Suppl\u00e9ment chambre individuelle : 340 \u20ac<\/span><\/p>\n<p><span style=\"color: #053f85;\">Navette a\u00e9roport : possible depuis Namur<\/span><\/p>\n<p><span style=\"color: #053f85;\">P\u00e8lerinage pr\u00e9vu pour personnes valides, autonomes pouvant marcher et suivre un groupe sans probl\u00e8me.<\/span><\/p>\n<p><a href=\"https:\/\/www.pelerinages-namurois.be\/index.php\/inscriptions-2\/\" target=\"_blank\" rel=\"noopener\"><img decoding=\"async\" class=\"alignnone wp-image-192\" src=\"https:\/\/www.pelerinages-namurois.be\/wp-content\/uploads\/2021\/04\/inscription.png\" alt=\"\" width=\"269\" height=\"62\" \/><\/a><\/p>\n","protected":false},"excerpt":{"rendered":"<p>Dates : du 10 au 16 octobre 2026 Animation : Mme Antonia Selvais, directrice des P\u00e8lerinages de Tournai. Programme \u00e9labor\u00e9 par les P\u00e8lerinages de Tournai De nombreuses villes du Portugal rec\u00e8lent de tr\u00e9sors architecturaux et spirituels. \u00c0 Lisbonne, point de d\u00e9part du p\u00e8lerinage, \u00e9glises et monast\u00e8res sont de v\u00e9ritables joyaux d\u2019histoire et de foi. Au c\u0153ur de notre parcours se &hellip; <\/p>\n","protected":false},"author":1,"featured_media":0,"parent":0,"menu_order":0,"comment_status":"closed","ping_status":"closed","template":"","meta":{"footnotes":""},"class_list":["post-2562","page","type-page","status-publish","hentry"],"_links":{"self":[{"href":"https:\/\/www.pelerinages-namurois.be\/index.php\/wp-json\/wp\/v2\/pages\/2562","targetHints":{"allow":["GET"]}}],"collection":[{"href":"https:\/\/www.pelerinages-namurois.be\/index.php\/wp-json\/wp\/v2\/pages"}],"about":[{"href":"https:\/\/www.pelerinages-namurois.be\/index.php\/wp-json\/wp\/v2\/types\/page"}],"author":[{"embeddable":true,"href":"https:\/\/www.pelerinages-namurois.be\/index.php\/wp-json\/wp\/v2\/users\/1"}],"replies":[{"embeddable":true,"href":"https:\/\/www.pelerinages-namurois.be\/index.php\/wp-json\/wp\/v2\/comments?post=2562"}],"version-history":[{"count":11,"href":"https:\/\/www.pelerinages-namurois.be\/index.php\/wp-json\/wp\/v2\/pages\/2562\/revisions"}],"predecessor-version":[{"id":3051,"href":"https:\/\/www.pelerinages-namurois.be\/index.php\/wp-json\/wp\/v2\/pages\/2562\/revisions\/3051"}],"wp:attachment":[{"href":"https:\/\/www.pelerinages-namurois.be\/index.php\/wp-json\/wp\/v2\/media?parent=2562"}],"curies":[{"name":"wp","href":"https:\/\/api.w.org\/{rel}","templated":true}]}}