{"id":2328,"date":"2024-02-08T15:58:17","date_gmt":"2024-02-08T15:58:17","guid":{"rendered":"https:\/\/www.pelerinages-namurois.be\/?page_id=2328"},"modified":"2026-02-12T11:12:16","modified_gmt":"2026-02-12T11:12:16","slug":"flandre","status":"publish","type":"page","link":"https:\/\/www.pelerinages-namurois.be\/index.php\/flandre\/","title":{"rendered":"Flandre"},"content":{"rendered":"<h2><img fetchpriority=\"high\" decoding=\"async\" class=\"wp-image-2329 alignleft\" src=\"https:\/\/www.pelerinages-namurois.be\/wp-content\/uploads\/2024\/02\/IMG_5321-scaled.jpg\" alt=\"\" width=\"536\" height=\"402\" srcset=\"https:\/\/www.pelerinages-namurois.be\/wp-content\/uploads\/2024\/02\/IMG_5321-scaled.jpg 2560w, https:\/\/www.pelerinages-namurois.be\/wp-content\/uploads\/2024\/02\/IMG_5321-300x225.jpg 300w, https:\/\/www.pelerinages-namurois.be\/wp-content\/uploads\/2024\/02\/IMG_5321-768x576.jpg 768w, https:\/\/www.pelerinages-namurois.be\/wp-content\/uploads\/2024\/02\/IMG_5321-1536x1152.jpg 1536w, https:\/\/www.pelerinages-namurois.be\/wp-content\/uploads\/2024\/02\/IMG_5321-2048x1536.jpg 2048w, https:\/\/www.pelerinages-namurois.be\/wp-content\/uploads\/2024\/02\/IMG_5321-600x450.jpg 600w\" sizes=\"(max-width: 536px) 100vw, 536px\" \/><strong>P\u00e8lerinage en Flandre<\/strong><\/h2>\n<p><strong>Dates :<\/strong> du 15 au 18 juin 2026<\/p>\n<p><strong>Animation :<\/strong> MM. les abb\u00e9s Bernard Van Vynckt, doyen de Marche-en-Famenne, et Fernand Streber, pr\u00eatre auxiliaire pour le doyenn\u00e9 de Marche-en-Famenne<\/p>\n<p><span style=\"color: #000080;\"><em><a href=\"https:\/\/www.pelerinages-namurois.be\/index.php\/inscriptions-2\/\" target=\"_blank\" rel=\"noopener\"><img decoding=\"async\" class=\"alignnone wp-image-192\" src=\"https:\/\/www.pelerinages-namurois.be\/wp-content\/uploads\/2021\/04\/inscription.png\" alt=\"\" width=\"269\" height=\"62\" \/><\/a><\/em><\/span><\/p>\n<p><span style=\"color: #000080;\"><em>La Flandre poss\u00e8de un patrimoine religieux d\u2019une richesse remarquable, o\u00f9 l\u2019histoire, la foi et l\u2019art se r\u00e9pondent harmonieusement. Si certains lieux sont largement connus, d\u2019autres tr\u00e9sors plus discrets m\u00e9ritent tout autant d\u2019\u00eatre d\u00e9couverts.<br \/>\nNous partirons ainsi \u00e0 la rencontre de monuments et de t\u00e9moignages spirituels qui peuvent devenir de v\u00e9ritables cat\u00e9ch\u00e8ses par l\u2019image, nourries d\u2019\u00e9vocations bibliques et de r\u00e9f\u00e9rences \u00e0 la tradition chr\u00e9tienne.<br \/>\nCe p\u00e8lerinage sera aussi l\u2019occasion de relire l\u2019histoire de ces terres marqu\u00e9es \u00e0 la fois par la ferveur et les \u00e9preuves, et d\u2019y discerner des appels toujours actuels pour notre vie d\u2019aujourd\u2019hui.<\/em><\/span><\/p>\n<p>&nbsp;<\/p>\n<p><strong>PROGRAMME :<\/strong><\/p>\n<p><strong>1<sup>er<\/sup> jour\u00a0: se laisser toucher par l\u2019amour inconditionnel du Christ <\/strong><\/p>\n<p>D\u00e9part depuis Arlon, Libramont, Marche, Namur et Gosselies en direction de Gand. Visite guid\u00e9e de la cath\u00e9drale Saint-Bavon et de son c\u00e9l\u00e8bre retable L\u2019Agneau mystique, chef-d\u2019\u0153uvre de l\u2019art flamand \u00e9voquant le myst\u00e8re de la R\u00e9demption \u00e0 travers de nombreuses sc\u00e8nes bibliques. Route vers Torhout, installation pour trois nuits au Groenhove Diocesaan Dienstenhuis et rencontre avec les s\u0153urs carm\u00e9lites qui y vivent.<\/p>\n<p><strong>2\u00e8 jour\u00a0: Aimer Dieu, aimer son prochain<\/strong><\/p>\n<p>D\u00e9part pour Bruges. D\u00e9couverte de la Grand-Place et de la chapelle du Saint-Sang, haut lieu de d\u00e9votion. Balade en bateau sur les canaux. Visite du mus\u00e9e Groeninge, qui abrite de nombreuses \u0153uvres des Primitifs flamands propices \u00e0 nourrir la r\u00e9flexion. Passage par le b\u00e9guinage, fond\u00e9 en 1245, et son jardin de couvent silencieux.<\/p>\n<p><strong>3\u00e8 jour\u00a0: Servir et prendre soin \u00e0 la suite du Christ<\/strong><\/p>\n<p>D\u00e9part pour Bruges. Visite de l\u2019ancien h\u00f4pital Saint-Jean (mus\u00e9e de l\u2019H\u00f4pital), remarquable ensemble hospitalier du 12\u00e8 si\u00e8cle, qui nous plongera dans l\u2019histoire de l\u2019hospitalit\u00e9 chr\u00e9tienne et du soin des plus fragiles \u00e0 travers \u0153uvres d\u2019art et t\u00e9moignages historiques. D\u00e9couverte de l\u2019ancienne pharmacie et du jardin de plantes m\u00e9dicinales, \u00e9voquant le r\u00f4le des s\u0153urs apothicaires. Continuation vers Damme, d\u00e9couverte du centre historique et promenade le long du canal.<\/p>\n<p><strong>4\u00e8 jour\u00a0: Aller annoncer la Bonne Nouvelle<\/strong><\/p>\n<p>D\u00e9part pour Ypres. Visite de la porte de Menin et du mus\u00e9e In Flanders Fields, lieu de m\u00e9moire invitant \u00e0 une r\u00e9flexion sur la paix, la r\u00e9conciliation et l\u2019esp\u00e9rance. Retour en Belgique par les m\u00eames lieux qu\u2019\u00e0 l\u2019aller. Arriv\u00e9e en soir\u00e9e.<\/p>\n<p><span style=\"color: #000080;\"><strong>Prix : 639 \u20ac<\/strong><\/span><\/p>\n<p><span style=\"color: #000080;\">Ce prix comprend : voyage en car, logement en chambre double en maison religieuse de confort simple avec sanitaires priv\u00e9s, pension compl\u00e8te du repas de midi du premier jour au repas de midi du dernier jour, eau aux repas, visites guid\u00e9es mentionn\u00e9es, \u00e9couteurs, assurances assistance et annulation, taxes, pourboires.<\/span><\/p>\n<p><span style=\"color: #000080;\">Non compris : repas du soir du dernier jour, boissons suppl\u00e9mentaires \u00e9ventuelles.<\/span><\/p>\n<p><span style=\"color: #000080;\">Suppl\u00e9ment chambre individuelle : 50 \u20ac<\/span><\/p>\n<p><a href=\"https:\/\/www.pelerinages-namurois.be\/index.php\/inscriptions-2\/\" target=\"_blank\" rel=\"noopener\"><span style=\"color: #000080;\"><img decoding=\"async\" class=\"alignnone wp-image-192\" src=\"https:\/\/www.pelerinages-namurois.be\/wp-content\/uploads\/2021\/04\/inscription.png\" alt=\"\" width=\"269\" height=\"62\" \/><\/span><\/a><\/p>\n<p><span style=\"color: #000080;\">P\u00e8lerinage pr\u00e9vu pour personnes valides, autonomes pouvant marcher et suivre un groupe sans probl\u00e8me.<\/span><\/p>\n","protected":false},"excerpt":{"rendered":"<p>P\u00e8lerinage en Flandre Dates : du 15 au 18 juin 2026 Animation : MM. les abb\u00e9s Bernard Van Vynckt, doyen de Marche-en-Famenne, et Fernand Streber, pr\u00eatre auxiliaire pour le doyenn\u00e9 de Marche-en-Famenne La Flandre poss\u00e8de un patrimoine religieux d\u2019une richesse remarquable, o\u00f9 l\u2019histoire, la foi et l\u2019art se r\u00e9pondent harmonieusement. Si certains lieux sont largement connus, d\u2019autres tr\u00e9sors plus discrets &hellip; <\/p>\n","protected":false},"author":1,"featured_media":0,"parent":0,"menu_order":0,"comment_status":"closed","ping_status":"closed","template":"","meta":{"footnotes":""},"class_list":["post-2328","page","type-page","status-publish","hentry"],"_links":{"self":[{"href":"https:\/\/www.pelerinages-namurois.be\/index.php\/wp-json\/wp\/v2\/pages\/2328","targetHints":{"allow":["GET"]}}],"collection":[{"href":"https:\/\/www.pelerinages-namurois.be\/index.php\/wp-json\/wp\/v2\/pages"}],"about":[{"href":"https:\/\/www.pelerinages-namurois.be\/index.php\/wp-json\/wp\/v2\/types\/page"}],"author":[{"embeddable":true,"href":"https:\/\/www.pelerinages-namurois.be\/index.php\/wp-json\/wp\/v2\/users\/1"}],"replies":[{"embeddable":true,"href":"https:\/\/www.pelerinages-namurois.be\/index.php\/wp-json\/wp\/v2\/comments?post=2328"}],"version-history":[{"count":15,"href":"https:\/\/www.pelerinages-namurois.be\/index.php\/wp-json\/wp\/v2\/pages\/2328\/revisions"}],"predecessor-version":[{"id":3008,"href":"https:\/\/www.pelerinages-namurois.be\/index.php\/wp-json\/wp\/v2\/pages\/2328\/revisions\/3008"}],"wp:attachment":[{"href":"https:\/\/www.pelerinages-namurois.be\/index.php\/wp-json\/wp\/v2\/media?parent=2328"}],"curies":[{"name":"wp","href":"https:\/\/api.w.org\/{rel}","templated":true}]}}