{"id":1686,"date":"2023-02-17T15:57:21","date_gmt":"2023-02-17T15:57:21","guid":{"rendered":"https:\/\/www.pelerinages-namurois.be\/?page_id=1686"},"modified":"2025-01-13T11:17:54","modified_gmt":"2025-01-13T11:17:54","slug":"pelerinages-locaux","status":"publish","type":"page","link":"https:\/\/www.pelerinages-namurois.be\/index.php\/pelerinages-locaux\/","title":{"rendered":"P\u00e8lerinages locaux"},"content":{"rendered":"<p><img fetchpriority=\"high\" decoding=\"async\" class=\"wp-image-1708 alignright\" src=\"https:\/\/www.pelerinages-namurois.be\/wp-content\/uploads\/2023\/02\/IMG_3773-scaled.jpg\" alt=\"\" width=\"284\" height=\"379\" srcset=\"https:\/\/www.pelerinages-namurois.be\/wp-content\/uploads\/2023\/02\/IMG_3773-scaled.jpg 1920w, https:\/\/www.pelerinages-namurois.be\/wp-content\/uploads\/2023\/02\/IMG_3773-225x300.jpg 225w, https:\/\/www.pelerinages-namurois.be\/wp-content\/uploads\/2023\/02\/IMG_3773-768x1024.jpg 768w, https:\/\/www.pelerinages-namurois.be\/wp-content\/uploads\/2023\/02\/IMG_3773-1152x1536.jpg 1152w, https:\/\/www.pelerinages-namurois.be\/wp-content\/uploads\/2023\/02\/IMG_3773-1536x2048.jpg 1536w, https:\/\/www.pelerinages-namurois.be\/wp-content\/uploads\/2023\/02\/IMG_3773-600x800.jpg 600w\" sizes=\"(max-width: 284px) 100vw, 284px\" \/><\/p>\n<p>Partir en p\u00e8lerinage, est une d\u00e9marche qui peut se faire proche de chez soi.<\/p>\n<p>C\u2019est une d\u00e9marche qui se fait en Eglise.<\/p>\n<p>Ci-dessous vous trouverez quelques suggestions de p\u00e8lerinages auxquels vous \u00eates invit\u00e9s \u00e0 vous joindre. Cette liste n\u2019\u00e9tant pas compl\u00e8te, nous vous invitons \u00e0 nous faire part d\u2019initiatives locales qui se font chaque ann\u00e9e ou \u00e0 un rythme r\u00e9gulier.<\/p>\n<p>Notre but est de relayer des initiatives spirituelles locales pour vous faire vivre une exp\u00e9rience communautaire.<\/p>\n<p>&nbsp;<\/p>\n<p><span style=\"color: #000080;\"><em><strong>Beauraing, lieu d\u2019apparition de la Vierge \u00e0 5 enfants entre 1932 et 1933.<\/strong><\/em><\/span><\/p>\n<p>1<sup>er<\/sup> janvier\u00a0: Marie m\u00e8re de Dieu<\/p>\n<p>1<sup>er<\/sup> mai\u00a0: ouverture de la saison des p\u00e8lerinages<\/p>\n<p>31 mai\u00a0: Visitation<\/p>\n<p>15 ao\u00fbt\u00a0: Assomption<\/p>\n<p>31 ao\u00fbt\u00a0: Marie m\u00e9diatrice<\/p>\n<p>8 septembre\u00a0: Nativit\u00e9 de Marie<\/p>\n<p>15 septembre\u00a0: Notre Dame des Douleurs<\/p>\n<p>7 octobre\u00a0: Notre Dame du Rosaire<\/p>\n<p>21 Novembre\u00a0: Pr\u00e9sentation de Marie<\/p>\n<p>Triduum pascal<\/p>\n<p>Chaque 1<sup>er<\/sup> samedi du mois\u00a0: marche<\/p>\n<p>Chaque 2\u00e8 dimanche du mois\u00a0: marche<\/p>\n<p>Plus de renseignements\u00a0: <a href=\"https:\/\/www.sanctuairesdebeauraing.be\" target=\"_blank\" rel=\"noopener\">https:\/\/www.sanctuairesdebeauraing.be<\/a><\/p>\n<p>&nbsp;<\/p>\n<p><span style=\"color: #000080;\"><em><strong>Oizy, chapelle Notre Dame du Bon Secours<\/strong><\/em><\/span><\/p>\n<p>Ascension : p\u00e8lerinage annuel<\/p>\n<p>15 ao\u00fbt\u00a0: eucharistie<\/p>\n<p>Tous les dimanches\u00a0: r\u00e9citation du chapelet<\/p>\n<p>Plus de renseignements :\u00a0<a href=\"https:\/\/notredamedes3vallees.be\/doyenne-de-gedinne\/lieux-de-pelerinage\/oizy-notre-dame-de-bon-secours\/\" target=\"_blank\" rel=\"noopener\">La Chapelle de Oizy<\/a><\/p>\n<p>&nbsp;<\/p>\n<p><span style=\"color: #000080;\"><em><strong>Foy &#8211; Rochefort<\/strong><\/em><\/span><\/p>\n<p>Lundi de Pentec\u00f4te :<\/p>\n<p>p\u00e8lerinage annuel depuis Rochefort, retour \u00e0 Rochefort<\/p>\n<p>Foy, sanctuaire marial du 17\u00e8 s.<\/p>\n<p>Plus de renseignements\u00a0:<\/p>\n<p><a href=\"https:\/\/www.rochefort.eu\/evenements\/pelerinage-annuel-foy-notre-dame\" target=\"_blank\" rel=\"noopener\">https:\/\/www.rochefort.eu\/evenements\/pelerinage-annuel-foy-notre-dame<\/a><\/p>\n<p>&nbsp;<\/p>\n<p><span style=\"color: #000080;\"><em><strong>Wyompont (Tenneville)<\/strong><\/em><\/span><\/p>\n<p>Lundi de Pentec\u00f4te :<\/p>\n<p>p\u00e8lerinage, accompagn\u00e9 d\u2019une messe, de l\u2019exposition du Saint- Sacrement et de la b\u00e9n\u00e9diction des enfants \u00e0 Wyompont (Tenneville)<\/p>\n<p>Plus de renseignements\u00a0:<\/p>\n<p><a href=\"https:\/\/chretienslaroche.be\/pelerinages\/lieux-de-pelerinage\/\" target=\"_blank\" rel=\"noopener\">https:\/\/chretienslaroche.be\/pelerinages\/lieux-de-pelerinage\/<\/a><\/p>\n<p>&nbsp;<\/p>\n<p><span style=\"color: #000080;\"><em><strong>Clairefontaine (Arlon)<\/strong><\/em><\/span><\/p>\n<p>Lundi de Pentec\u00f4te :<\/p>\n<p>10h00 procession devant la chapelle de N.D. du Bel Amour \u00e0 Clairefontaine (Arlon)<\/p>\n<p>10h30, messe en l&rsquo;\u00e9glise des pr\u00eatres du Sacr\u00e9-C\u0153ur<\/p>\n<p>Plus de renseignements :<\/p>\n<p><a href=\"https:\/\/www.saint-martin-arlon.be\/event-details\/pelerinage-a-notre-dame-de-clairefontaine\" target=\"_blank\" rel=\"noopener\">https:\/\/www.saint-martin-arlon.be\/event-details\/pelerinage-a-notre-dame-de-clairefontaine<\/a><\/p>\n<p>&nbsp;<\/p>\n<p><span style=\"color: #000080;\"><strong><em>Walcourt<\/em><\/strong><\/span><\/p>\n<p>15 juin 2025 : dimanche de la Trinit\u00e9<\/p>\n<p>Procession annuelle \u00e0 Walcourt, statuette de Notre-Dame du 11\u00e8 s.<\/p>\n<p>Plus de renseignements\u00a0:<\/p>\n<p><a href=\"https:\/\/trinite-walcourt.be\" target=\"_blank\" rel=\"noopener\">https:\/\/trinite-walcourt.be<\/a><\/p>\n<p>&nbsp;<\/p>\n<p><span style=\"color: #000080;\"><em><strong>La Roche<\/strong><\/em><\/span><\/p>\n<p>Le mercredi qui suit le 21 juillet : p\u00e8lerinage \u00e0 sainte Marguerite a lieu \u00e0 la chapelle \u00e0 La Roche<\/p>\n<p>Le dernier dimanche de septembre : p\u00e8lerinage de Notre-Dame de Lourdes \u00e0 Mierchamps (La Roche)<\/p>\n<p>Plus de renseignements\u00a0:<\/p>\n<p><a href=\"https:\/\/chretienslaroche.be\/pelerinages\/lieux-de-pelerinage\/\" target=\"_blank\" rel=\"noopener\">https:\/\/chretienslaroche.be\/pelerinages\/lieux-de-pelerinage\/\u00a0<\/a><\/p>\n<p>&nbsp;<\/p>\n<p><span style=\"color: #000080;\"><em><strong>Sugny<\/strong><\/em><\/span><\/p>\n<p>16 ao\u00fbt 2025 : p\u00e8lerinage franco-belge<\/p>\n<p>11h00 : eucharistie<\/p>\n<p>15h45 : chemin de croix<\/p>\n<p>20h45 : procession aux flambeaux<\/p>\n<p>Plus de renseignements :<\/p>\n<p><a href=\"https:\/\/notredamedes3vallees.be\/doyenne-de-gedinne\/lieux-de-pelerinage\/sugny-pelerinage-franco-belge\/\" target=\"_blank\" rel=\"noopener\">https:\/\/notredamedes3vallees.be\/doyenne-de-gedinne\/lieux-de-pelerinage\/sugny-pelerinage-franco-belge\/<\/a><\/p>\n<p>&nbsp;<\/p>\n<p><span style=\"color: #000080;\"><em><strong>St-Hubert<\/strong><\/em><\/span><\/p>\n<p>3 novembre 2025 : b\u00e9n\u00e9diction des animaux<\/p>\n<p>Plus de renseignements\u00a0:<\/p>\n<p><a href=\"https:\/\/basilique-sainthubert.be\" target=\"_blank\" rel=\"noopener\">https:\/\/basilique-sainthubert.be<\/a><\/p>\n<p>&nbsp;<\/p>\n<p>&nbsp;<\/p>\n<p><strong>Voici \u00e9galement quelques sanctuaires et autres lieux de p\u00e8lerinages situ\u00e9s dans notre dioc\u00e8se :<\/strong><\/p>\n<p><a href=\"https:\/\/www.sanctuairesdebeauraing.be\/\" target=\"_blank\" rel=\"noopener\">&#8211; Sanctuaire Notre-Dame de Beauraing<\/a><\/p>\n<p><a href=\"https:\/\/www.paroissedemalonne.be\/services-2\" target=\"_blank\" rel=\"noopener\">&#8211; Sanctuaire Saint-Mutien-Marie, Malonne<\/a><\/p>\n<p><a href=\"http:\/\/sainteritabouge.be\/\" target=\"_blank\" rel=\"noopener\">&#8211; Sanctuaire Sainte-Rita, Bouge<\/a><\/p>\n<p><a href=\"https:\/\/saint-antoine.be\/\" target=\"_blank\" rel=\"noopener\">&#8211; Sanctuaire Saint-Antoine, Manhay<\/a><\/p>\n<p><a href=\"https:\/\/www.orval.be\/fr\/\" target=\"_blank\" rel=\"noopener\">&#8211; Abbaye d&rsquo;Orval<\/a><\/p>\n<p><a href=\"https:\/\/www.maredsous.com\/\" target=\"_blank\" rel=\"noopener\">&#8211; Abbaye de Maredsous<\/a><\/p>\n<p><a href=\"https:\/\/www.accueil-abbaye-maredret.info\/\" target=\"_blank\" rel=\"noopener\">&#8211; Abbaye de Maredret<\/a><\/p>\n<p><a href=\"https:\/\/www.hurtebise.eu\/\" target=\"_blank\" rel=\"noopener\">&#8211; Monast\u00e8re d&rsquo;Hurtebise<\/a><\/p>\n<p><a href=\"https:\/\/csilapairelle.be\/\" target=\"_blank\" rel=\"noopener\">&#8211; Centre spirituel de la Pairelle, Namur<\/a><\/p>\n<p><a href=\"https:\/\/www.tiberiade.be\/\" target=\"_blank\" rel=\"noopener\">&#8211; Tib\u00e9riade \u00e0 Lavaux-Sainte-Anne<\/a><\/p>\n","protected":false},"excerpt":{"rendered":"<p>Partir en p\u00e8lerinage, est une d\u00e9marche qui peut se faire proche de chez soi. C\u2019est une d\u00e9marche qui se fait en Eglise. Ci-dessous vous trouverez quelques suggestions de p\u00e8lerinages auxquels vous \u00eates invit\u00e9s \u00e0 vous joindre. Cette liste n\u2019\u00e9tant pas compl\u00e8te, nous vous invitons \u00e0 nous faire part d\u2019initiatives locales qui se font chaque ann\u00e9e ou \u00e0 un rythme r\u00e9gulier. &hellip; <\/p>\n","protected":false},"author":1,"featured_media":0,"parent":0,"menu_order":0,"comment_status":"closed","ping_status":"closed","template":"","meta":{"footnotes":""},"class_list":["post-1686","page","type-page","status-publish","hentry"],"_links":{"self":[{"href":"https:\/\/www.pelerinages-namurois.be\/index.php\/wp-json\/wp\/v2\/pages\/1686","targetHints":{"allow":["GET"]}}],"collection":[{"href":"https:\/\/www.pelerinages-namurois.be\/index.php\/wp-json\/wp\/v2\/pages"}],"about":[{"href":"https:\/\/www.pelerinages-namurois.be\/index.php\/wp-json\/wp\/v2\/types\/page"}],"author":[{"embeddable":true,"href":"https:\/\/www.pelerinages-namurois.be\/index.php\/wp-json\/wp\/v2\/users\/1"}],"replies":[{"embeddable":true,"href":"https:\/\/www.pelerinages-namurois.be\/index.php\/wp-json\/wp\/v2\/comments?post=1686"}],"version-history":[{"count":22,"href":"https:\/\/www.pelerinages-namurois.be\/index.php\/wp-json\/wp\/v2\/pages\/1686\/revisions"}],"predecessor-version":[{"id":2691,"href":"https:\/\/www.pelerinages-namurois.be\/index.php\/wp-json\/wp\/v2\/pages\/1686\/revisions\/2691"}],"wp:attachment":[{"href":"https:\/\/www.pelerinages-namurois.be\/index.php\/wp-json\/wp\/v2\/media?parent=1686"}],"curies":[{"name":"wp","href":"https:\/\/api.w.org\/{rel}","templated":true}]}}