{"id":164,"date":"2021-04-13T10:24:06","date_gmt":"2021-04-13T10:24:06","guid":{"rendered":"https:\/\/www.pelerinages-namurois.be\/?page_id=164"},"modified":"2026-02-13T10:47:00","modified_gmt":"2026-02-13T10:47:00","slug":"finistere","status":"publish","type":"page","link":"https:\/\/www.pelerinages-namurois.be\/index.php\/finistere\/","title":{"rendered":"Finist\u00e8re, une foi populaire b\u00e2tie sur le roc"},"content":{"rendered":"<p style=\"text-align: justify;\"><strong><img fetchpriority=\"high\" decoding=\"async\" class=\"wp-image-3013 alignleft\" src=\"https:\/\/www.pelerinages-namurois.be\/wp-content\/uploads\/2026\/02\/Gui.png\" alt=\"\" width=\"513\" height=\"386\" srcset=\"https:\/\/www.pelerinages-namurois.be\/wp-content\/uploads\/2026\/02\/Gui.png 1430w, https:\/\/www.pelerinages-namurois.be\/wp-content\/uploads\/2026\/02\/Gui-300x226.png 300w, https:\/\/www.pelerinages-namurois.be\/wp-content\/uploads\/2026\/02\/Gui-768x578.png 768w, https:\/\/www.pelerinages-namurois.be\/wp-content\/uploads\/2026\/02\/Gui-600x451.png 600w\" sizes=\"(max-width: 513px) 100vw, 513px\" \/>Dates :<\/strong> du 23 au 29 juin 2026<\/p>\n<p style=\"text-align: justify;\"><strong>Animation :<\/strong> M. l\u2019abb\u00e9 Anastas Sabwe Kalenda, cur\u00e9 \u00e0 Yvoir.<\/p>\n<p><span style=\"color: #333399;\"><strong>Voyage en car<\/strong><\/span><\/p>\n<p><a href=\"https:\/\/www.pelerinages-namurois.be\/index.php\/inscriptions-2\/\" target=\"_blank\" rel=\"noopener\"><img decoding=\"async\" class=\"alignnone wp-image-192\" src=\"https:\/\/www.pelerinages-namurois.be\/wp-content\/uploads\/2021\/04\/inscription.png\" alt=\"\" width=\"269\" height=\"62\" \/><\/a><\/p>\n<p style=\"text-align: justify;\"><span style=\"color: #013579;\"><em>P\u00e8lerins, soyez les bienvenus dans le Finist\u00e8re, c\u2019est-\u00e0-dire \u00e0 l\u2019extr\u00e9mit\u00e9 du monde, aussi bien son commencement que sa fin. Depuis 15 si\u00e8cles, l\u2019Evangile s\u2019est profond\u00e9ment enracin\u00e9 comme le montrent d\u2019innombrables \u00e9glises, chapelles fr\u00e9quent\u00e9es par de nombreux p\u00e8lerinages locaux. Au cours de notre p\u00e8lerinage, nous aurons l\u2019occasion de marcher \u00e0 la suite de ses nombreux saints tels que Tugdual et Yves de Tr\u00e9guier (qui a consacr\u00e9 sa vie \u00e0 la justice et aux pauvres). Et surtout de la Vierge Marie qui a beaucoup de noms affectueux et de repr\u00e9sentations. Cette pi\u00e9t\u00e9 populaire montre \u00e0 quel point les Bretons aiment suivre Notre Dame. Etes-vous partant.e pour d\u00e9couvrir l\u2019enclos paroissial de Guimiliau, des petites cit\u00e9s de caract\u00e8res telles que Tr\u00e9guier et Morlaix, le port et le jardin exotique de Roscoff. Alors, levons l\u2019ancre !<\/em><\/span><i> <\/i><\/p>\n<p class=\"p2\"><strong><span class=\"s2\">1<\/span><span class=\"s3\"><sup>er<\/sup><\/span><span class=\"s2\"> jour :<\/span><\/strong><span class=\"s1\"> d\u00e9part d\u2019Arlon, Libramont, Wanlin, Ach\u00eane, Namur, Gosselies et Mons pour Saint-Jacut-de-la-Mer. Arriv\u00e9e \u00e0 destination pour le repas du soir. Installation pour une nuit. Logement en bord de mer, dans un site magnifique de la c\u00f4te d\u2019Armor. <\/span><\/p>\n<p class=\"p2\"><strong><span class=\"s2\">2<\/span><span class=\"s3\"><sup>e<\/sup><\/span><span class=\"s2\"> jour :<\/span><\/strong><span class=\"s1\"> d\u00e9part pour Tr\u00e9guier, petite cit\u00e9 de caract\u00e8re au bord d\u2019un estuaire avec 57 maisons \u00e0 pans de bois, un H\u00f4tel-Dieu. D\u00e9couverte de sa somptueuse cath\u00e9drale Saint-Tugdual o\u00f9 repose le corps de saint Yves. Installation pour 4 nuits \u00e0 la Maison de l\u2019Ile Blanche \u00e0 Locquirec, entour\u00e9e par un majestueux parc en bordure d\u2019un estuaire.<\/span><\/p>\n<p><img decoding=\"async\" class=\"wp-image-3015 alignright\" src=\"https:\/\/www.pelerinages-namurois.be\/wp-content\/uploads\/2026\/02\/Presquile-de-Locquirec.jpg\" alt=\"\" width=\"475\" height=\"356\" srcset=\"https:\/\/www.pelerinages-namurois.be\/wp-content\/uploads\/2026\/02\/Presquile-de-Locquirec.jpg 720w, https:\/\/www.pelerinages-namurois.be\/wp-content\/uploads\/2026\/02\/Presquile-de-Locquirec-300x225.jpg 300w, https:\/\/www.pelerinages-namurois.be\/wp-content\/uploads\/2026\/02\/Presquile-de-Locquirec-600x450.jpg 600w\" sizes=\"(max-width: 475px) 100vw, 475px\" \/><\/p>\n<p class=\"p2\"><strong><span class=\"s2\">3<\/span><span class=\"s3\"><sup>e<\/sup><\/span><span class=\"s2\"> jour :<\/span><\/strong><span class=\"s1\"> d\u00e9couverte du domaine, du port de Locquirec et de l\u2019\u00e9glise Saint-Jacques b\u00e2tie sur un ancien oratoire d\u2019o\u00f9 Kirec aurait eu pour mission d\u2019\u00e9vang\u00e9liser l\u2019Armorique. Aujourd\u2019hui, saint Jacques remplace saint Kirec. Int\u00e9rieur avec un beau retable du 16<\/span><span class=\"s4\"><sup>\u00e8<\/sup><\/span><span class=\"s1\"> si\u00e8cle \u00e9voquant la passion du Christ. Balade au c\u0153ur de la c\u00f4te de granit rose sur le sentier des douaniers. <\/span><\/p>\n<p class=\"p2\"><strong><span class=\"s2\">4<\/span><span class=\"s3\"><sup>e<\/sup><\/span><span class=\"s2\"> jour :<\/span><\/strong><span class=\"s1\"> d\u00e9part pour Guimiliau, superbe enclos paroissial. Celui-ci est un lieu sacr\u00e9 typiquement breton ferm\u00e9 par une enceinte. Il est compos\u00e9 de 4 \u00e9l\u00e9ments: cimeti\u00e8re, ossuaire, \u00e9glise et calvaire. Le calvaire foisonne de personnages sculpt\u00e9s avec un enseignement sur la mort, le salut et la r\u00e9surrection. Repas dans une maison religieuse. On vous demandera un coup de main. D\u00e9couverte d\u2019une vue extraordinaire sur les landes et sur la mer lointaine depuis les Monts d\u2019Arr\u00e9e. D\u00e9gustation de cidre local.<\/span><\/p>\n<p class=\"p2\"><strong><span class=\"s2\">5<\/span><span class=\"s3\"><sup>e<\/sup><\/span><span class=\"s2\"> jour :<\/span><\/strong><span class=\"s1\"> d\u00e9couverte guid\u00e9e de la ville de Saint-Pol-de-L\u00e9on compos\u00e9e de vieilles ruelles dispos\u00e9es en d\u00e9dale et se terminant par la basilique cath\u00e9drale Paul Aur\u00e9lien, m\u00e9langeant art gothique et art roman. Promenade dans le jardin exotique et botanique de Roscoff b\u00e9n\u00e9ficiant d\u2019une belle vue sur la mer.<\/span><\/p>\n<p class=\"p2\"><strong><span class=\"s2\">6<\/span><span class=\"s3\"><sup>e<\/sup><\/span><span class=\"s2\"> jour :<\/span><\/strong><span class=\"s1\"> d\u00e9couverte de la Vierge ouvrante de Notre-Dame-des-Murs \u00e0 Morlaix. Cette statue renferme en son sein, une repr\u00e9sentation trinitaire connue sous le nom de \u00abtr\u00f4ne de gr\u00e2ce\u00bb : le Christ en croix, tenu par Dieu le P\u00e8re avec la colombe de l\u2019Esprit. Installation pour 1 nuit \u00e0 la maison d\u2019accueil Etoile de la Mer \u00e0 St-Jean-le-Thomas dans la baie du Mont-St-Michel.<\/span><\/p>\n<p class=\"p2\"><strong><span class=\"s2\">7<\/span><span class=\"s3\"><sup>e<\/sup><\/span><span class=\"s2\"> jour :<\/span><\/strong><span class=\"s1\"> retour en Belgique en passant par l\u2019abbaye de Mondaye pour y assister \u00e0 la messe avec les pr\u00e9montr\u00e9s. Repas \u00e0 l\u2019h\u00f4tellerie monastique. Un coup de main vous sera demand\u00e9 pour la vaisselle et le rangement. Arriv\u00e9e en fin de soir\u00e9e aux diff\u00e9rents endroits de ramassage du car en Belgique.<\/span><\/p>\n<p>&nbsp;<\/p>\n<p><span style=\"color: #000080;\"><strong>Prix\u00a0:<\/strong> 1.095 \u20ac<\/span><\/p>\n<p><span style=\"color: #000080;\"><strong>Inclus\u00a0:<\/strong> d\u00e9placements en car, logement en pension compl\u00e8te du repas du soir du 1er jour au repas de midi du dernier jour en maisons religieuses avec sanitaires privatifs, visites guid\u00e9es, d\u00e9gustation de cidre, oreillettes, pourboires, boissons aux repas de midi sauf le 3e jour, assurances assistance et annulation.<\/span><\/p>\n<p><span style=\"color: #000080;\"><strong>Non inclus\u00a0:<\/strong> boissons, pique-nique de midi du 1er jour, collation du soir du dernier jour.<\/span><\/p>\n<p><span style=\"color: #000080;\"><strong>Suppl\u00e9ment single\u00a0:<\/strong> 150 \u20ac<\/span><\/p>\n<p><span style=\"color: #000080;\">P\u00e8lerinage pr\u00e9vu pour personnes valides, autonomes pouvant marcher et suivre un groupe sans probl\u00e8me.<\/span><\/p>\n<p><a href=\"https:\/\/www.pelerinages-namurois.be\/index.php\/inscriptions-2\/\" target=\"_blank\" rel=\"noopener\"><img decoding=\"async\" class=\"alignnone wp-image-192\" src=\"https:\/\/www.pelerinages-namurois.be\/wp-content\/uploads\/2021\/04\/inscription.png\" alt=\"\" width=\"269\" height=\"62\" \/><\/a><\/p>\n","protected":false},"excerpt":{"rendered":"<p>Dates : du 23 au 29 juin 2026 Animation : M. l\u2019abb\u00e9 Anastas Sabwe Kalenda, cur\u00e9 \u00e0 Yvoir. Voyage en car P\u00e8lerins, soyez les bienvenus dans le Finist\u00e8re, c\u2019est-\u00e0-dire \u00e0 l\u2019extr\u00e9mit\u00e9 du monde, aussi bien son commencement que sa fin. Depuis 15 si\u00e8cles, l\u2019Evangile s\u2019est profond\u00e9ment enracin\u00e9 comme le montrent d\u2019innombrables \u00e9glises, chapelles fr\u00e9quent\u00e9es par de nombreux p\u00e8lerinages locaux. Au &hellip; <\/p>\n","protected":false},"author":1,"featured_media":0,"parent":0,"menu_order":0,"comment_status":"closed","ping_status":"closed","template":"","meta":{"footnotes":""},"class_list":["post-164","page","type-page","status-publish","hentry"],"_links":{"self":[{"href":"https:\/\/www.pelerinages-namurois.be\/index.php\/wp-json\/wp\/v2\/pages\/164","targetHints":{"allow":["GET"]}}],"collection":[{"href":"https:\/\/www.pelerinages-namurois.be\/index.php\/wp-json\/wp\/v2\/pages"}],"about":[{"href":"https:\/\/www.pelerinages-namurois.be\/index.php\/wp-json\/wp\/v2\/types\/page"}],"author":[{"embeddable":true,"href":"https:\/\/www.pelerinages-namurois.be\/index.php\/wp-json\/wp\/v2\/users\/1"}],"replies":[{"embeddable":true,"href":"https:\/\/www.pelerinages-namurois.be\/index.php\/wp-json\/wp\/v2\/comments?post=164"}],"version-history":[{"count":113,"href":"https:\/\/www.pelerinages-namurois.be\/index.php\/wp-json\/wp\/v2\/pages\/164\/revisions"}],"predecessor-version":[{"id":3017,"href":"https:\/\/www.pelerinages-namurois.be\/index.php\/wp-json\/wp\/v2\/pages\/164\/revisions\/3017"}],"wp:attachment":[{"href":"https:\/\/www.pelerinages-namurois.be\/index.php\/wp-json\/wp\/v2\/media?parent=164"}],"curies":[{"name":"wp","href":"https:\/\/api.w.org\/{rel}","templated":true}]}}