{"id":1633,"date":"2023-02-09T16:49:00","date_gmt":"2023-02-09T16:49:00","guid":{"rendered":"https:\/\/www.pelerinages-namurois.be\/?page_id=1633"},"modified":"2026-03-11T08:03:56","modified_gmt":"2026-03-11T08:03:56","slug":"paris-1-jour","status":"publish","type":"page","link":"https:\/\/www.pelerinages-namurois.be\/index.php\/paris-1-jour\/","title":{"rendered":"Paris 1 jour"},"content":{"rendered":"<p><span style=\"color: #004275;\"><strong><i><img fetchpriority=\"high\" decoding=\"async\" class=\"wp-image-598 alignleft\" src=\"https:\/\/www.pelerinages-namurois.be\/wp-content\/uploads\/2021\/04\/paris_med-scaled.jpg\" alt=\"\" width=\"471\" height=\"354\" srcset=\"https:\/\/www.pelerinages-namurois.be\/wp-content\/uploads\/2021\/04\/paris_med-scaled.jpg 2560w, https:\/\/www.pelerinages-namurois.be\/wp-content\/uploads\/2021\/04\/paris_med-scaled-600x450.jpg 600w, https:\/\/www.pelerinages-namurois.be\/wp-content\/uploads\/2021\/04\/paris_med-300x225.jpg 300w, https:\/\/www.pelerinages-namurois.be\/wp-content\/uploads\/2021\/04\/paris_med-768x576.jpg 768w, https:\/\/www.pelerinages-namurois.be\/wp-content\/uploads\/2021\/04\/paris_med-1536x1152.jpg 1536w, https:\/\/www.pelerinages-namurois.be\/wp-content\/uploads\/2021\/04\/paris_med-2048x1536.jpg 2048w\" sizes=\"(max-width: 471px) 100vw, 471px\" \/>Paris 1 jour : M\u00e9daille Miraculeuse et Notre-Dame<br \/>\n<\/i><\/strong><\/span><\/p>\n<p><strong>Dates :<\/strong><\/p>\n<ul>\n<li>Samedi 2 mai 2026 <span style=\"color: #ff0000;\">(complet)<\/span><\/li>\n<li>Samedi 13 juin 2026<\/li>\n<\/ul>\n<p><em>Programme \u00e9labor\u00e9 par les p\u00e8lerinages de Tournai<\/em><\/p>\n<p style=\"text-align: justify;\"><span style=\"color: #004275;\"><i>Le 15 avril 2019, un incendie se d\u00e9clarait dans la cath\u00e9drale Notre-Dame de Paris. Les charpentes m\u00e9di\u00e9vales et la fl\u00e8che \u00e9rig\u00e9e au 19\u00e8me si\u00e8cle par l\u2019architecte fran\u00e7ais Eug\u00e8ne Viollet-le-Duc partaient en fum\u00e9e tandis que certaines vo\u00fbtes s\u2019effondraient. Finalement, la restauration de la cath\u00e9drale de Notre- Dame aura transform\u00e9 la trag\u00e9die de l\u2019incendie en une magnifique opportunit\u00e9 pour restaurer l\u2019ensemble de l\u2019\u00e9difice et mieux le conna\u00eetre. Un an apr\u00e8s sa r\u00e9ouverture, la cath\u00e9drale a accueilli plus de 11 millions de personnes, qui se pressent pour admirer la pierre blonde et le mobilier \u00e9pur\u00e9 de l\u2019\u00e9difice. Notre-Dame n\u2019est pas encore totalement remise \u00e0 neuf. Restent encore la sacristie, les trois grandes roses de la cath\u00e9drale, les fa\u00e7ades nord et sud du transept.<\/i><\/span><\/p>\n<p style=\"text-align: justify;\"><strong>Programme de la journ\u00e9e :<\/strong><\/p>\n<p class=\"p1\"><span class=\"s1\">Navette de Namur-Charleroi vers St-Ghislain et transfert dans le car venant de Tournai, direction Paris avec un arr\u00eat en cours de route. Vers 10h, arriv\u00e9e \u00e0 la Chapelle de la M\u00e9daille Miraculeuse, vid\u00e9o, temps libre et c\u00e9l\u00e9bration. Repas. Vers 15 h30, p\u00e9r\u00e9grination silencieuse dans la cath\u00e9drale puis visite ext\u00e9rieure de la cath\u00e9drale. Vers 17h d\u00e9part pour le retour en Belgique avec arr\u00eat en cours de route.<\/span><\/p>\n<p style=\"text-align: justify;\"><strong>PRIX :<\/strong> 135 \u20ac<\/p>\n<p><strong><span lang=\"FR-BE\">Inclus\u00a0:\u00a0<\/span><\/strong>voyage en car, repas de midi, boissons, visites, assurances assistance et annulation, pourboires.<\/p>\n<p><strong>Non-inclus :<\/strong> repas du soir.<\/p>\n<p><strong>Remarque : <\/strong>P\u00e8lerinage pr\u00e9vu pour personnes valides, autonomes pouvant marcher et suivre un groupe sans probl\u00e8me.<\/p>\n<p style=\"text-align: justify;\"><a href=\"https:\/\/www.pelerinages-namurois.be\/index.php\/inscriptions-2\/\" target=\"_blank\" rel=\"noopener\"><img decoding=\"async\" class=\"alignnone wp-image-192\" src=\"https:\/\/www.pelerinages-namurois.be\/wp-content\/uploads\/2021\/04\/inscription.png\" alt=\"\" width=\"252\" height=\"58\" \/><\/a><\/p>\n","protected":false},"excerpt":{"rendered":"<p>Paris 1 jour : M\u00e9daille Miraculeuse et Notre-Dame Dates : Samedi 2 mai 2026 (complet) Samedi 13 juin 2026 Programme \u00e9labor\u00e9 par les p\u00e8lerinages de Tournai Le 15 avril 2019, un incendie se d\u00e9clarait dans la cath\u00e9drale Notre-Dame de Paris. Les charpentes m\u00e9di\u00e9vales et la fl\u00e8che \u00e9rig\u00e9e au 19\u00e8me si\u00e8cle par l\u2019architecte fran\u00e7ais Eug\u00e8ne Viollet-le-Duc partaient en fum\u00e9e tandis que &hellip; <\/p>\n","protected":false},"author":1,"featured_media":0,"parent":0,"menu_order":0,"comment_status":"closed","ping_status":"closed","template":"","meta":{"footnotes":""},"class_list":["post-1633","page","type-page","status-publish","hentry"],"_links":{"self":[{"href":"https:\/\/www.pelerinages-namurois.be\/index.php\/wp-json\/wp\/v2\/pages\/1633","targetHints":{"allow":["GET"]}}],"collection":[{"href":"https:\/\/www.pelerinages-namurois.be\/index.php\/wp-json\/wp\/v2\/pages"}],"about":[{"href":"https:\/\/www.pelerinages-namurois.be\/index.php\/wp-json\/wp\/v2\/types\/page"}],"author":[{"embeddable":true,"href":"https:\/\/www.pelerinages-namurois.be\/index.php\/wp-json\/wp\/v2\/users\/1"}],"replies":[{"embeddable":true,"href":"https:\/\/www.pelerinages-namurois.be\/index.php\/wp-json\/wp\/v2\/comments?post=1633"}],"version-history":[{"count":14,"href":"https:\/\/www.pelerinages-namurois.be\/index.php\/wp-json\/wp\/v2\/pages\/1633\/revisions"}],"predecessor-version":[{"id":3153,"href":"https:\/\/www.pelerinages-namurois.be\/index.php\/wp-json\/wp\/v2\/pages\/1633\/revisions\/3153"}],"wp:attachment":[{"href":"https:\/\/www.pelerinages-namurois.be\/index.php\/wp-json\/wp\/v2\/media?parent=1633"}],"curies":[{"name":"wp","href":"https:\/\/api.w.org\/{rel}","templated":true}]}}