{"id":1558,"date":"2023-02-09T14:04:03","date_gmt":"2023-02-09T14:04:03","guid":{"rendered":"https:\/\/www.pelerinages-namurois.be\/?page_id=1558"},"modified":"2026-02-17T15:22:25","modified_gmt":"2026-02-17T15:22:25","slug":"compensation-co2","status":"publish","type":"page","link":"https:\/\/www.pelerinages-namurois.be\/index.php\/compensation-co2\/","title":{"rendered":"Compensation des gaz \u00e0 effet de serre"},"content":{"rendered":"<p class=\"p1\"><span class=\"s1\"><b><img fetchpriority=\"high\" decoding=\"async\" class=\"wp-image-1592 alignleft\" src=\"https:\/\/www.pelerinages-namurois.be\/wp-content\/uploads\/2023\/02\/butare4.jpg\" alt=\"\" width=\"549\" height=\"324\" srcset=\"https:\/\/www.pelerinages-namurois.be\/wp-content\/uploads\/2023\/02\/butare4.jpg 1080w, https:\/\/www.pelerinages-namurois.be\/wp-content\/uploads\/2023\/02\/butare4-300x177.jpg 300w, https:\/\/www.pelerinages-namurois.be\/wp-content\/uploads\/2023\/02\/butare4-768x454.jpg 768w, https:\/\/www.pelerinages-namurois.be\/wp-content\/uploads\/2023\/02\/butare4-600x354.jpg 600w\" sizes=\"(max-width: 549px) 100vw, 549px\" \/>Projet de d\u00e9veloppement rural pour compenser les cons\u00e9quences des \u00e9missions des gaz \u00e0 effet de serre de nos d\u00e9placements en avion<\/b><\/span><\/p>\n<p class=\"p2\" style=\"text-align: justify;\"><span class=\"s1\">Si l\u2019avion est un formidable moyen de rapprocher les hommes et de les faire se rencontrer, c\u2019est aussi le mode de transport actuel de loin le plus polluant par personne et par kilom\u00e8tre malgr\u00e9 une efficacit\u00e9 \u00e9nerg\u00e9tique en am\u00e9lioration. A ce jour, c\u2019est aussi le seul moyen de transport qui ne paie pas de TVA alors qu\u2019il a \u00e9t\u00e9 d\u00e9montr\u00e9 qu\u2019il contribue avec les autres modes de transports, les industries et le chauffage au changement climatique. Soucieux de ce constat et respectueux de la cr\u00e9ation qui nous est confi\u00e9e, nous voulons r\u00e9agir concr\u00e8tement. Inspir\u00e9s par l\u2019Encyclique Laudato\u2019 si (LS), nous avons amorc\u00e9 depuis 7 ans un changement d\u2019habitude. Ainsi, les voyageurs en avion participent financi\u00e8rement \u00e0 un projet de d\u00e9veloppement rural int\u00e9gr\u00e9 au Rwanda soutenu par Caritas Butare. <\/span><\/p>\n<p class=\"p3\"><span class=\"s2\">A titre d\u2019exemples <\/span><span class=\"s2\">:<\/span><\/p>\n<table class=\"t1\" style=\"height: 504px;\" width=\"509\" cellspacing=\"0\" cellpadding=\"0\">\n<tbody>\n<tr>\n<td class=\"td1\" valign=\"top\">\n<p class=\"p1\"><span class=\"s1\"><b>Vol aller-retour<\/b><\/span><\/p>\n<\/td>\n<td class=\"td1\" valign=\"top\">\n<p class=\"p2\"><span class=\"s1\"><b>Impact CO<\/b><\/span><span class=\"s2\"><b>2<\/b><\/span><span class=\"s1\"><b>*<\/b><\/span><\/p>\n<\/td>\n<td class=\"td1\" valign=\"top\">\n<p class=\"p2\"><span class=\"s3\"><b>Compensation <\/b><\/span><\/p>\n<\/td>\n<\/tr>\n<tr>\n<td class=\"td1\" valign=\"middle\">\n<p class=\"p3\"><span class=\"s1\">Bruxelles \u2013 Marrakech<\/span><\/p>\n<p class=\"p3\"><span class=\"s1\">Casablanca \u2013 Bruxelles<\/span><\/p>\n<\/td>\n<td class=\"td1\" valign=\"middle\">\n<p class=\"p4\"><span class=\"s1\">1266 kg*<\/span><\/p>\n<\/td>\n<td class=\"td1\" valign=\"middle\">\n<p class=\"p4\"><span class=\"s1\">39 \u20ac<\/span><\/p>\n<\/td>\n<\/tr>\n<tr>\n<td class=\"td1\" valign=\"middle\">\n<p class=\"p3\"><span class=\"s1\">Bruxelles \u2013 Ath\u00e8nes<\/span><\/p>\n<\/td>\n<td class=\"td1\" valign=\"middle\">\n<p class=\"p4\"><span class=\"s1\">803 kg*<\/span><\/p>\n<\/td>\n<td class=\"td1\" valign=\"middle\">\n<p class=\"p4\"><span class=\"s1\">24 \u20ac<\/span><\/p>\n<\/td>\n<\/tr>\n<tr>\n<td class=\"td1\" valign=\"middle\">\n<p class=\"p3\"><span class=\"s1\">Bruxelles \u2013 La Valette<\/span><\/p>\n<\/td>\n<td class=\"td1\" valign=\"middle\">\n<p class=\"p4\"><span class=\"s1\">722 kg*<\/span><\/p>\n<\/td>\n<td class=\"td1\" valign=\"middle\">\n<p class=\"p4\"><span class=\"s1\">23 \u20ac<\/span><\/p>\n<\/td>\n<\/tr>\n<tr>\n<td class=\"td1\" valign=\"middle\">\n<p class=\"p3\"><span class=\"s1\">Bruxelles \u2013 Rome<\/span><\/p>\n<\/td>\n<td class=\"td1\" valign=\"middle\">\n<p class=\"p4\"><span class=\"s1\">489 kg*<\/span><\/p>\n<\/td>\n<td class=\"td1\" valign=\"middle\">\n<p class=\"p4\"><span class=\"s1\">15 \u20ac<\/span><\/p>\n<\/td>\n<\/tr>\n<tr>\n<td class=\"td1\" valign=\"middle\">\n<p class=\"p3\"><span class=\"s1\">Bruxelles &#8211; Izmir <\/span><\/p>\n<\/td>\n<td class=\"td1\" valign=\"middle\">\n<p class=\"p4\"><span class=\"s1\">887 kg*<\/span><\/p>\n<\/td>\n<td class=\"td1\" valign=\"middle\">\n<p class=\"p4\"><span class=\"s1\">27 \u20ac<\/span><\/p>\n<\/td>\n<\/tr>\n<tr>\n<td class=\"td1\" valign=\"middle\">\n<p class=\"p3\"><span class=\"s1\">Bruxelles \u2013 Dakar <\/span><\/p>\n<p class=\"p5\"><span class=\"s1\">Banjul \u2013 Bruxelles<\/span><\/p>\n<\/td>\n<td class=\"td1\" valign=\"middle\">\n<p class=\"p4\"><span class=\"s1\">2108 kg*<\/span><\/p>\n<\/td>\n<td class=\"td1\" valign=\"middle\">\n<p class=\"p4\"><span class=\"s1\">68 \u20ac<\/span><\/p>\n<\/td>\n<\/tr>\n<\/tbody>\n<\/table>\n<p class=\"p3\" style=\"text-align: center;\"><em><span class=\"s7\">* <\/span><span class=\"s6\">L&rsquo;\u00e9quivalent en impact CO<\/span><span class=\"s8\"><sub>2<\/sub><\/span><span class=\"s6\"> = \u00e9mission de CO<\/span><span class=\"s8\"><sub>2<\/sub><\/span><span class=\"s6\"> + effet radiatif des autres gaz.<span class=\"Apple-converted-space\">\u00a0<\/span><\/span><\/em><\/p>\n<p class=\"p1\" style=\"text-align: justify;\"><span class=\"s1\">En effet, <span style=\"color: #333399;\"><i>\u00ab \u2026 Il est fondamental de chercher des solutions int\u00e9grales qui prennent en compte les interactions des syst\u00e8mes naturels entre eux et avec les syst\u00e8mes sociaux. Il n\u2019y a pas deux crises s\u00e9par\u00e9es, l\u2019une environnementale et l\u2019autre sociale, mais une seule et complexe crise socio-environnementale. Les possibilit\u00e9s de solution requi\u00e8rent une approche int\u00e9grale pour combattre la pauvret\u00e9, pour rendre la dignit\u00e9 aux exclus et simultan\u00e9ment pour pr\u00e9server la nature. \u00bb<\/i> <\/span>LS n\u00b0 139.<\/span><\/p>\n<p class=\"p1\" style=\"text-align: justify;\"><span class=\"s1\">Depuis 2017, 30.501 \u20ac ont \u00e9t\u00e9 vers\u00e9s par notre association et mis en \u0153uvre par Caritas Butare (Rwanda). En 2023, le montant des versements s\u2019est \u00e9lev\u00e9 \u00e0 6671\u00a0\u20ac (dont 750 \u20ac de dons). Cette somme a r\u00e9pondu \u00e0 deux attentes. D\u2019abord, assister les sinistr\u00e9s de la r\u00e9gion affect\u00e9e par les inondations du printemps 2023. Gr\u00e2ce \u00e0 cette somme, des vivres\/denr\u00e9es alimentaires (2522 kg et 40 l d\u2019huile), des couvertures (115) et des t\u00f4les (70) ont pu \u00eatre fournies. Ensuite et dans le prolongement de notre engagement, 2000 arbres fruitiers ont \u00e9t\u00e9 mis en place et entretenus sur des terres non exploit\u00e9es du dioc\u00e8se de Butare dans la paroisse de Mugombwa. Cette r\u00e9gion pauvre subit une d\u00e9forestation rapide en raison de l\u2019installation de r\u00e9fugi\u00e9s congolais. Pour rappel, ces plants servent \u00e0 reboiser des terrains (permettant de limiter l\u2019\u00e9rosion dans ce pays pentu), \u00e0 s\u00e9questrer du carbone (et \u00e0 servir de combustible \u00e0 terme) ainsi qu\u2019\u00e0 diminuer la malnutrition des enfants gr\u00e2ce aux fruits produits. <\/span><\/p>\n<p class=\"p1\" style=\"text-align: justify;\"><span class=\"s1\">L\u2019an prochain, nous continuerons \u00e0 vous d\u00e9tailler notre partenariat dont la finalit\u00e9 est l\u2019autonomie des populations aid\u00e9es. Ce partenariat est aussi bas\u00e9 sur une id\u00e9e fondamentale : <span style=\"color: #333399;\"><i>\u00ab \u2026 une vraie approche \u00e9cologique se transforme toujours en une approche sociale, qui doit int\u00e9grer la justice dans les discussions sur l\u2019environnement, pour \u00e9couter tant la clameur de la terre que la clameur des pauvres \u00bb<\/i><\/span> LS n\u00b049.<\/span><\/p>\n<p class=\"p1\" style=\"text-align: justify;\"><span class=\"s1\"><span style=\"color: #333399;\"><i>\u00ab \u2026Tous, nous pouvons collaborer comme instruments de Dieu pour la sauvegarde de la cr\u00e9ation, chacun selon sa culture, son exp\u00e9rience, ses initiatives et ses capacit\u00e9s \u00bb<\/i> <\/span>LS n\u00b014.<\/span><\/p>\n<p class=\"p1\" style=\"text-align: justify;\"><span class=\"s1\">Si vous \u00eates sensible \u00e0 ce projet, vous pouvez effectuer un versement sur notre compte TERRE DE SENS A.S.B.L. : BE98 3500 0380 9593 en indiquant clairement en communication \u00ab don projet caritas Butare \u00bb. <\/span><\/p>\n<p class=\"p1\" style=\"text-align: justify;\"><span class=\"s2\">A titre d\u2019exemple, le budget pour produire et entretenir un avocatier : 16,50 \u20ac, un citronnier : 22 \u20ac et un papayer : 2,30 \u20ac.<\/span><\/p>\n<p class=\"p1\" style=\"text-align: justify;\"><span class=\"s1\">Ce montant sera transf\u00e9r\u00e9 int\u00e9gralement au b\u00e9n\u00e9ficiaire. Nous vous remercions d\u2019avance pour votre geste. <\/span><span class=\"s3\"><b>Attention<\/b><\/span><span class=\"s1\"> : le versement d\u2019un don ne s\u2019accompagne pas d\u2019une attestation fiscale.<\/span><\/p>\n<p class=\"p1\" style=\"text-align: justify;\"><span class=\"s1\">En guise de conclusion : <span style=\"color: #333399;\"><i>\u00ab J\u2019invite tous les chr\u00e9tiens \u00e0 expliciter cette dimension de leur conversion, en permettant que la force et la lumi\u00e8re de la gr\u00e2ce re\u00e7ue s\u2019\u00e9tendent aussi \u00e0 leur relation avec les autres cr\u00e9atures ainsi qu\u2019avec le monde qui les entoure, et suscitent cette fraternit\u00e9 sublime avec toute la cr\u00e9ation, que saint Fran\u00e7ois d\u2019Assise a v\u00e9cue d\u2019une mani\u00e8re si lumineuse. \u00bb<\/i> <\/span>LS n \u00b0221<\/span><\/p>\n","protected":false},"excerpt":{"rendered":"<p>Projet de d\u00e9veloppement rural pour compenser les cons\u00e9quences des \u00e9missions des gaz \u00e0 effet de serre de nos d\u00e9placements en avion Si l\u2019avion est un formidable moyen de rapprocher les hommes et de les faire se rencontrer, c\u2019est aussi le mode de transport actuel de loin le plus polluant par personne et par kilom\u00e8tre malgr\u00e9 une efficacit\u00e9 \u00e9nerg\u00e9tique en am\u00e9lioration. &hellip; <\/p>\n","protected":false},"author":1,"featured_media":0,"parent":0,"menu_order":0,"comment_status":"closed","ping_status":"closed","template":"","meta":{"footnotes":""},"class_list":["post-1558","page","type-page","status-publish","hentry"],"_links":{"self":[{"href":"https:\/\/www.pelerinages-namurois.be\/index.php\/wp-json\/wp\/v2\/pages\/1558","targetHints":{"allow":["GET"]}}],"collection":[{"href":"https:\/\/www.pelerinages-namurois.be\/index.php\/wp-json\/wp\/v2\/pages"}],"about":[{"href":"https:\/\/www.pelerinages-namurois.be\/index.php\/wp-json\/wp\/v2\/types\/page"}],"author":[{"embeddable":true,"href":"https:\/\/www.pelerinages-namurois.be\/index.php\/wp-json\/wp\/v2\/users\/1"}],"replies":[{"embeddable":true,"href":"https:\/\/www.pelerinages-namurois.be\/index.php\/wp-json\/wp\/v2\/comments?post=1558"}],"version-history":[{"count":54,"href":"https:\/\/www.pelerinages-namurois.be\/index.php\/wp-json\/wp\/v2\/pages\/1558\/revisions"}],"predecessor-version":[{"id":1563,"href":"https:\/\/www.pelerinages-namurois.be\/index.php\/wp-json\/wp\/v2\/pages\/1558\/revisions\/1563"}],"wp:attachment":[{"href":"https:\/\/www.pelerinages-namurois.be\/index.php\/wp-json\/wp\/v2\/media?parent=1558"}],"curies":[{"name":"wp","href":"https:\/\/api.w.org\/{rel}","templated":true}]}}