{"id":155,"date":"2021-04-13T10:17:37","date_gmt":"2021-04-13T10:17:37","guid":{"rendered":"https:\/\/www.pelerinages-namurois.be\/?page_id=155"},"modified":"2026-01-12T16:00:54","modified_gmt":"2026-01-12T16:00:54","slug":"banneux-1-jour","status":"publish","type":"page","link":"https:\/\/www.pelerinages-namurois.be\/index.php\/banneux-1-jour\/","title":{"rendered":"Banneux 1 jour"},"content":{"rendered":"<p><strong><img fetchpriority=\"high\" decoding=\"async\" class=\"wp-image-467 alignleft\" src=\"https:\/\/www.pelerinages-namurois.be\/wp-content\/uploads\/2021\/04\/banneux002-scaled.jpeg\" alt=\"\" width=\"478\" height=\"359\" srcset=\"https:\/\/www.pelerinages-namurois.be\/wp-content\/uploads\/2021\/04\/banneux002-scaled.jpeg 2560w, https:\/\/www.pelerinages-namurois.be\/wp-content\/uploads\/2021\/04\/banneux002-scaled-600x450.jpeg 600w, https:\/\/www.pelerinages-namurois.be\/wp-content\/uploads\/2021\/04\/banneux002-300x225.jpeg 300w, https:\/\/www.pelerinages-namurois.be\/wp-content\/uploads\/2021\/04\/banneux002-1024x768.jpeg 1024w, https:\/\/www.pelerinages-namurois.be\/wp-content\/uploads\/2021\/04\/banneux002-768x576.jpeg 768w, https:\/\/www.pelerinages-namurois.be\/wp-content\/uploads\/2021\/04\/banneux002-1536x1152.jpeg 1536w, https:\/\/www.pelerinages-namurois.be\/wp-content\/uploads\/2021\/04\/banneux002-2048x1536.jpeg 2048w\" sizes=\"(max-width: 478px) 100vw, 478px\" \/><\/strong><\/p>\n<p><strong>Date :<\/strong> 1 jour, le dimanche 26 avril 2026<\/p>\n<p><a href=\"https:\/\/www.pelerinages-namurois.be\/index.php\/inscription-banneux-1-jour\/\" target=\"_blank\" rel=\"noopener\"><img decoding=\"async\" class=\"alignnone wp-image-192\" src=\"https:\/\/www.pelerinages-namurois.be\/wp-content\/uploads\/2021\/04\/inscription.png\" alt=\"\" width=\"252\" height=\"58\" \/><\/a><\/p>\n<p><span style=\"color: #002e63;\"><em>Venez passer une journ\u00e9e ressour\u00e7ante dans les sanctuaires de Banneux \u00e0 la rencontre de la Belle Dame, rayonnante de lumi\u00e8re. Vous rejoindrez les p\u00e8lerins du triduum des malades de notre Hospitalit\u00e9 dioc\u00e9saine. Ce p\u00e8lerinage est ouvert aux personnes \u00e0 mobilit\u00e9 r\u00e9duite qui sont accompagn\u00e9es par un proche. A cet effet, nous avons pr\u00e9vu un car avec \u00e9l\u00e9vateur. Au plaisir de vous y rencontrer. <\/em><\/span><\/p>\n<p><strong><span style=\"color: #002e63;\"><em>Petite histoire des apparitions<\/em><\/span><\/strong><\/p>\n<p><span style=\"color: #002e63;\"><em>La Belle Dame, rayonnante de lumi\u00e8re, fascine la petite Mariette d\u00e8s la premi\u00e8re apparition, le soir du 15 janvier 1933. D\u2019un signe de la main, Elle invite la fillette \u00e0 la rejoindre dans le jardin. Quand l\u2019enfant quitte la fen\u00eatre et se dirige vers la sortie, maman Beco, peureuse et superstitieuse, s\u2019interpose et met le verrou. Ce soir-l\u00e0, la porte reste ferm\u00e9e, emp\u00eachant ainsi la rencontre\u2026 Trois jours plus tard, le mercredi 19 janvier, Mariette se faufile \u00e0 l\u2019insu de sa m\u00e8re, s\u2019agenouille sur le sentier qui m\u00e8ne \u00e0 la route et attend, en priant le chapelet. En pr\u00e9sence de Marie, l\u2019enfant entre en extase, et son p\u00e8re, dans son d\u00e9sarroi, court au village appeler le chapelain Jamin. Ce dernier n\u2019\u00e9tant pas \u00e0 la maison, Monsieur Charles\u00e8che et son fils accompagnent Julien Beco. Arriv\u00e9s \u00e0 hauteur du jardin, ils voient Mariette s\u2019engager sur la route. Ils l\u2019interpellent : \u00ab Mais, o\u00f9 vas-tu ? \u2013 Elle m\u2019appelle ! \u00bb Confiante, l\u2019enfant chemine, pas-\u00e0-pas avec la Belle Dame jusqu\u2019\u00e0 la source\u2026 \u00ab Elle m\u2019appelle ! \u00bb Depuis 1933, des millions de p\u00e8lerins ont r\u00e9pondu \u00e0 l\u2019appel de la Vierge des Pauvres. Avec confiance, ils se sont mis en route vers la source de Banneux afin d\u2019y puiser l\u2019eau vive. La pand\u00e9mie, les confinements \u00e0 r\u00e9p\u00e9tition et les restrictions de voyage ont emp\u00each\u00e9 beaucoup de monde de p\u00e9r\u00e9griner et de r\u00e9pondre \u00e0 l\u2019invitation de Marie alors que, comme Mariette, ils le d\u00e9siraient de tout c\u0153ur. N\u2019ayons pas peur d\u2019ouvrir nos portes, de surmonter les obstacles et de franchir les fronti\u00e8res : la Vierge des Pauvres nous donne rendez-vous dans \u00ab son \u00bb sanctuaire de Banneux. \u00ab Viens, elle t\u2019appelle ! \u00bb. <\/em><\/span><\/p>\n<p style=\"text-align: justify;\"><strong>Programme :<\/strong><\/p>\n<p>Matin : d\u00e9part en car depuis Arlon, Libramont, Marche et Namur pour \u00e0 Banneux vers 09h15. Pr\u00e9sentation de l\u2019histoire des apparitions par le p\u00e8re L\u00e9o Palm, recteur des sanctuaires puis participation \u00e0 la messe internationale des sanctuaires.<\/p>\n<p>Midi : repas avec eau et caf\u00e9.<\/p>\n<p>Apr\u00e8s-midi : tour comment\u00e9 des sanctuaires. Participation au salut et \u00e0 la b\u00e9n\u00e9diction des malades. Puis temps libre.<\/p>\n<p>Vers 17h00, d\u00e9part de Banneux en en passant par les m\u00eames lieux qu\u2019\u00e0 l\u2019aller.<\/p>\n<p>&nbsp;<\/p>\n<p style=\"text-align: justify;\"><strong>Prix :<\/strong> 70 \u20ac<\/p>\n<p><strong><span lang=\"FR-BE\">Inclus : <\/span><\/strong><span lang=\"FR-BE\">d\u00e9placement en car avec \u00e9l\u00e9vateur, repas de midi avec eau et caf\u00e9, assurances assistance et annulation. <\/span><\/p>\n<p><strong>Non-inclus :<\/strong>\u00a0boissons.<\/p>\n<p class=\"p1\"><span class=\"s1\"><b>P\u00e8lerin moins valide :<\/b><\/span><span class=\"s2\"><span class=\"Apple-converted-space\">\u00a0 <\/span>ce p\u00e8lerinage sera accessible pour les personnes \u00e0 mobilit\u00e9 r\u00e9duite accompagn\u00e9e par un proche. Nous avons pr\u00e9vu un car avec \u00e9l\u00e9vateur.<\/span><\/p>\n<p class=\"p1\"><span class=\"s2\">Veuillez pr\u00e9venir notre secr\u00e9tariat si vous devez rester dans votre chaise roulante durant le trajet<\/span><\/p>\n<p><a href=\"https:\/\/www.pelerinages-namurois.be\/index.php\/inscription-banneux-1-jour\/\" target=\"_blank\" rel=\"noopener\"><img decoding=\"async\" class=\"alignnone wp-image-192\" src=\"https:\/\/www.pelerinages-namurois.be\/wp-content\/uploads\/2021\/04\/inscription.png\" alt=\"\" width=\"252\" height=\"58\" \/><\/a><\/p>\n","protected":false},"excerpt":{"rendered":"<p>Date : 1 jour, le dimanche 26 avril 2026 Venez passer une journ\u00e9e ressour\u00e7ante dans les sanctuaires de Banneux \u00e0 la rencontre de la Belle Dame, rayonnante de lumi\u00e8re. Vous rejoindrez les p\u00e8lerins du triduum des malades de notre Hospitalit\u00e9 dioc\u00e9saine. Ce p\u00e8lerinage est ouvert aux personnes \u00e0 mobilit\u00e9 r\u00e9duite qui sont accompagn\u00e9es par un proche. A cet effet, nous &hellip; <\/p>\n","protected":false},"author":1,"featured_media":0,"parent":0,"menu_order":0,"comment_status":"closed","ping_status":"closed","template":"","meta":{"footnotes":""},"class_list":["post-155","page","type-page","status-publish","hentry"],"_links":{"self":[{"href":"https:\/\/www.pelerinages-namurois.be\/index.php\/wp-json\/wp\/v2\/pages\/155","targetHints":{"allow":["GET"]}}],"collection":[{"href":"https:\/\/www.pelerinages-namurois.be\/index.php\/wp-json\/wp\/v2\/pages"}],"about":[{"href":"https:\/\/www.pelerinages-namurois.be\/index.php\/wp-json\/wp\/v2\/types\/page"}],"author":[{"embeddable":true,"href":"https:\/\/www.pelerinages-namurois.be\/index.php\/wp-json\/wp\/v2\/users\/1"}],"replies":[{"embeddable":true,"href":"https:\/\/www.pelerinages-namurois.be\/index.php\/wp-json\/wp\/v2\/comments?post=155"}],"version-history":[{"count":25,"href":"https:\/\/www.pelerinages-namurois.be\/index.php\/wp-json\/wp\/v2\/pages\/155\/revisions"}],"predecessor-version":[{"id":2989,"href":"https:\/\/www.pelerinages-namurois.be\/index.php\/wp-json\/wp\/v2\/pages\/155\/revisions\/2989"}],"wp:attachment":[{"href":"https:\/\/www.pelerinages-namurois.be\/index.php\/wp-json\/wp\/v2\/media?parent=155"}],"curies":[{"name":"wp","href":"https:\/\/api.w.org\/{rel}","templated":true}]}}