{"id":1365,"date":"2023-01-12T14:06:16","date_gmt":"2023-01-12T14:06:16","guid":{"rendered":"https:\/\/www.pelerinages-namurois.be\/?page_id=1365"},"modified":"2026-03-04T11:03:25","modified_gmt":"2026-03-04T11:03:25","slug":"malte","status":"publish","type":"page","link":"https:\/\/www.pelerinages-namurois.be\/index.php\/malte\/","title":{"rendered":"Malte, sur les pas de saint Paul"},"content":{"rendered":"<p style=\"text-align: justify;\"><strong><img fetchpriority=\"high\" decoding=\"async\" class=\"wp-image-2938 alignleft\" src=\"https:\/\/www.pelerinages-namurois.be\/wp-content\/uploads\/2025\/12\/gozo.jpg\" alt=\"\" width=\"564\" height=\"369\" srcset=\"https:\/\/www.pelerinages-namurois.be\/wp-content\/uploads\/2025\/12\/gozo.jpg 2480w, https:\/\/www.pelerinages-namurois.be\/wp-content\/uploads\/2025\/12\/gozo-300x196.jpg 300w, https:\/\/www.pelerinages-namurois.be\/wp-content\/uploads\/2025\/12\/gozo-768x503.jpg 768w, https:\/\/www.pelerinages-namurois.be\/wp-content\/uploads\/2025\/12\/gozo-1536x1006.jpg 1536w, https:\/\/www.pelerinages-namurois.be\/wp-content\/uploads\/2025\/12\/gozo-2048x1341.jpg 2048w, https:\/\/www.pelerinages-namurois.be\/wp-content\/uploads\/2025\/12\/gozo-600x393.jpg 600w\" sizes=\"(max-width: 564px) 100vw, 564px\" \/>Dates :<\/strong> du 11 au 16 mai 2026<\/p>\n<p style=\"text-align: justify;\"><strong>Animation :<\/strong> M. l\u2019abb\u00e9 Philippe Goffinet, directeur des P\u00e8lerinages Namurois \/ Terre de sens<\/p>\n<p><span style=\"color: #ff0000;\"><strong>Groupe complet.<\/strong><\/span><\/p>\n<p><span style=\"color: #ff0000;\">N&rsquo;h\u00e9sitez pas \u00e0 vous inscrire sur la liste d&rsquo;attente afin d&rsquo;\u00eatre recontact\u00e9 si des places devaient se lib\u00e9rer.<\/span><\/p>\n<p><strong><a href=\"https:\/\/www.pelerinages-namurois.be\/index.php\/inscriptions-2\/\" target=\"_blank\" rel=\"noopener\"><img decoding=\"async\" class=\"alignnone wp-image-192\" src=\"https:\/\/www.pelerinages-namurois.be\/wp-content\/uploads\/2021\/04\/inscription.png\" alt=\"\" width=\"269\" height=\"62\" \/><\/a><\/strong><\/p>\n<p style=\"text-align: justify;\"><span style=\"color: #000080;\"><em>Malte, minuscule archipel aride, au centre de la m\u00e9diterran\u00e9e, a vu d\u00e9barquer de nombreux occupants tant\u00f4t musulmans tant\u00f4t chr\u00e9tiens. De nos jours, les villages pr\u00e9sentent un m\u00e9lange curieux de casbahs maghr\u00e9bines aux maisons cubiques blanches avec des \u00e9glises baroques coiff\u00e9es de d\u00f4me. Les habitants s\u2019y expriment dans une langue m\u00e9langeant l\u2019arabe, l\u2019italien, l\u2019anglais et le fran\u00e7ais ! Cette langue particuli\u00e8re forge avec la pi\u00e9t\u00e9 populaire une unit\u00e9 maltaise particuli\u00e8rement vivace.<br \/>\nAnciennement christianis\u00e9e selon la tradition par le passage de saint Paul en 60, l\u2019\u00eele renfor\u00e7a son identit\u00e9 chr\u00e9tienne par la victoire sur les Ottomans et par l\u2019installation de l\u2019ordre militaire et hospitalier de saint Jean \u00e0 partir du 16\u00e8 s. \u00e0 La Valette.<br \/>\nPar notre p\u00e8lerinage, nous revivrons entre autres la splendeur du temps des chevaliers qui formaient une Europe miniature derri\u00e8re d\u2019imposantes fortifications ; nous d\u00e9couvrirons le calme de l\u2019\u00eele de Gozo en m\u00eame temps que nous explorerons l\u2019\u00e2me maltaise avec pour toile de fond les \u00e9p\u00eetres de saint Paul.<\/em><\/span><\/p>\n<p><strong>Programme :<\/strong><\/p>\n<p class=\"p1\"><strong><span class=\"s1\">1<\/span><span class=\"s2\"><sup>er<\/sup><\/span><\/strong><span class=\"s1\"><strong> jour :<\/strong> <\/span>Vol r\u00e9gulier direct de Bruxelles \u00e0 La Valette. Arriv\u00e9e en fin d\u2019apr\u00e8s-midi, premier tour en car et installation pour 5 nuits \u00e0 l\u2019h\u00f4tel Qawra Palace (4**** normes locales).<\/p>\n<p class=\"p1\"><strong><span class=\"s1\">2<\/span><span class=\"s2\"><sup>e<\/sup><\/span><\/strong><span class=\"s1\"><strong> jour :<\/strong> <\/span>D\u00e9couverte des impressionnants vestiges n\u00e9olithiques de Malte (- 3600 \u00e0 -2500 av JC) : les Temples de Mnajdra et Hagar Qim. Ceux-ci sont des chefs-d\u2019\u0153uvre d\u2019architecture compte tenu des ressources tr\u00e8s limit\u00e9es dont disposaient leurs constructeurs. D\u00e9couverte du Palazzo Parisio, \u00e0 l\u2019architecture baroque du 19\u00e8 s., et de ses jardins. Messe au sanctuaire marial tr\u00e8s v\u00e9n\u00e9r\u00e9 de Mellieha. Tour panoramique de la baie de Saint Paul qui, selon la tradition recueillit le naufrage de l\u2019embarcation de l\u2019ap\u00f4tre..<\/p>\n<p class=\"p1\"><strong><span class=\"s1\">3<\/span><span class=\"s2\"><sup>e<\/sup><\/span><\/strong><span class=\"s1\"><strong> jour :<\/strong> <\/span>D\u00e9part pour La Valette. Visite des jardins d\u2019Upper Barracca d\u2019o\u00f9 l\u2019on b\u00e9n\u00e9ficie d\u2019une vue imprenable sur le Grand Port et les Trois Cit\u00e9s. D\u00e9couverte de la Co-Cath\u00e9drale Saint-Jean (chef-d\u2019\u0153uvre de l\u2019art baroque et de son oratoire abritant des peintures du Caravage), du Palais des Grands Ma\u00eetres (aujourd\u2019hui si\u00e8ge du Parlement) et de la Sacra Infermeria, ancien h\u00f4pital des Chevaliers. Spectacle audiovisuel de \u00abMalta Experience\u00bb qui relate 7000 ans de l\u2019histoire de Malte en 45 minutes. D\u00e9couverte des ruelles de Vittoriosa, les premi\u00e8res demeures des Chevaliers de l\u2019Ordre de Saint-Jean. Tour du port en \u00ab dghajsa \u00bb, petit bateau de p\u00eache typique.<\/p>\n<p class=\"p1\"><strong><span class=\"s1\">4<\/span><span class=\"s2\"><sup>e<\/sup><\/span><span class=\"s1\"> jour : <\/span><\/strong>Courte travers\u00e9e en ferry pour l\u2019\u00eele voisine de Gozo. Contemplation des temples m\u00e9galithiques de Ggantija, les plus anciens, construits sur le haut plateau de Xaghra. Passage par la ville de Victoria dont la citadelle a \u00e9t\u00e9 t\u00e9moin des terribles incursions turques. C\u00e9l\u00e9bration dans la basilique Ta\u2019 Pinu, lieu de p\u00e8lerinage. Admiration de la c\u00f4te creus\u00e9e par la mer \u00e0 Dwejra et arr\u00eat \u00e0 Xewkija, c\u00e9l\u00e8bre pour sa vaste \u00e9glise \u00e0 coupole baroque construite dans les ann\u00e9es 60.<\/p>\n<p class=\"p1\"><strong><span class=\"s1\">5<\/span><span class=\"s2\"><sup>e<\/sup><\/span><\/strong><span class=\"s1\"><strong> jour :<\/strong> <\/span>Route pour Mdina \u00ab la Cit\u00e9 du Silence \u00bb, ancienne capitale de Malte. Promenade dans les rues sinueuses entour\u00e9es de maisons ayant appartenues \u00e0 la noblesse de l\u2019\u00e9poque, de couvents et de palais. D\u00e9couverte de la cath\u00e9drale Saint-Paul, des fortifications qui dominent la campagne maltaise et offrent une vue magnifique sur une grande partie de l\u2019\u00eele.<\/p>\n<p class=\"p1\"><strong><span class=\"s1\">6<\/span><span class=\"s2\"><sup>e<\/sup><\/span><\/strong><span class=\"s1\"><strong> jour :<\/strong> <\/span>C\u00e9l\u00e9bration d\u2019envoi. Retour en Belgique ; arriv\u00e9e \u00e0 Bruxelles en d\u00e9but de soir\u00e9e.<\/p>\n<p><strong><span style=\"color: #333399;\">Prix : 1.795 \u20ac<\/span><\/strong><\/p>\n<p><span style=\"color: #333399;\"><strong>Inclus :<\/strong> vols en classe \u00e9conomique, car confortable, h\u00f4tel 4**** (normes locales) en pension compl\u00e8te du repas du soir du 1er jour au petit-d\u00e9jeuner du dernier jour, visites guid\u00e9es, oreillettes, pourboires, compensation CO2, assurances assistance et annulation. <\/span><\/p>\n<p><span style=\"color: #333399;\"><strong>Non inclus :<\/strong> boissons, repas de midi du premier et du dernier jour.<\/span><\/p>\n<p><span style=\"color: #333399;\"><strong>Suppl\u00e9ment chambre individuelle :<\/strong> 435 \u20ac<\/span><\/p>\n<p><span style=\"color: #333399;\"><strong>Navette a\u00e9roport :<\/strong> Sur demande. Circuit et prix \u00e0 d\u00e9terminer. <\/span><\/p>\n<p><span style=\"color: #333399;\">P\u00e8lerinage pr\u00e9vu pour personnes valides, autonomes pouvant marcher et suivre un groupe sans probl\u00e8me.<\/span><\/p>\n<p><span style=\"color: #333399;\"><a style=\"color: #333399;\" href=\"https:\/\/www.pelerinages-namurois.be\/index.php\/inscriptions-2\/\" target=\"_blank\" rel=\"noopener\"><img decoding=\"async\" class=\"alignnone wp-image-192\" src=\"https:\/\/www.pelerinages-namurois.be\/wp-content\/uploads\/2021\/04\/inscription.png\" alt=\"\" width=\"269\" height=\"62\" \/><\/a><\/span><\/p>\n","protected":false},"excerpt":{"rendered":"<p>Dates : du 11 au 16 mai 2026 Animation : M. l\u2019abb\u00e9 Philippe Goffinet, directeur des P\u00e8lerinages Namurois \/ Terre de sens Groupe complet. N&rsquo;h\u00e9sitez pas \u00e0 vous inscrire sur la liste d&rsquo;attente afin d&rsquo;\u00eatre recontact\u00e9 si des places devaient se lib\u00e9rer. Malte, minuscule archipel aride, au centre de la m\u00e9diterran\u00e9e, a vu d\u00e9barquer de nombreux occupants tant\u00f4t musulmans tant\u00f4t &hellip; <\/p>\n","protected":false},"author":1,"featured_media":0,"parent":0,"menu_order":0,"comment_status":"closed","ping_status":"closed","template":"","meta":{"footnotes":""},"class_list":["post-1365","page","type-page","status-publish","hentry"],"_links":{"self":[{"href":"https:\/\/www.pelerinages-namurois.be\/index.php\/wp-json\/wp\/v2\/pages\/1365","targetHints":{"allow":["GET"]}}],"collection":[{"href":"https:\/\/www.pelerinages-namurois.be\/index.php\/wp-json\/wp\/v2\/pages"}],"about":[{"href":"https:\/\/www.pelerinages-namurois.be\/index.php\/wp-json\/wp\/v2\/types\/page"}],"author":[{"embeddable":true,"href":"https:\/\/www.pelerinages-namurois.be\/index.php\/wp-json\/wp\/v2\/users\/1"}],"replies":[{"embeddable":true,"href":"https:\/\/www.pelerinages-namurois.be\/index.php\/wp-json\/wp\/v2\/comments?post=1365"}],"version-history":[{"count":41,"href":"https:\/\/www.pelerinages-namurois.be\/index.php\/wp-json\/wp\/v2\/pages\/1365\/revisions"}],"predecessor-version":[{"id":3136,"href":"https:\/\/www.pelerinages-namurois.be\/index.php\/wp-json\/wp\/v2\/pages\/1365\/revisions\/3136"}],"wp:attachment":[{"href":"https:\/\/www.pelerinages-namurois.be\/index.php\/wp-json\/wp\/v2\/media?parent=1365"}],"curies":[{"name":"wp","href":"https:\/\/api.w.org\/{rel}","templated":true}]}}