{"id":1334,"date":"2022-09-29T15:26:29","date_gmt":"2022-09-29T15:26:29","guid":{"rendered":"https:\/\/www.pelerinages-namurois.be\/?page_id=1334"},"modified":"2026-02-17T14:53:17","modified_gmt":"2026-02-17T14:53:17","slug":"turquie-patmos","status":"publish","type":"page","link":"https:\/\/www.pelerinages-namurois.be\/index.php\/turquie-patmos\/","title":{"rendered":"Turquie et Patmos : saint Jean et saint Paul"},"content":{"rendered":"<p style=\"text-align: justify;\" align=\"center\"><img fetchpriority=\"high\" decoding=\"async\" class=\"wp-image-3052 alignleft\" src=\"https:\/\/www.pelerinages-namurois.be\/wp-content\/uploads\/2026\/02\/IMG_3074-copie-scaled.jpg\" alt=\"\" width=\"545\" height=\"409\" srcset=\"https:\/\/www.pelerinages-namurois.be\/wp-content\/uploads\/2026\/02\/IMG_3074-copie-scaled.jpg 2560w, https:\/\/www.pelerinages-namurois.be\/wp-content\/uploads\/2026\/02\/IMG_3074-copie-300x225.jpg 300w, https:\/\/www.pelerinages-namurois.be\/wp-content\/uploads\/2026\/02\/IMG_3074-copie-768x576.jpg 768w, https:\/\/www.pelerinages-namurois.be\/wp-content\/uploads\/2026\/02\/IMG_3074-copie-1536x1152.jpg 1536w, https:\/\/www.pelerinages-namurois.be\/wp-content\/uploads\/2026\/02\/IMG_3074-copie-2048x1536.jpg 2048w, https:\/\/www.pelerinages-namurois.be\/wp-content\/uploads\/2026\/02\/IMG_3074-copie-600x450.jpg 600w\" sizes=\"(max-width: 545px) 100vw, 545px\" \/><\/p>\n<p style=\"text-align: justify;\" align=\"center\"><strong>Dates :<\/strong> du 20 au 29 octobre 2026<\/p>\n<p style=\"text-align: justify;\"><strong>Animation : <\/strong>abb\u00e9 Jo\u00ebl Rochette, vicaire g\u00e9n\u00e9ral du dioc\u00e8se de Namur<\/p>\n<p><a href=\"https:\/\/www.pelerinages-namurois.be\/index.php\/inscriptions-2\/\" target=\"_blank\" rel=\"noopener\"><img decoding=\"async\" class=\"alignnone wp-image-192\" src=\"https:\/\/www.pelerinages-namurois.be\/wp-content\/uploads\/2021\/04\/inscription.png\" alt=\"\" width=\"269\" height=\"62\" \/><\/a><\/p>\n<div class=\"page\" title=\"Page 17\">\n<div class=\"section\">\n<div class=\"layoutArea\">\n<div class=\"column\">\n<div class=\"page\" title=\"Page 17\">\n<div class=\"section\">\n<div class=\"layoutArea\">\n<div class=\"column\">\n<div class=\"page\" title=\"Page 18\">\n<div class=\"section\">\n<div class=\"layoutArea\">\n<div class=\"column\">\n<p style=\"text-align: justify;\"><span style=\"color: #013579;\"><em>Ce p\u00e8lerinage se d\u00e9roulera sous le double patronage de saint Paul et de saint Jean, dans une r\u00e9gion o\u00f9 l\u2019\u00c9vangile a profond\u00e9ment enracin\u00e9 des communaut\u00e9s vivantes. Nous y d\u00e9couvrirons la richesse et la diversit\u00e9 de leurs sensibilit\u00e9s \u00e0 travers leurs \u00e9crits, parmi lesquels se distingue l\u2019ouvrage le plus singulier : le livre de l\u2019Apocalypse. Paul a s\u00e9journ\u00e9 au moins deux ans \u00e0 \u00c9ph\u00e8se, o\u00f9, selon les Actes des Ap\u00f4tres, il a eu \u00e0 affronter les partisans du culte d\u2019Art\u00e9mis, la grande d\u00e9esse de la f\u00e9condit\u00e9 si v\u00e9n\u00e9r\u00e9e dans la cit\u00e9. Jean et ses disciples, quant \u00e0 eux, ont fond\u00e9 de nombreuses \u00c9glises dans toute la r\u00e9gion. L\u2019Apocalypse en mentionne sept, dont \u00c9ph\u00e8se, Smyrne, Sardes, Pergame et Laodic\u00e9e, que nous aurons l\u2019occasion de visiter. Bien que les b\u00e2timents originels aient presque disparu, nous tenterons de les \u00ab faire revivre \u00bb \u00e0 travers les textes qui en t\u00e9moignent, et ce sera aussi l\u2019occasion de relire une large partie de l\u2019\u00c9vangile selon saint Jean. Le p\u00e8lerinage nous conduira \u00e9galement \u00e0 travers la mer \u00c9g\u00e9e jusqu\u2019\u00e0 l\u2019\u00eele de Patmos, o\u00f9 la tradition situe le refuge du visionnaire de l\u2019Apocalypse et la r\u00e9daction de son ouvrage. Nous prendrons le temps de nous immerger dans ce texte \u00e0 la fois myst\u00e9rieux et profond\u00e9ment porteur d\u2019esp\u00e9rance chr\u00e9tienne, fond\u00e9e sur la foi en Christ mort et ressuscit\u00e9. Une proclamation audacieuse, n\u00e9e dans des temps difficiles\u2026 et qui peut encore r\u00e9sonner aujourd\u2019hui.<\/em><\/span><\/p>\n<p><strong><span class=\"s1\">Programme :<\/span><\/strong><\/p>\n<\/div>\n<\/div>\n<\/div>\n<\/div>\n<\/div>\n<\/div>\n<\/div>\n<\/div>\n<\/div>\n<\/div>\n<\/div>\n<div class=\"page\" title=\"Page 18\">\n<div class=\"section\">\n<div class=\"layoutArea\">\n<div class=\"column\">\n<p><strong>1er jour :<\/strong> d\u00e9collage de Bruxelles le matin. Vol vers Izmir via Istanbul. Arriv\u00e9e en d\u00e9but de soir\u00e9e \u00e0 Izmir, l\u2019ancienne Smyrne, grande cit\u00e9 portuaire tourn\u00e9e vers la mer \u00c9g\u00e9e. Installation pour 2 nuits \u00e0 l\u2019h\u00f4tel Beyond (4**** normes locales).<\/p>\n<p><img decoding=\"async\" class=\"wp-image-3055 alignright\" src=\"https:\/\/www.pelerinages-namurois.be\/wp-content\/uploads\/2026\/02\/sardis-ruins-4808917_1920.jpg\" alt=\"\" width=\"327\" height=\"439\" srcset=\"https:\/\/www.pelerinages-namurois.be\/wp-content\/uploads\/2026\/02\/sardis-ruins-4808917_1920.jpg 1427w, https:\/\/www.pelerinages-namurois.be\/wp-content\/uploads\/2026\/02\/sardis-ruins-4808917_1920-223x300.jpg 223w, https:\/\/www.pelerinages-namurois.be\/wp-content\/uploads\/2026\/02\/sardis-ruins-4808917_1920-768x1033.jpg 768w, https:\/\/www.pelerinages-namurois.be\/wp-content\/uploads\/2026\/02\/sardis-ruins-4808917_1920-1142x1536.jpg 1142w, https:\/\/www.pelerinages-namurois.be\/wp-content\/uploads\/2026\/02\/sardis-ruins-4808917_1920-600x807.jpg 600w\" sizes=\"(max-width: 327px) 100vw, 327px\" \/>2e jour : d\u00e9part vers Pergame, l\u2019une des grandes cit\u00e9s de l\u2019Antiquit\u00e9 et l\u2019une des \u00c9glises de l\u2019Apocalypse. Visite de la Cour Rouge, ancien temple romain transform\u00e9 en basilique chr\u00e9tienne, puis d\u00e9couverte de l\u2019Ascl\u00e9pi\u00e9ion, c\u00e9l\u00e8bre centre th\u00e9rapeutique antique. Mont\u00e9e \u00e0 l\u2019acropole, avec les vestiges du temple de Trajan et du temple d\u2019Ath\u00e9na, dominant toute la vall\u00e9e. Retour \u00e0 Izmir en fin de journ\u00e9e.<\/p>\n<p>3e jour : d\u00e9part vers l\u2019int\u00e9rieur des terres pour rejoindre Sardes, ancienne capitale du royaume de Lydie et autre \u00c9glise de l\u2019Apocalypse. Visite du temple d\u2019Art\u00e9mis, de l\u2019acropole, du gymnase et de la grande synagogue, t\u00e9moignage d\u2019une importante communaut\u00e9 juive antique. Poursuite vers Philadelphie (actuelle Ala\u015fehir), \u00e9galement mentionn\u00e9e dans l\u2019Apocalypse de Jean. Continuation vers Pamukkale, installation pour 2 nuits \u00e0 l\u2019h\u00f4tel Richmond Pamukkale Thermal (5***** normes locales).<\/p>\n<p>4e jour : d\u00e9couverte de Hi\u00e9rapolis, c\u00e9l\u00e8bre station thermale de l\u2019Antiquit\u00e9 : th\u00e9\u00e2tre romain remarquablement conserv\u00e9, thermes et vaste n\u00e9cropole. Arr\u00eat aux spectaculaires cascades p\u00e9trifi\u00e9es de Pamukkale, surnomm\u00e9es le \u00ab ch\u00e2teau de coton \u00bb. Passage \u00e0 Laodic\u00e9e, l\u2019une des sept \u00c9glises de l\u2019Apocalypse, dont les ruines t\u00e9moignent de l\u2019importance \u00e9conomique et religieuse de la cit\u00e9.<\/p>\n<p>5e jour : d\u00e9part pour la visite de Aphrodisias, site arch\u00e9ologique majeur d\u00e9di\u00e9 \u00e0 la d\u00e9esse Aphrodite : temple, Od\u00e9on, stade et th\u00e9\u00e2tre figurent parmi les ensembles antiques les mieux conserv\u00e9s de Turquie. Route vers \u00c9ph\u00e8se, grande m\u00e9tropole de l\u2019Antiquit\u00e9. Visite de la basilique Saint-Jean, \u00e9difi\u00e9e sur le lieu traditionnel de la s\u00e9pulture de l\u2019ap\u00f4tre. Installation pour 2 nuits \u00e0 l\u2019h\u00f4tel Hitit dans la r\u00e9gion d\u2019\u00c9ph\u00e8se (4**** normes locales).<\/p>\n<p>6e jour : journ\u00e9e compl\u00e8te consacr\u00e9e \u00e0 \u00c9ph\u00e8se, l\u2019un des sites antiques les plus impressionnants du monde m\u00e9diterran\u00e9en : temple d\u2019Hadrien, thermes, rue de Marbre, biblioth\u00e8que de Celsus, grand th\u00e9\u00e2tre, agora et maisons en terrasse du Mont Coressos, r\u00e9v\u00e9lant le raffinement de la vie urbaine antique. D\u00e9couverte de la grotte des Sept Dormants et de la chapelle d\u00e9di\u00e9e \u00e0 la Vierge Marie, lieu de profonde tradition chr\u00e9tienne.<\/p>\n<p><img loading=\"lazy\" decoding=\"async\" class=\"wp-image-3057 alignleft\" src=\"https:\/\/www.pelerinages-namurois.be\/wp-content\/uploads\/2026\/02\/patmos-4808832_1920.jpg\" alt=\"\" width=\"454\" height=\"340\" srcset=\"https:\/\/www.pelerinages-namurois.be\/wp-content\/uploads\/2026\/02\/patmos-4808832_1920.jpg 1920w, https:\/\/www.pelerinages-namurois.be\/wp-content\/uploads\/2026\/02\/patmos-4808832_1920-300x225.jpg 300w, https:\/\/www.pelerinages-namurois.be\/wp-content\/uploads\/2026\/02\/patmos-4808832_1920-768x576.jpg 768w, https:\/\/www.pelerinages-namurois.be\/wp-content\/uploads\/2026\/02\/patmos-4808832_1920-1536x1151.jpg 1536w, https:\/\/www.pelerinages-namurois.be\/wp-content\/uploads\/2026\/02\/patmos-4808832_1920-600x450.jpg 600w\" sizes=\"(max-width: 454px) 100vw, 454px\" \/>7e jour : d\u00e9part vers la mer \u00c9g\u00e9e et travers\u00e9e vers l\u2019\u00eele de Patmos. Premi\u00e8re d\u00e9couverte de l\u2019\u00eele avec la visite de Chora, superbe village aux ruelles blanches, domin\u00e9 par le monast\u00e8re fortifi\u00e9 de Saint-Jean-le-Th\u00e9ologien. Promenade dans ce d\u00e9cor insulaire unique, ponctu\u00e9 de chapelles et de monast\u00e8res. Installation pour la nuit \u00e0 l\u2019h\u00f4tel Skala (3*** normes locales).<\/p>\n<p>8e jour : d\u00e9couverte de Patmos, \u00eele intimement li\u00e9e \u00e0 l\u2019Apocalypse. Visite de la grotte de l\u2019Apocalypse, o\u00f9 la tradition situe la r\u00e9daction du livre de Jean, et du monast\u00e8re de Saint-Jean-le-Th\u00e9ologien, haut lieu spirituel et culturel, riche en ic\u00f4nes et manuscrits anciens. Temps libre pour profiter de l\u2019atmosph\u00e8re paisible de l\u2019\u00eele. En fin de journ\u00e9e, travers\u00e9e de retour vers la c\u00f4te turque et route vers Izmir. Installation pour 2 nuits \u00e0 l\u2019h\u00f4tel Beyond (4**** normes locales).<\/p>\n<p class=\"p1\"><span class=\"s1\">9<\/span><span class=\"s2\"><sup>e<\/sup><\/span><span class=\"s1\"> jour :<\/span><span class=\"s3\"> D\u00e9couverte de Smyrne\/Izmir : promenade dans les vestiges de l\u2019ancienne cit\u00e9, visite de l\u2019agora et du mus\u00e9e arch\u00e9ologique, qui permet de replacer l\u2019histoire biblique et antique dans son contexte r\u00e9gional.<\/span><\/p>\n<p class=\"p1\"><span class=\"s1\">10<\/span><span class=\"s2\"><sup>e<\/sup><\/span><span class=\"s1\"> jour :<\/span><span class=\"s3\"> Temps libre \u00e0 Izmir, d\u00e9part vers l\u2019a\u00e9roport et retour \u00e0 Bruxelles via Istanbul. Arriv\u00e9e \u00e0 Bruxelles en fin de soir\u00e9e.<\/span><\/p>\n<div class=\"page\" title=\"Page 18\">\n<div class=\"section\">\n<div class=\"layoutArea\">\n<div class=\"column\">\n<p>&nbsp;<\/p>\n<\/div>\n<\/div>\n<\/div>\n<\/div>\n<\/div>\n<p><span style=\"color: #233b7d;\"><strong style=\"text-align: justify;\">Prix : <\/strong><span style=\"text-align: justify;\">2.520 \u20ac<\/span><\/span><\/p>\n<\/div>\n<\/div>\n<\/div>\n<p style=\"text-align: justify;\"><span style=\"color: #233b7d;\"><strong>Inclus : <\/strong>vols en classe \u00e9conomique, car confortable, logement en pension compl\u00e8te du repas du soir du 1er jour au repas de midi du dernier jour, visites guid\u00e9es, oreillettes, bateau pour Patmos, pourboires, compensation CO2, assurances assistance et annulation.<\/span><\/p>\n<p style=\"text-align: justify;\"><span style=\"color: #233b7d;\"><strong>Non-inclus : <\/strong>boissons, repas de midi du 1er jour, repas du soir du dernier jour. <\/span><\/p>\n<p style=\"text-align: justify;\"><span style=\"color: #233b7d;\"><strong>Suppl\u00e9ment chambre individuelle :<\/strong> 370 \u20ac<\/span><\/p>\n<p><span style=\"color: #233b7d;\"><strong>Navette a\u00e9roport :<\/strong> possible depuis Arlon, Libramont, Wanlin, Ach\u00eane, Namur et Wavre. Prix \u00e0 d\u00e9terminer.<\/span><\/p>\n<p style=\"text-align: justify;\"><span style=\"color: #233b7d;\"><strong>Remarque : <\/strong>p\u00e8lerinage pr\u00e9vu pour personnes valides, autonomes pouvant marcher et suivre un groupe sans probl\u00e8me.<\/span><\/p>\n<p><a href=\"https:\/\/www.pelerinages-namurois.be\/index.php\/inscriptions-2\/\" target=\"_blank\" rel=\"noopener\"><img decoding=\"async\" class=\"alignnone wp-image-192\" src=\"https:\/\/www.pelerinages-namurois.be\/wp-content\/uploads\/2021\/04\/inscription.png\" alt=\"\" width=\"269\" height=\"62\" \/><\/a><\/p>\n<\/div>\n","protected":false},"excerpt":{"rendered":"<p>Dates : du 20 au 29 octobre 2026 Animation : abb\u00e9 Jo\u00ebl Rochette, vicaire g\u00e9n\u00e9ral du dioc\u00e8se de Namur Ce p\u00e8lerinage se d\u00e9roulera sous le double patronage de saint Paul et de saint Jean, dans une r\u00e9gion o\u00f9 l\u2019\u00c9vangile a profond\u00e9ment enracin\u00e9 des communaut\u00e9s vivantes. Nous y d\u00e9couvrirons la richesse et la diversit\u00e9 de leurs sensibilit\u00e9s \u00e0 travers leurs \u00e9crits, &hellip; <\/p>\n","protected":false},"author":1,"featured_media":0,"parent":0,"menu_order":0,"comment_status":"closed","ping_status":"closed","template":"","meta":{"footnotes":""},"class_list":["post-1334","page","type-page","status-publish","hentry"],"_links":{"self":[{"href":"https:\/\/www.pelerinages-namurois.be\/index.php\/wp-json\/wp\/v2\/pages\/1334","targetHints":{"allow":["GET"]}}],"collection":[{"href":"https:\/\/www.pelerinages-namurois.be\/index.php\/wp-json\/wp\/v2\/pages"}],"about":[{"href":"https:\/\/www.pelerinages-namurois.be\/index.php\/wp-json\/wp\/v2\/types\/page"}],"author":[{"embeddable":true,"href":"https:\/\/www.pelerinages-namurois.be\/index.php\/wp-json\/wp\/v2\/users\/1"}],"replies":[{"embeddable":true,"href":"https:\/\/www.pelerinages-namurois.be\/index.php\/wp-json\/wp\/v2\/comments?post=1334"}],"version-history":[{"count":51,"href":"https:\/\/www.pelerinages-namurois.be\/index.php\/wp-json\/wp\/v2\/pages\/1334\/revisions"}],"predecessor-version":[{"id":3061,"href":"https:\/\/www.pelerinages-namurois.be\/index.php\/wp-json\/wp\/v2\/pages\/1334\/revisions\/3061"}],"wp:attachment":[{"href":"https:\/\/www.pelerinages-namurois.be\/index.php\/wp-json\/wp\/v2\/media?parent=1334"}],"curies":[{"name":"wp","href":"https:\/\/api.w.org\/{rel}","templated":true}]}}