{"id":109,"date":"2021-04-13T09:25:58","date_gmt":"2021-04-13T09:25:58","guid":{"rendered":"https:\/\/www.pelerinages-namurois.be\/?page_id=109"},"modified":"2026-02-23T16:09:48","modified_gmt":"2026-02-23T16:09:48","slug":"lourdes-par-tgv","status":"publish","type":"page","link":"https:\/\/www.pelerinages-namurois.be\/index.php\/destinations\/lourdes\/lourdes-par-tgv\/","title":{"rendered":"Lourdes par TGV"},"content":{"rendered":"<h2><img fetchpriority=\"high\" decoding=\"async\" class=\"wp-image-375 alignleft\" src=\"https:\/\/www.pelerinages-namurois.be\/wp-content\/uploads\/2021\/04\/tgv-300x194.png\" alt=\"\" width=\"453\" height=\"293\" srcset=\"https:\/\/www.pelerinages-namurois.be\/wp-content\/uploads\/2021\/04\/tgv-300x194.png 300w, https:\/\/www.pelerinages-namurois.be\/wp-content\/uploads\/2021\/04\/tgv-600x389.png 600w, https:\/\/www.pelerinages-namurois.be\/wp-content\/uploads\/2021\/04\/tgv-1024x664.png 1024w, https:\/\/www.pelerinages-namurois.be\/wp-content\/uploads\/2021\/04\/tgv-768x498.png 768w, https:\/\/www.pelerinages-namurois.be\/wp-content\/uploads\/2021\/04\/tgv.png 1151w\" sizes=\"(max-width: 453px) 100vw, 453px\" \/><strong style=\"display: block; margin-left: auto; margin-right: auto;\">Dates :<\/strong><\/h2>\n<ul>\n<li>du dimanche 12 au samedi 18 juillet 2026<\/li>\n<li>du jeudi 3 au mercredi 9 septembre 2026<\/li>\n<\/ul>\n<p><a href=\"https:\/\/www.pelerinages-namurois.be\/index.php\/inscription-lourdes\/\" target=\"_blank\" rel=\"noopener\"><img decoding=\"async\" class=\"alignnone wp-image-192\" src=\"https:\/\/www.pelerinages-namurois.be\/wp-content\/uploads\/2021\/04\/inscription.png\" alt=\"\" width=\"252\" height=\"58\" \/><\/a><\/p>\n<p><span style=\"color: #114882;\"><em>Lors de nos p\u00e8lerinages \u00e0 Lourdes, nous nous laisserons guider par Marie qui a accueilli en elle le don de Dieu \u00e0 notre humanit\u00e9 : son Fils bien-aim\u00e9 en qui il a mis toute sa joie. Cette joie, elle la partage dans le c\u0153ur \u00e0 c\u0153ur avec Bernadette Soubirous confiante et disponible. <\/em><\/span><\/p>\n<p><span style=\"color: #114882;\"><em>Dans le sourire de la Dame, elle d\u00e9couvre qu\u2019elle est infiniment aim\u00e9e par un Dieu qui veut son bonheur. Rejointe dans sa vie de mis\u00e8re, elle existe pleinement : <\/em><\/span><span style=\"color: #114882;\"><em>\u00ab Elle me regardait et me parlait comme une personne parle \u00e0 une autre personne \u00bb.<\/em><\/span><\/p>\n<p><span style=\"color: #114882;\"><em>Voil\u00e0 la gr\u00e2ce de Lourdes que nous accueillerons avec \u00e9merveillement dans nos vies avec leurs joies et leurs peines\u00a0: \u00ab\u00a0Tu es aim\u00e9\u00a0\u00bb\u00a0! <\/em><\/span><\/p>\n<p><span style=\"color: #114882;\"><em>Et nos p\u00e8lerinages ouvriront nos c\u0153urs \u00e0 la pl\u00e9nitude de cette gr\u00e2ce \u00e0 travers les temps de pri\u00e8re personnelle, les processions, les c\u00e9l\u00e9brations diverses et une r\u00e9elle fraternit\u00e9 qui nous fera go\u00fbter \u00e0 la joie de l\u2019\u00e9vangile.\u00a0<\/em><\/span><\/p>\n<p>&nbsp;<\/p>\n<p style=\"; margin-bottom: 0cm;\"><span style=\"color: #013579;\"><strong>Horaires &#8211; Voyage de jour <\/strong><\/span><\/p>\n<p style=\"; margin-bottom: 0cm; text-align: justify;\">TGV affr\u00e9t\u00e9 uniquement pour les p\u00e8lerins. D\u00e9part pr\u00e9vu le matin vers 09h45. Arriv\u00e9e \u00e0 Lourdes, sans changement, vers 17h15.<\/p>\n<p>&nbsp;<\/p>\n<p style=\"; margin-bottom: 0cm; text-align: justify;\"><strong><span style=\"color: #013579;\">Navettes en car (aller\/retour) Des cars sont pr\u00e9vus pour se rendre \u00e0 :<\/span><\/strong><\/p>\n<p class=\"p1\"><span class=\"s1\"><b>Tourcoing en juillet<\/b> au d\u00e9part de : Arlon &#8211; Bastogne &#8211; Libramont &#8211; Marche &#8211; Namur &#8211; Wellin<\/span><\/p>\n<p class=\"p1\"><span class=\"s1\"><b>Charleville-M\u00e9zi\u00e8res en septembre<\/b> au d\u00e9part de : Ach\u00eane &#8211; Arlon &#8211; Bastogne &#8211; Bi\u00e8vre &#8211; Bouillon &#8211; Couvin &#8211; Fleurus &#8211; Florenville &#8211; Libramont &#8211; Marche &#8211; Namur &#8211; Philippeville &#8211; Wellin.<\/span><strong><img decoding=\"async\" class=\"wp-image-391 alignright\" src=\"https:\/\/www.pelerinages-namurois.be\/wp-content\/uploads\/2021\/04\/ld201.jpeg\" alt=\"\" width=\"534\" height=\"400\" srcset=\"https:\/\/www.pelerinages-namurois.be\/wp-content\/uploads\/2021\/04\/ld201.jpeg 756w, https:\/\/www.pelerinages-namurois.be\/wp-content\/uploads\/2021\/04\/ld201-600x450.jpeg 600w, https:\/\/www.pelerinages-namurois.be\/wp-content\/uploads\/2021\/04\/ld201-300x225.jpeg 300w\" sizes=\"(max-width: 534px) 100vw, 534px\" \/><\/strong><\/p>\n<div class=\"page\" title=\"Page 6\">\n<div class=\"section\">\n<div class=\"layoutArea\">\n<div class=\"column\">\n<div class=\"page\" title=\"Page 6\">\n<div class=\"section\">\n<div class=\"layoutArea\">\n<div class=\"column\">\n<p>&nbsp;<\/p>\n<\/div>\n<\/div>\n<\/div>\n<\/div>\n<\/div>\n<\/div>\n<\/div>\n<\/div>\n<p style=\"; margin-bottom: 0cm; text-align: justify;\"><span style=\"color: #013579;\"><strong>Restauration \u00e0 bord du TGV :<\/strong><\/span><\/p>\n<div class=\"page\" title=\"Page 6\">\n<div class=\"section\">\n<div class=\"layoutArea\">\n<div class=\"column\">\n<p>Pr\u00e9voir pique-niques et boissons pour les trajets.<\/p>\n<p>&nbsp;<\/p>\n<\/div>\n<\/div>\n<\/div>\n<\/div>\n<p style=\"; margin-bottom: 0cm; text-align: justify;\"><span style=\"color: #013579;\"><strong>De la gare \u00e0 l&rsquo;h\u00f4tel (aller\/retour) :<\/strong><\/span><\/p>\n<p style=\"; margin-bottom: 0cm; text-align: justify;\">Des cars vous conduisent vers les h\u00f4tels mentionn\u00e9s.<\/p>\n<p>&nbsp;<\/p>\n<p style=\"; margin-bottom: 0cm; text-align: justify;\"><span style=\"color: #013579;\"><strong>Pension \u00e0 l&rsquo;h\u00f4tel :<\/strong><\/span><\/p>\n<p style=\"; margin-bottom: 0cm; text-align: justify;\">Du repas du soir du premier jour au panier-repas de midi du dernier jour.<\/p>\n<p>&nbsp;<\/p>\n<p style=\"; margin-bottom: 0cm; text-align: justify;\"><span style=\"color: #013579;\"><strong>Moins valides :<\/strong><\/span><\/p>\n<p style=\"; margin-bottom: 0cm; text-align: justify;\">Une section pour les personnes <span style=\"color: #0000ff;\"><a style=\"color: #0000ff;\" href=\"https:\/\/www.pelerinages-namurois.be\/index.php\/lourdes-moins-valides\/\">malades et moins-valides<\/a><\/span> est pr\u00e9vue en septembre. En dehors de cette section, nous ne pouvons pas accueillir les p\u00e8lerins ayant de grosses difficult\u00e9s de d\u00e9placement, ni fournir une aide pour porter les valises.<\/p>\n<p>&nbsp;<\/p>\n<p style=\"; margin-bottom: 0cm; text-align: justify;\"><span style=\"color: #013579;\"><strong>Enfants, ados et jeunes :<\/strong><\/span><\/p>\n<p style=\"; margin-bottom: 0cm; text-align: justify;\">Au mois de juillet, des activit\u00e9s pour les enfants sont pr\u00e9vues dans la section <span style=\"color: #0000ff;\"><a style=\"color: #0000ff;\" href=\"https:\/\/www.pelerinages-namurois.be\/index.php\/lourdes-juniors\/\">\u00ab\u00a0Juniors\u00a0\u00bb<\/a><\/span>, et un programme <a href=\"https:\/\/www.pelerinages-namurois.be\/index.php\/ados-et-jeunes-a-lourdes\/\"><span style=\"color: #0000ff;\">\u00ab\u00a0ados et jeunes\u00a0\u00bb<\/span><\/a> permet aussi \u00e0 chaque \u00e2ge de vivre un p\u00e8lerinage adapt\u00e9.<\/p>\n<p>&nbsp;<\/p>\n<p style=\"; margin-bottom: 0cm; text-align: justify;\"><strong><span style=\"text-decoration: underline; color: #013579;\">Prix transport compris :<\/span><br \/>\n<\/strong><\/p>\n<ul>\n<li><a href=\"https:\/\/www.pelerinages-namurois.be\/wp-content\/uploads\/2026\/02\/lds26.png\" target=\"_blank\" rel=\"noopener\">Voir le tableau des tarifs 2026 :\u00a0<em> (cliquez sur l\u2019image)<\/em><\/a><\/li>\n<\/ul>\n<p><a href=\"https:\/\/www.pelerinages-namurois.be\/wp-content\/uploads\/2026\/02\/lds26.png\" data-src=\"https:\/\/www.pelerinages-namurois.be\/wp-content\/uploads\/2026\/02\/lds26.png\" data-thumb=\"https:\/\/www.pelerinages-namurois.be\/wp-content\/uploads\/2026\/02\/lds26.png\" class=\"ml-lightbox-enabled\"><img loading=\"lazy\" decoding=\"async\" class=\"alignnone wp-image-3099\" src=\"https:\/\/www.pelerinages-namurois.be\/wp-content\/uploads\/2026\/02\/lds26.png\" alt=\"\" width=\"414\" height=\"572\" srcset=\"https:\/\/www.pelerinages-namurois.be\/wp-content\/uploads\/2026\/02\/lds26.png 1354w, https:\/\/www.pelerinages-namurois.be\/wp-content\/uploads\/2026\/02\/lds26-217x300.png 217w, https:\/\/www.pelerinages-namurois.be\/wp-content\/uploads\/2026\/02\/lds26-768x1061.png 768w, https:\/\/www.pelerinages-namurois.be\/wp-content\/uploads\/2026\/02\/lds26-1112x1536.png 1112w, https:\/\/www.pelerinages-namurois.be\/wp-content\/uploads\/2026\/02\/lds26-600x829.png 600w\" sizes=\"(max-width: 414px) 100vw, 414px\" \/><\/a><\/p>\n<p><a href=\"https:\/\/www.pelerinages-namurois.be\/index.php\/inscription-lourdes\/\" target=\"_blank\" rel=\"noopener\"><img decoding=\"async\" class=\"alignnone wp-image-192\" src=\"https:\/\/www.pelerinages-namurois.be\/wp-content\/uploads\/2021\/04\/inscription.png\" alt=\"\" width=\"252\" height=\"58\" \/><\/a><\/p>\n","protected":false},"excerpt":{"rendered":"<p>Dates : du dimanche 12 au samedi 18 juillet 2026 du jeudi 3 au mercredi 9 septembre 2026 Lors de nos p\u00e8lerinages \u00e0 Lourdes, nous nous laisserons guider par Marie qui a accueilli en elle le don de Dieu \u00e0 notre humanit\u00e9 : son Fils bien-aim\u00e9 en qui il a mis toute sa joie. Cette joie, elle la partage dans &hellip; <\/p>\n","protected":false},"author":1,"featured_media":0,"parent":91,"menu_order":0,"comment_status":"closed","ping_status":"closed","template":"","meta":{"footnotes":""},"class_list":["post-109","page","type-page","status-publish","hentry"],"_links":{"self":[{"href":"https:\/\/www.pelerinages-namurois.be\/index.php\/wp-json\/wp\/v2\/pages\/109","targetHints":{"allow":["GET"]}}],"collection":[{"href":"https:\/\/www.pelerinages-namurois.be\/index.php\/wp-json\/wp\/v2\/pages"}],"about":[{"href":"https:\/\/www.pelerinages-namurois.be\/index.php\/wp-json\/wp\/v2\/types\/page"}],"author":[{"embeddable":true,"href":"https:\/\/www.pelerinages-namurois.be\/index.php\/wp-json\/wp\/v2\/users\/1"}],"replies":[{"embeddable":true,"href":"https:\/\/www.pelerinages-namurois.be\/index.php\/wp-json\/wp\/v2\/comments?post=109"}],"version-history":[{"count":73,"href":"https:\/\/www.pelerinages-namurois.be\/index.php\/wp-json\/wp\/v2\/pages\/109\/revisions"}],"predecessor-version":[{"id":3103,"href":"https:\/\/www.pelerinages-namurois.be\/index.php\/wp-json\/wp\/v2\/pages\/109\/revisions\/3103"}],"up":[{"embeddable":true,"href":"https:\/\/www.pelerinages-namurois.be\/index.php\/wp-json\/wp\/v2\/pages\/91"}],"wp:attachment":[{"href":"https:\/\/www.pelerinages-namurois.be\/index.php\/wp-json\/wp\/v2\/media?parent=109"}],"curies":[{"name":"wp","href":"https:\/\/api.w.org\/{rel}","templated":true}]}}