{"id":10,"date":"2021-04-07T13:58:31","date_gmt":"2021-04-07T13:58:31","guid":{"rendered":"https:\/\/www.pelerinages-namurois.be\/?page_id=10"},"modified":"2025-08-22T08:22:07","modified_gmt":"2025-08-22T08:22:07","slug":"creez-votre-site-avec-des-blocs","status":"publish","type":"page","link":"https:\/\/www.pelerinages-namurois.be\/","title":{"rendered":"Accueil"},"content":{"rendered":"<h4 style=\"text-align: right;\"><a href=\"https:\/\/www.pelerinages-namurois.be\/index.php\/documents-hospitalite\/\"><em><span style=\"color: #993300;\">D\u00e9couvrez <strong><u>ici<\/u><\/strong> le livret de l&rsquo;Hospitalit\u00e9 et la charte de protection des mineurs et des personnes vuln\u00e9rables<\/span><\/em><\/a><\/h4>\n<div id=\"metaslider-id-524\" style=\"max-width: 8000px; margin: 0 auto;\" class=\"ml-slider-3-109-0 metaslider metaslider-flex metaslider-524 ml-slider has-dots-nav ml-slider-lightbox-2-30-0 lightbox-disabled ms-theme-default\" role=\"region\" aria-label=\"Nouveau diaporama\" data-height=\"6000\" data-width=\"8000\">\n    <div id=\"metaslider_container_524\">\n        <div id=\"metaslider_524\">\n            <ul class='slides'>\n                <li style=\"display: block; width: 100%;\" class=\"slide-525 ms-image \" aria-roledescription=\"slide\" data-date=\"2021-04-19 10:15:15\" data-filename=\"slide_lds4-scaled.jpg\" data-slide-type=\"image\"><img fetchpriority=\"high\" decoding=\"async\" width=\"2560\" height=\"1373\" src=\"https:\/\/www.pelerinages-namurois.be\/wp-content\/uploads\/2021\/04\/slide_lds4-scaled.jpg\" class=\"slider-524 slide-525 msDefaultImage\" alt=\"Consultez notre brochure 2023 !\" rel=\"\" title=\"Consultez notre brochure 2023 !\" srcset=\"https:\/\/www.pelerinages-namurois.be\/wp-content\/uploads\/2021\/04\/slide_lds4-scaled.jpg 2560w, https:\/\/www.pelerinages-namurois.be\/wp-content\/uploads\/2021\/04\/slide_lds4-scaled-600x322.jpg 600w, https:\/\/www.pelerinages-namurois.be\/wp-content\/uploads\/2021\/04\/slide_lds4-300x161.jpg 300w, https:\/\/www.pelerinages-namurois.be\/wp-content\/uploads\/2021\/04\/slide_lds4-768x412.jpg 768w, https:\/\/www.pelerinages-namurois.be\/wp-content\/uploads\/2021\/04\/slide_lds4-1536x824.jpg 1536w, https:\/\/www.pelerinages-namurois.be\/wp-content\/uploads\/2021\/04\/slide_lds4-2048x1099.jpg 2048w\" sizes=\"(max-width: 2560px) 100vw, 2560px\" \/><\/li>\n            <\/ul>\n        <\/div>\n        \n    <\/div>\n<\/div>\n","protected":false},"excerpt":{"rendered":"<p>D\u00e9couvrez ici le livret de l&rsquo;Hospitalit\u00e9 et la charte de protection des mineurs et des personnes vuln\u00e9rables<\/p>\n","protected":false},"author":1,"featured_media":0,"parent":0,"menu_order":0,"comment_status":"closed","ping_status":"closed","template":"","meta":{"footnotes":""},"class_list":["post-10","page","type-page","status-publish","hentry"],"_links":{"self":[{"href":"https:\/\/www.pelerinages-namurois.be\/index.php\/wp-json\/wp\/v2\/pages\/10","targetHints":{"allow":["GET"]}}],"collection":[{"href":"https:\/\/www.pelerinages-namurois.be\/index.php\/wp-json\/wp\/v2\/pages"}],"about":[{"href":"https:\/\/www.pelerinages-namurois.be\/index.php\/wp-json\/wp\/v2\/types\/page"}],"author":[{"embeddable":true,"href":"https:\/\/www.pelerinages-namurois.be\/index.php\/wp-json\/wp\/v2\/users\/1"}],"replies":[{"embeddable":true,"href":"https:\/\/www.pelerinages-namurois.be\/index.php\/wp-json\/wp\/v2\/comments?post=10"}],"version-history":[{"count":210,"href":"https:\/\/www.pelerinages-namurois.be\/index.php\/wp-json\/wp\/v2\/pages\/10\/revisions"}],"predecessor-version":[{"id":2922,"href":"https:\/\/www.pelerinages-namurois.be\/index.php\/wp-json\/wp\/v2\/pages\/10\/revisions\/2922"}],"wp:attachment":[{"href":"https:\/\/www.pelerinages-namurois.be\/index.php\/wp-json\/wp\/v2\/media?parent=10"}],"curies":[{"name":"wp","href":"https:\/\/api.w.org\/{rel}","templated":true}]}}